{"id":7916,"date":"2022-07-11T10:06:55","date_gmt":"2022-07-11T16:06:55","guid":{"rendered":"https:\/\/www.pagosaspringsmedicalcenter.org\/?page_id=7916"},"modified":"2024-01-29T17:47:52","modified_gmt":"2024-01-30T00:47:52","slug":"ceo","status":"publish","type":"page","link":"https:\/\/www.pagosaspringsmedicalcenter.org\/es\/about\/ceo\/","title":{"rendered":"CEO"},"content":{"rendered":"<div data-elementor-type=\"wp-page\" data-elementor-id=\"7916\" class=\"elementor elementor-7916\" data-elementor-post-type=\"page\">\n\t\t\t\t\t\t<section class=\"elementor-section elementor-top-section elementor-element elementor-element-1922d9d elementor-section-boxed elementor-section-height-default elementor-section-height-default\" data-id=\"1922d9d\" data-element_type=\"section\" data-e-type=\"section\">\n\t\t\t\t\t\t<div class=\"elementor-container elementor-column-gap-default\">\n\t\t\t\t\t<div class=\"elementor-column elementor-col-100 elementor-top-column elementor-element elementor-element-5d50de2\" data-id=\"5d50de2\" data-element_type=\"column\" data-e-type=\"column\">\n\t\t\t<div class=\"elementor-widget-wrap elementor-element-populated\">\n\t\t\t\t\t\t<div class=\"elementor-element elementor-element-29f8985 elementor-widget elementor-widget-spacer\" data-id=\"29f8985\" data-element_type=\"widget\" data-e-type=\"widget\" data-widget_type=\"spacer.default\">\n\t\t\t\t<div class=\"elementor-widget-container\">\n\t\t\t\t\t\t\t<div class=\"elementor-spacer\">\n\t\t\t<div class=\"elementor-spacer-inner\"><\/div>\n\t\t<\/div>\n\t\t\t\t\t\t<\/div>\n\t\t\t\t<\/div>\n\t\t\t\t\t<\/div>\n\t\t<\/div>\n\t\t\t\t\t<\/div>\n\t\t<\/section>\n\t\t\t\t<section class=\"elementor-section elementor-top-section elementor-element elementor-element-beb6861 elementor-section-boxed elementor-section-height-default elementor-section-height-default\" data-id=\"beb6861\" data-element_type=\"section\" data-e-type=\"section\">\n\t\t\t\t\t\t<div class=\"elementor-container elementor-column-gap-default\">\n\t\t\t\t\t<div class=\"elementor-column elementor-col-50 elementor-top-column elementor-element elementor-element-e87f83d\" data-id=\"e87f83d\" data-element_type=\"column\" data-e-type=\"column\">\n\t\t\t<div class=\"elementor-widget-wrap elementor-element-populated\">\n\t\t\t\t\t\t<div class=\"elementor-element elementor-element-c4d6e32 eael-team-align-centered animated-slow elementor-widget__width-initial elementor-invisible elementor-widget elementor-widget-eael-team-member\" data-id=\"c4d6e32\" data-element_type=\"widget\" data-e-type=\"widget\" data-settings=\"{&quot;_animation&quot;:&quot;fadeInRight&quot;}\" data-widget_type=\"eael-team-member.default\">\n\t\t\t\t<div class=\"elementor-widget-container\">\n\t\t\t\t\t\n\n\t<div id=\"eael-team-member-c4d6e32\" class=\"eael-team-item eael-team-members-simple\">\n\t\t<div class=\"eael-team-item-inner\">\n\t\t\t<div class=\"eael-team-image\">\n\t\t\t\t<figure>\n\t\t\t\t\t\t\t\t\t\t<img decoding=\"async\" src=\"data:image\/gif;base64,R0lGODlhAQABAAAAACH5BAEKAAEALAAAAAABAAEAAAICTAEAOw==\" alt=\"\" class=\"lazyload\" data-src=\"https:\/\/www.pagosaspringsmedicalcenter.org\/wp-content\/uploads\/2024\/01\/Rhonda-Webb-2024-e1706575565712.png\">\n\t\t\t\t\t\t\t\t\t<\/figure>\n\t\t\t\t\n\t\t\t\t\n\t\t\t<\/div>\n\n\t\t\t<div class=\"eael-team-content\">\n\t\t\t\t<h2 class=\"eael-team-member-name\"> Rhonda P. Webb, MD<\/h2><h3 class=\"eael-team-member-position\">CEO\/CMO de PSMC<\/h3>\n\t\t\t\t\t\t\t\t\t\t\t\t\t\t<p class=\"eael-team-text\"><\/p>\n\t\t\t\t\t\t\t<\/div>\n\t\t<\/div>\n\t<\/div>\n\t\t\t\t\t<\/div>\n\t\t\t\t<\/div>\n\t\t\t\t\t<\/div>\n\t\t<\/div>\n\t\t\t\t<div class=\"elementor-column elementor-col-50 elementor-top-column elementor-element elementor-element-6ac27e8\" data-id=\"6ac27e8\" data-element_type=\"column\" data-e-type=\"column\" data-settings=\"{&quot;background_background&quot;:&quot;gradient&quot;}\">\n\t\t\t<div class=\"elementor-widget-wrap elementor-element-populated\">\n\t\t\t\t\t\t<div class=\"elementor-element elementor-element-e3579ac elementor-widget elementor-widget-rt-paragraph-title\" data-id=\"e3579ac\" data-element_type=\"widget\" data-e-type=\"widget\" data-widget_type=\"rt-paragraph-title.default\">\n\t\t\t\t<div class=\"elementor-widget-container\">\n\t\t\t\t\t\r\n<div class=\"rt-el-paragraph-title\">\r\n    <h2 class=\"rtin-title\">Bienvenido al Centro M\u00e9dico Pagosa Springs<\/h2>\r\n\t\t\t<div class=\"sub-title\">Mensaje del CEO\/CMO,<\/div>\r\n\t \r\n            <p class=\"rtin-paragraph\">En nombre de todos en Pagosa Springs Medical Center, quiero darles la bienvenida. Todo nuestro personal est\u00e1 dedicado a brindar atenci\u00f3n segura, de alta calidad y centrada en el paciente. Gracias por confiarnos su atenci\u00f3n m\u00e9dica. Si tiene comentarios o inquietudes que cree que deben compartirse, comun\u00edquese conmigo.\n<p>Gracias,\n<p>Rhonda P. Webb, MD\n<br \/>_________________\n<p>Rhonda P. Webb, MD, se desempe\u00f1a como directora ejecutiva y directora m\u00e9dica de Pagosa Springs Medical Center (PSMC). En sus roles de liderazgo anteriores, la Dra. Webb se desempe\u00f1\u00f3 como Directora M\u00e9dica de Seguridad y Calidad del Paciente para el Sistema de Salud Willis-Knighton en el noroeste de Luisiana, donde se centr\u00f3 en mejorar la calidad de la atenci\u00f3n al paciente y como enlace clave entre administradores y m\u00e9dicos. El Dr. Webb tambi\u00e9n ejerci\u00f3 como nefr\u00f3logo durante dos d\u00e9cadas. El enfoque y el compromiso del Dr. Webb es brindar atenci\u00f3n compasiva y de calidad para todos.<\/p>            \r\n     \r\n<\/div>\t\t\t\t<\/div>\n\t\t\t\t<\/div>\n\t\t\t\t\t<\/div>\n\t\t<\/div>\n\t\t\t\t\t<\/div>\n\t\t<\/section>\n\t\t\t\t<section class=\"elementor-section elementor-top-section elementor-element elementor-element-1d31952 elementor-section-boxed elementor-section-height-default elementor-section-height-default\" data-id=\"1d31952\" data-element_type=\"section\" data-e-type=\"section\">\n\t\t\t\t\t\t<div class=\"elementor-container elementor-column-gap-default\">\n\t\t\t\t\t\t<\/div>\n\t\t<\/section>\n\t\t\t\t<\/div>","protected":false},"excerpt":{"rendered":"<p>Rhonda P. Webb, MD Directora ejecutiva y directora de marketing de PSMC Bienvenido a Pagosa Springs Medical Center Mensaje de la directora ejecutiva y directora de marketing: En nombre de todos en Pagosa Springs Medical Center, quiero darle la bienvenida. Todo nuestro personal est\u00e1 dedicado a brindar atenci\u00f3n segura, de alta calidad y centrada en el paciente. Gracias por confiarnos su atenci\u00f3n m\u00e9dica. Si tiene comentarios\u2026<\/p>","protected":false},"author":8,"featured_media":0,"parent":8,"menu_order":47,"comment_status":"closed","ping_status":"closed","template":"","meta":{"footnotes":""},"class_list":["post-7916","page","type-page","status-publish","hentry"],"yoast_head":"<!-- This site is optimized with the Yoast SEO plugin v27.4 - https:\/\/yoast.com\/product\/yoast-seo-wordpress\/ -->\n<title>CEO - Pagosa Springs Medical Center<\/title>\n<meta name=\"robots\" content=\"index, follow, max-snippet:-1, max-image-preview:large, max-video-preview:-1\" \/>\n<link rel=\"canonical\" href=\"https:\/\/www.pagosaspringsmedicalcenter.org\/es\/about\/ceo\/\" \/>\n<meta property=\"og:locale\" content=\"es_MX\" \/>\n<meta property=\"og:type\" content=\"article\" \/>\n<meta property=\"og:title\" content=\"CEO - Pagosa Springs Medical Center\" \/>\n<meta property=\"og:description\" content=\"Rhonda P. Webb, MD PSMC&#8217;s CEO\/CMO Welcome to Pagosa Springs Medical Center Message from the CEO\/CMO, On behalf of everyone at Pagosa Springs Medical Center, I want to welcome you. Our entire staff is dedicated to providing safe, high quality, patient-centered care. Thank you for entrusting us with your medical care. If you have comments...\" \/>\n<meta property=\"og:url\" content=\"https:\/\/www.pagosaspringsmedicalcenter.org\/es\/about\/ceo\/\" \/>\n<meta property=\"og:site_name\" content=\"Pagosa Springs Medical Center\" \/>\n<meta property=\"article:publisher\" content=\"https:\/\/www.facebook.com\/psmedicalcenter\" \/>\n<meta property=\"article:modified_time\" content=\"2024-01-30T00:47:52+00:00\" \/>\n<meta property=\"og:image\" content=\"https:\/\/www.pagosaspringsmedicalcenter.org\/wp-content\/uploads\/2024\/01\/Rhonda-Webb-2024-e1706575565712.png\" \/>\n<script type=\"application\/ld+json\" class=\"yoast-schema-graph\">{\"@context\":\"https:\\\/\\\/schema.org\",\"@graph\":[{\"@type\":\"WebPage\",\"@id\":\"https:\\\/\\\/www.pagosaspringsmedicalcenter.org\\\/about\\\/ceo\\\/\",\"url\":\"https:\\\/\\\/www.pagosaspringsmedicalcenter.org\\\/about\\\/ceo\\\/\",\"name\":\"CEO - Pagosa Springs Medical Center\",\"isPartOf\":{\"@id\":\"https:\\\/\\\/www.pagosaspringsmedicalcenter.org\\\/#website\"},\"primaryImageOfPage\":{\"@id\":\"https:\\\/\\\/www.pagosaspringsmedicalcenter.org\\\/about\\\/ceo\\\/#primaryimage\"},\"image\":{\"@id\":\"https:\\\/\\\/www.pagosaspringsmedicalcenter.org\\\/about\\\/ceo\\\/#primaryimage\"},\"thumbnailUrl\":\"https:\\\/\\\/www.pagosaspringsmedicalcenter.org\\\/wp-content\\\/uploads\\\/2024\\\/01\\\/Rhonda-Webb-2024-e1706575565712.png\",\"datePublished\":\"2022-07-11T16:06:55+00:00\",\"dateModified\":\"2024-01-30T00:47:52+00:00\",\"breadcrumb\":{\"@id\":\"https:\\\/\\\/www.pagosaspringsmedicalcenter.org\\\/about\\\/ceo\\\/#breadcrumb\"},\"inLanguage\":\"es\",\"potentialAction\":[{\"@type\":\"ReadAction\",\"target\":[\"https:\\\/\\\/www.pagosaspringsmedicalcenter.org\\\/about\\\/ceo\\\/\"]}]},{\"@type\":\"ImageObject\",\"inLanguage\":\"es\",\"@id\":\"https:\\\/\\\/www.pagosaspringsmedicalcenter.org\\\/about\\\/ceo\\\/#primaryimage\",\"url\":\"https:\\\/\\\/www.pagosaspringsmedicalcenter.org\\\/wp-content\\\/uploads\\\/2024\\\/01\\\/Rhonda-Webb-2024-e1706575565712.png\",\"contentUrl\":\"https:\\\/\\\/www.pagosaspringsmedicalcenter.org\\\/wp-content\\\/uploads\\\/2024\\\/01\\\/Rhonda-Webb-2024-e1706575565712.png\"},{\"@type\":\"BreadcrumbList\",\"@id\":\"https:\\\/\\\/www.pagosaspringsmedicalcenter.org\\\/about\\\/ceo\\\/#breadcrumb\",\"itemListElement\":[{\"@type\":\"ListItem\",\"position\":1,\"name\":\"Home\",\"item\":\"https:\\\/\\\/www.pagosaspringsmedicalcenter.org\\\/\"},{\"@type\":\"ListItem\",\"position\":2,\"name\":\"About\",\"item\":\"https:\\\/\\\/www.pagosaspringsmedicalcenter.org\\\/about\\\/\"},{\"@type\":\"ListItem\",\"position\":3,\"name\":\"CEO\"}]},{\"@type\":\"WebSite\",\"@id\":\"https:\\\/\\\/www.pagosaspringsmedicalcenter.org\\\/#website\",\"url\":\"https:\\\/\\\/www.pagosaspringsmedicalcenter.org\\\/\",\"name\":\"Pagosa Springs Medical Center\",\"description\":\"The care you deserve, in the mountains you love.\",\"publisher\":{\"@id\":\"https:\\\/\\\/www.pagosaspringsmedicalcenter.org\\\/#organization\"},\"potentialAction\":[{\"@type\":\"SearchAction\",\"target\":{\"@type\":\"EntryPoint\",\"urlTemplate\":\"https:\\\/\\\/www.pagosaspringsmedicalcenter.org\\\/?s={search_term_string}\"},\"query-input\":{\"@type\":\"PropertyValueSpecification\",\"valueRequired\":true,\"valueName\":\"search_term_string\"}}],\"inLanguage\":\"es\"},{\"@type\":\"Organization\",\"@id\":\"https:\\\/\\\/www.pagosaspringsmedicalcenter.org\\\/#organization\",\"name\":\"Pagosa Springs Medical Center\",\"url\":\"https:\\\/\\\/www.pagosaspringsmedicalcenter.org\\\/\",\"logo\":{\"@type\":\"ImageObject\",\"inLanguage\":\"es\",\"@id\":\"https:\\\/\\\/www.pagosaspringsmedicalcenter.org\\\/#\\\/schema\\\/logo\\\/image\\\/\",\"url\":\"https:\\\/\\\/www.pagosaspringsmedicalcenter.org\\\/wp-content\\\/uploads\\\/2023\\\/02\\\/New-Logo-2019-Green-and-Blue-PNG.png\",\"contentUrl\":\"https:\\\/\\\/www.pagosaspringsmedicalcenter.org\\\/wp-content\\\/uploads\\\/2023\\\/02\\\/New-Logo-2019-Green-and-Blue-PNG.png\",\"width\":2171,\"height\":814,\"caption\":\"Pagosa Springs Medical Center\"},\"image\":{\"@id\":\"https:\\\/\\\/www.pagosaspringsmedicalcenter.org\\\/#\\\/schema\\\/logo\\\/image\\\/\"},\"sameAs\":[\"https:\\\/\\\/www.facebook.com\\\/psmedicalcenter\"]}]}<\/script>\n<!-- \/ Yoast SEO plugin. -->","yoast_head_json":{"title":"Director ejecutivo del Centro M\u00e9dico Pagosa Springs","robots":{"index":"index","follow":"follow","max-snippet":"max-snippet:-1","max-image-preview":"max-image-preview:large","max-video-preview":"max-video-preview:-1"},"canonical":"https:\/\/www.pagosaspringsmedicalcenter.org\/es\/about\/ceo\/","og_locale":"es_MX","og_type":"article","og_title":"CEO - Pagosa Springs Medical Center","og_description":"Rhonda P. Webb, MD PSMC&#8217;s CEO\/CMO Welcome to Pagosa Springs Medical Center Message from the CEO\/CMO, On behalf of everyone at Pagosa Springs Medical Center, I want to welcome you. Our entire staff is dedicated to providing safe, high quality, patient-centered care. Thank you for entrusting us with your medical care. If you have comments...","og_url":"https:\/\/www.pagosaspringsmedicalcenter.org\/es\/about\/ceo\/","og_site_name":"Pagosa Springs Medical Center","article_publisher":"https:\/\/www.facebook.com\/psmedicalcenter","article_modified_time":"2024-01-30T00:47:52+00:00","og_image":[{"url":"https:\/\/www.pagosaspringsmedicalcenter.org\/wp-content\/uploads\/2024\/01\/Rhonda-Webb-2024-e1706575565712.png","type":"","width":"","height":""}],"schema":{"@context":"https:\/\/schema.org","@graph":[{"@type":"WebPage","@id":"https:\/\/www.pagosaspringsmedicalcenter.org\/about\/ceo\/","url":"https:\/\/www.pagosaspringsmedicalcenter.org\/about\/ceo\/","name":"Director ejecutivo del Centro M\u00e9dico Pagosa Springs","isPartOf":{"@id":"https:\/\/www.pagosaspringsmedicalcenter.org\/#website"},"primaryImageOfPage":{"@id":"https:\/\/www.pagosaspringsmedicalcenter.org\/about\/ceo\/#primaryimage"},"image":{"@id":"https:\/\/www.pagosaspringsmedicalcenter.org\/about\/ceo\/#primaryimage"},"thumbnailUrl":"https:\/\/www.pagosaspringsmedicalcenter.org\/wp-content\/uploads\/2024\/01\/Rhonda-Webb-2024-e1706575565712.png","datePublished":"2022-07-11T16:06:55+00:00","dateModified":"2024-01-30T00:47:52+00:00","breadcrumb":{"@id":"https:\/\/www.pagosaspringsmedicalcenter.org\/about\/ceo\/#breadcrumb"},"inLanguage":"es","potentialAction":[{"@type":"ReadAction","target":["https:\/\/www.pagosaspringsmedicalcenter.org\/about\/ceo\/"]}]},{"@type":"ImageObject","inLanguage":"es","@id":"https:\/\/www.pagosaspringsmedicalcenter.org\/about\/ceo\/#primaryimage","url":"https:\/\/www.pagosaspringsmedicalcenter.org\/wp-content\/uploads\/2024\/01\/Rhonda-Webb-2024-e1706575565712.png","contentUrl":"https:\/\/www.pagosaspringsmedicalcenter.org\/wp-content\/uploads\/2024\/01\/Rhonda-Webb-2024-e1706575565712.png"},{"@type":"BreadcrumbList","@id":"https:\/\/www.pagosaspringsmedicalcenter.org\/about\/ceo\/#breadcrumb","itemListElement":[{"@type":"ListItem","position":1,"name":"Home","item":"https:\/\/www.pagosaspringsmedicalcenter.org\/"},{"@type":"ListItem","position":2,"name":"About","item":"https:\/\/www.pagosaspringsmedicalcenter.org\/about\/"},{"@type":"ListItem","position":3,"name":"CEO"}]},{"@type":"WebSite","@id":"https:\/\/www.pagosaspringsmedicalcenter.org\/#website","url":"https:\/\/www.pagosaspringsmedicalcenter.org\/","name":"Centro M\u00e9dico Pagosa Springs","description":"El cuidado que te mereces, en las monta\u00f1as que amas.","publisher":{"@id":"https:\/\/www.pagosaspringsmedicalcenter.org\/#organization"},"potentialAction":[{"@type":"SearchAction","target":{"@type":"EntryPoint","urlTemplate":"https:\/\/www.pagosaspringsmedicalcenter.org\/?s={search_term_string}"},"query-input":{"@type":"PropertyValueSpecification","valueRequired":true,"valueName":"search_term_string"}}],"inLanguage":"es"},{"@type":"Organization","@id":"https:\/\/www.pagosaspringsmedicalcenter.org\/#organization","name":"Centro M\u00e9dico Pagosa Springs","url":"https:\/\/www.pagosaspringsmedicalcenter.org\/","logo":{"@type":"ImageObject","inLanguage":"es","@id":"https:\/\/www.pagosaspringsmedicalcenter.org\/#\/schema\/logo\/image\/","url":"https:\/\/www.pagosaspringsmedicalcenter.org\/wp-content\/uploads\/2023\/02\/New-Logo-2019-Green-and-Blue-PNG.png","contentUrl":"https:\/\/www.pagosaspringsmedicalcenter.org\/wp-content\/uploads\/2023\/02\/New-Logo-2019-Green-and-Blue-PNG.png","width":2171,"height":814,"caption":"Pagosa Springs Medical Center"},"image":{"@id":"https:\/\/www.pagosaspringsmedicalcenter.org\/#\/schema\/logo\/image\/"},"sameAs":["https:\/\/www.facebook.com\/psmedicalcenter"]}]}},"_links":{"self":[{"href":"https:\/\/www.pagosaspringsmedicalcenter.org\/es\/wp-json\/wp\/v2\/pages\/7916","targetHints":{"allow":["GET"]}}],"collection":[{"href":"https:\/\/www.pagosaspringsmedicalcenter.org\/es\/wp-json\/wp\/v2\/pages"}],"about":[{"href":"https:\/\/www.pagosaspringsmedicalcenter.org\/es\/wp-json\/wp\/v2\/types\/page"}],"author":[{"embeddable":true,"href":"https:\/\/www.pagosaspringsmedicalcenter.org\/es\/wp-json\/wp\/v2\/users\/8"}],"replies":[{"embeddable":true,"href":"https:\/\/www.pagosaspringsmedicalcenter.org\/es\/wp-json\/wp\/v2\/comments?post=7916"}],"version-history":[{"count":15,"href":"https:\/\/www.pagosaspringsmedicalcenter.org\/es\/wp-json\/wp\/v2\/pages\/7916\/revisions"}],"predecessor-version":[{"id":12804,"href":"https:\/\/www.pagosaspringsmedicalcenter.org\/es\/wp-json\/wp\/v2\/pages\/7916\/revisions\/12804"}],"up":[{"embeddable":true,"href":"https:\/\/www.pagosaspringsmedicalcenter.org\/es\/wp-json\/wp\/v2\/pages\/8"}],"wp:attachment":[{"href":"https:\/\/www.pagosaspringsmedicalcenter.org\/es\/wp-json\/wp\/v2\/media?parent=7916"}],"curies":[{"name":"gracias","href":"https:\/\/api.w.org\/{rel}","templated":true}]}}