{"id":7907,"date":"2022-07-11T09:44:04","date_gmt":"2022-07-11T15:44:04","guid":{"rendered":"https:\/\/www.pagosaspringsmedicalcenter.org\/?page_id=7907"},"modified":"2025-05-13T10:31:39","modified_gmt":"2025-05-13T16:31:39","slug":"history","status":"publish","type":"page","link":"https:\/\/www.pagosaspringsmedicalcenter.org\/es\/about\/history\/","title":{"rendered":"Historia"},"content":{"rendered":"<div data-elementor-type=\"wp-post\" data-elementor-id=\"7907\" class=\"elementor elementor-7907\" data-elementor-post-type=\"page\">\n\t\t\t\t\t\t<section class=\"elementor-section elementor-top-section elementor-element elementor-element-2ae041d9 elementor-section-full_width elementor-section-height-default elementor-section-height-default\" data-id=\"2ae041d9\" data-element_type=\"section\" data-e-type=\"section\">\n\t\t\t\t\t\t<div class=\"elementor-container elementor-column-gap-default\">\n\t\t\t\t\t<div class=\"elementor-column elementor-col-100 elementor-top-column elementor-element elementor-element-66a89da8\" data-id=\"66a89da8\" data-element_type=\"column\" data-e-type=\"column\">\n\t\t\t<div class=\"elementor-widget-wrap elementor-element-populated\">\n\t\t\t\t\t\t<div class=\"elementor-element elementor-element-1073c37 elementor-widget elementor-widget-spacer\" data-id=\"1073c37\" data-element_type=\"widget\" data-e-type=\"widget\" data-widget_type=\"spacer.default\">\n\t\t\t\t<div class=\"elementor-widget-container\">\n\t\t\t\t\t\t\t<div class=\"elementor-spacer\">\n\t\t\t<div class=\"elementor-spacer-inner\"><\/div>\n\t\t<\/div>\n\t\t\t\t\t\t<\/div>\n\t\t\t\t<\/div>\n\t\t\t\t<div class=\"elementor-element elementor-element-5119b87d animated-slow elementor-invisible elementor-widget elementor-widget-heading\" data-id=\"5119b87d\" data-element_type=\"widget\" data-e-type=\"widget\" data-settings=\"{&quot;_animation&quot;:&quot;fadeInLeft&quot;}\" data-widget_type=\"heading.default\">\n\t\t\t\t<div class=\"elementor-widget-container\">\n\t\t\t\t\t<h1 class=\"elementor-heading-title elementor-size-default\">HISTORIA DEL PSMC<\/h1>\t\t\t\t<\/div>\n\t\t\t\t<\/div>\n\t\t\t\t<div class=\"elementor-element elementor-element-6b20b2c animated-slow elementor-widget-divider--view-line elementor-invisible elementor-widget elementor-widget-divider\" data-id=\"6b20b2c\" data-element_type=\"widget\" data-e-type=\"widget\" data-settings=\"{&quot;_animation&quot;:&quot;fadeInLeft&quot;}\" data-widget_type=\"divider.default\">\n\t\t\t\t<div class=\"elementor-widget-container\">\n\t\t\t\t\t\t\t<div class=\"elementor-divider\">\n\t\t\t<span class=\"elementor-divider-separator\">\n\t\t\t\t\t\t<\/span>\n\t\t<\/div>\n\t\t\t\t\t\t<\/div>\n\t\t\t\t<\/div>\n\t\t\t\t\t<\/div>\n\t\t<\/div>\n\t\t\t\t\t<\/div>\n\t\t<\/section>\n\t\t\t\t<section class=\"elementor-section elementor-top-section elementor-element elementor-element-bf3250a elementor-section-boxed elementor-section-height-default elementor-section-height-default\" data-id=\"bf3250a\" data-element_type=\"section\" data-e-type=\"section\">\n\t\t\t\t\t\t<div class=\"elementor-container elementor-column-gap-default\">\n\t\t\t\t\t<div class=\"elementor-column elementor-col-100 elementor-top-column elementor-element elementor-element-3f1cd99\" data-id=\"3f1cd99\" data-element_type=\"column\" data-e-type=\"column\">\n\t\t\t<div class=\"elementor-widget-wrap elementor-element-populated\">\n\t\t\t\t\t\t<section class=\"elementor-section elementor-inner-section elementor-element elementor-element-e83fce2 elementor-section-boxed elementor-section-height-default elementor-section-height-default\" data-id=\"e83fce2\" data-element_type=\"section\" data-e-type=\"section\">\n\t\t\t\t\t\t<div class=\"elementor-container elementor-column-gap-default\">\n\t\t\t\t\t<div class=\"elementor-column elementor-col-100 elementor-inner-column elementor-element elementor-element-8fcfc46\" data-id=\"8fcfc46\" data-element_type=\"column\" data-e-type=\"column\">\n\t\t\t<div class=\"elementor-widget-wrap elementor-element-populated\">\n\t\t\t\t\t\t<div class=\"elementor-element elementor-element-84029cd elementor-widget elementor-widget-heading\" data-id=\"84029cd\" data-element_type=\"widget\" data-e-type=\"widget\" data-widget_type=\"heading.default\">\n\t\t\t\t<div class=\"elementor-widget-container\">\n\t\t\t\t\t<h2 class=\"elementor-heading-title elementor-size-default\">Historia del PSMC<\/h2>\t\t\t\t<\/div>\n\t\t\t\t<\/div>\n\t\t\t\t<div class=\"elementor-element elementor-element-1bbfec0 elementor-drop-cap-yes elementor-drop-cap-view-default elementor-widget elementor-widget-text-editor\" data-id=\"1bbfec0\" data-element_type=\"widget\" data-e-type=\"widget\" data-settings=\"{&quot;drop_cap&quot;:&quot;yes&quot;}\" data-widget_type=\"text-editor.default\">\n\t\t\t\t<div class=\"elementor-widget-container\">\n\t\t\t\t\t\t\t\t\t<p>Los servicios y las instalaciones de Pagosa Springs Medical Center son el resultado de d\u00e9cadas de voluntariado local, donaciones generosas y dedicaci\u00f3n al cuidado de la salud de la comunidad. Hasta la apertura de PSMC, el hospital m\u00e1s cercano estaba en Durango, a una distancia de 60 millas.<\/p><p>PSMC se form\u00f3 originalmente en 1981 para garantizar los servicios de atenci\u00f3n m\u00e9dica y de ambulancia al condado de Archuleta y las partes de los condados de Hinsdale y Mineral al sur de Continental Divide. PSMC (bajo su nombre legal, Upper San Juan Health Service District) comenz\u00f3 a brindar servicios de ambulancia y EMS a fines de la d\u00e9cada de 1980. Es un error com\u00fan pensar que Pagosa Fire brinda servicio de ambulancia, pero PSMC es, y siempre ha sido, el \u00fanico proveedor de servicios de ambulancia en el condado de Archuleta. El hospital se construy\u00f3 en 2007 y comenz\u00f3 a operar en 2008. Como se indica en el cuadro de hitos, PSMC ha ampliado continuamente sus servicios para satisfacer las necesidades de la comunidad a la que sirve.<\/p>\t\t\t\t\t\t\t\t<\/div>\n\t\t\t\t<\/div>\n\t\t\t\t\t<\/div>\n\t\t<\/div>\n\t\t\t\t\t<\/div>\n\t\t<\/section>\n\t\t\t\t<div class=\"elementor-element elementor-element-ba9fb9f elementor-widget-divider--view-line elementor-widget elementor-widget-divider\" data-id=\"ba9fb9f\" data-element_type=\"widget\" data-e-type=\"widget\" data-widget_type=\"divider.default\">\n\t\t\t\t<div class=\"elementor-widget-container\">\n\t\t\t\t\t\t\t<div class=\"elementor-divider\">\n\t\t\t<span class=\"elementor-divider-separator\">\n\t\t\t\t\t\t<\/span>\n\t\t<\/div>\n\t\t\t\t\t\t<\/div>\n\t\t\t\t<\/div>\n\t\t\t\t\t<\/div>\n\t\t<\/div>\n\t\t\t\t\t<\/div>\n\t\t<\/section>\n\t\t\t\t<section class=\"elementor-section elementor-top-section elementor-element elementor-element-d9ae5f6 elementor-section-boxed elementor-section-height-default elementor-section-height-default\" data-id=\"d9ae5f6\" data-element_type=\"section\" data-e-type=\"section\">\n\t\t\t\t\t\t<div class=\"elementor-container elementor-column-gap-default\">\n\t\t\t\t\t<div class=\"elementor-column elementor-col-50 elementor-top-column elementor-element elementor-element-b1bf519\" data-id=\"b1bf519\" data-element_type=\"column\" data-e-type=\"column\">\n\t\t\t<div class=\"elementor-widget-wrap elementor-element-populated\">\n\t\t\t\t\t\t<div class=\"elementor-element elementor-element-3475de1 elementor-widget elementor-widget-image\" data-id=\"3475de1\" data-element_type=\"widget\" data-e-type=\"widget\" data-widget_type=\"image.default\">\n\t\t\t\t<div class=\"elementor-widget-container\">\n\t\t\t\t\t\t\t\t\t\t\t\t\t\t\t\t<a href=\"https:\/\/www.pagosaspringsmedicalcenter.org\/wp-content\/uploads\/2025\/05\/Timeline-5-25-2-scaled.jpg\" data-elementor-open-lightbox=\"yes\" data-e-action-hash=\"#elementor-action%3Aaction%3Dlightbox%26settings%3DeyJpZCI6MTQ0NTksInVybCI6Imh0dHBzOlwvXC93d3cucGFnb3Nhc3ByaW5nc21lZGljYWxjZW50ZXIub3JnXC93cC1jb250ZW50XC91cGxvYWRzXC8yMDI1XC8wNVwvVGltZWxpbmUtNS0yNS0yLXNjYWxlZC5qcGcifQ%3D%3D\">\n\t\t\t\t\t\t\t<img fetchpriority=\"high\" decoding=\"async\" width=\"792\" height=\"1024\" src=\"data:image\/gif;base64,R0lGODlhAQABAAAAACH5BAEKAAEALAAAAAABAAEAAAICTAEAOw==\" class=\"attachment-large size-large wp-image-14459 lazyload\" alt=\"\" sizes=\"(max-width: 792px) 100vw, 792px\" data-src=\"https:\/\/www.pagosaspringsmedicalcenter.org\/wp-content\/uploads\/2025\/05\/Timeline-5-25-2-792x1024.jpg\" data-srcset=\"https:\/\/www.pagosaspringsmedicalcenter.org\/wp-content\/uploads\/2025\/05\/Timeline-5-25-2-792x1024.jpg 792w, https:\/\/www.pagosaspringsmedicalcenter.org\/wp-content\/uploads\/2025\/05\/Timeline-5-25-2-232x300.jpg 232w, https:\/\/www.pagosaspringsmedicalcenter.org\/wp-content\/uploads\/2025\/05\/Timeline-5-25-2-768x993.jpg 768w, https:\/\/www.pagosaspringsmedicalcenter.org\/wp-content\/uploads\/2025\/05\/Timeline-5-25-2-1188x1536.jpg 1188w, https:\/\/www.pagosaspringsmedicalcenter.org\/wp-content\/uploads\/2025\/05\/Timeline-5-25-2-1584x2048.jpg 1584w, https:\/\/www.pagosaspringsmedicalcenter.org\/wp-content\/uploads\/2025\/05\/Timeline-5-25-2-9x12.jpg 9w, https:\/\/www.pagosaspringsmedicalcenter.org\/wp-content\/uploads\/2025\/05\/Timeline-5-25-2-scaled.jpg 1979w\">\t\t\t\t\t\t\t\t<\/a>\n\t\t\t\t\t\t\t\t\t\t\t\t\t\t\t<\/div>\n\t\t\t\t<\/div>\n\t\t\t\t\t<\/div>\n\t\t<\/div>\n\t\t\t\t<div class=\"elementor-column elementor-col-50 elementor-top-column elementor-element elementor-element-a555680\" data-id=\"a555680\" data-element_type=\"column\" data-e-type=\"column\">\n\t\t\t<div class=\"elementor-widget-wrap elementor-element-populated\">\n\t\t\t\t\t\t<div class=\"elementor-element elementor-element-abe3779 elementor-widget elementor-widget-gallery\" data-id=\"abe3779\" data-element_type=\"widget\" data-e-type=\"widget\" data-settings=\"{&quot;columns&quot;:1,&quot;lazyload&quot;:&quot;yes&quot;,&quot;gallery_layout&quot;:&quot;grid&quot;,&quot;columns_tablet&quot;:2,&quot;columns_mobile&quot;:1,&quot;gap&quot;:{&quot;unit&quot;:&quot;px&quot;,&quot;size&quot;:10,&quot;sizes&quot;:[]},&quot;gap_tablet&quot;:{&quot;unit&quot;:&quot;px&quot;,&quot;size&quot;:10,&quot;sizes&quot;:[]},&quot;gap_mobile&quot;:{&quot;unit&quot;:&quot;px&quot;,&quot;size&quot;:10,&quot;sizes&quot;:[]},&quot;link_to&quot;:&quot;file&quot;,&quot;aspect_ratio&quot;:&quot;3:2&quot;,&quot;overlay_background&quot;:&quot;yes&quot;,&quot;content_hover_animation&quot;:&quot;fade-in&quot;}\" data-widget_type=\"gallery.default\">\n\t\t\t\t<div class=\"elementor-widget-container\">\n\t\t\t\t\t\t\t<div class=\"elementor-gallery__container\">\n\t\t\t\t\t\t\t<a class=\"e-gallery-item elementor-gallery-item elementor-animated-content\" href=\"https:\/\/www.pagosaspringsmedicalcenter.org\/wp-content\/uploads\/2022\/09\/MRI-small.jpg\" data-elementor-open-lightbox=\"yes\" data-elementor-lightbox-slideshow=\"abe3779\" data-elementor-lightbox-title=\"MRI small\" data-e-action-hash=\"#elementor-action%3Aaction%3Dlightbox%26settings%3DeyJpZCI6MTAwMTgsInVybCI6Imh0dHBzOlwvXC93d3cucGFnb3Nhc3ByaW5nc21lZGljYWxjZW50ZXIub3JnXC93cC1jb250ZW50XC91cGxvYWRzXC8yMDIyXC8wOVwvTVJJLXNtYWxsLmpwZyIsInNsaWRlc2hvdyI6ImFiZTM3NzkifQ%3D%3D\">\n\t\t\t\t\t<div class=\"e-gallery-image elementor-gallery-item__image\" data-thumbnail=\"https:\/\/www.pagosaspringsmedicalcenter.org\/wp-content\/uploads\/2022\/09\/MRI-small-300x200.jpg\" data-width=\"300\" data-height=\"200\" aria-label=\"\" role=\"img\" ><\/div>\n\t\t\t\t\t\t\t\t\t\t\t<div class=\"elementor-gallery-item__overlay\"><\/div>\n\t\t\t\t\t\t\t\t\t\t\t\t\t\t<\/a>\n\t\t\t\t\t\t\t<a class=\"e-gallery-item elementor-gallery-item elementor-animated-content\" href=\"https:\/\/www.pagosaspringsmedicalcenter.org\/wp-content\/uploads\/2022\/09\/DSC_9557.jpeg\" data-elementor-open-lightbox=\"yes\" data-elementor-lightbox-slideshow=\"abe3779\" data-elementor-lightbox-title=\"DSC_9557\" data-e-action-hash=\"#elementor-action%3Aaction%3Dlightbox%26settings%3DeyJpZCI6MTAwMTksInVybCI6Imh0dHBzOlwvXC93d3cucGFnb3Nhc3ByaW5nc21lZGljYWxjZW50ZXIub3JnXC93cC1jb250ZW50XC91cGxvYWRzXC8yMDIyXC8wOVwvRFNDXzk1NTcuanBlZyIsInNsaWRlc2hvdyI6ImFiZTM3NzkifQ%3D%3D\">\n\t\t\t\t\t<div class=\"e-gallery-image elementor-gallery-item__image\" data-thumbnail=\"https:\/\/www.pagosaspringsmedicalcenter.org\/wp-content\/uploads\/2022\/09\/DSC_9557-300x200.jpeg\" data-width=\"300\" data-height=\"200\" aria-label=\"\" role=\"img\" ><\/div>\n\t\t\t\t\t\t\t\t\t\t\t<div class=\"elementor-gallery-item__overlay\"><\/div>\n\t\t\t\t\t\t\t\t\t\t\t\t\t\t<\/a>\n\t\t\t\t\t\t\t<a class=\"e-gallery-item elementor-gallery-item elementor-animated-content\" href=\"https:\/\/www.pagosaspringsmedicalcenter.org\/wp-content\/uploads\/2022\/07\/vintage_clinic-scaled.jpg\" data-elementor-open-lightbox=\"yes\" data-elementor-lightbox-slideshow=\"abe3779\" data-elementor-lightbox-title=\"vintage_clinic\" data-e-action-hash=\"#elementor-action%3Aaction%3Dlightbox%26settings%3DeyJpZCI6ODA1OCwidXJsIjoiaHR0cHM6XC9cL3d3dy5wYWdvc2FzcHJpbmdzbWVkaWNhbGNlbnRlci5vcmdcL3dwLWNvbnRlbnRcL3VwbG9hZHNcLzIwMjJcLzA3XC92aW50YWdlX2NsaW5pYy1zY2FsZWQuanBnIiwic2xpZGVzaG93IjoiYWJlMzc3OSJ9\">\n\t\t\t\t\t<div class=\"e-gallery-image elementor-gallery-item__image\" data-thumbnail=\"https:\/\/www.pagosaspringsmedicalcenter.org\/wp-content\/uploads\/2022\/07\/vintage_clinic-300x200.jpg\" data-width=\"300\" data-height=\"200\" aria-label=\"\" role=\"img\" ><\/div>\n\t\t\t\t\t\t\t\t\t\t\t<div class=\"elementor-gallery-item__overlay\"><\/div>\n\t\t\t\t\t\t\t\t\t\t\t\t\t\t<\/a>\n\t\t\t\t\t<\/div>\n\t\t\t\t\t<\/div>\n\t\t\t\t<\/div>\n\t\t\t\t\t<\/div>\n\t\t<\/div>\n\t\t\t\t\t<\/div>\n\t\t<\/section>\n\t\t\t\t<\/div>","protected":false},"excerpt":{"rendered":"<p>HISTORIA DE PSMC Historia de PSMC Los servicios e instalaciones de Pagosa Springs Medical Center son el resultado de d\u00e9cadas de voluntariado local, donaciones generosas y dedicaci\u00f3n al cuidado de la salud de la comunidad. Hasta la apertura de PSMC, el hospital m\u00e1s cercano estaba en Durango, a 60 millas en auto. PSMC se form\u00f3 originalmente en 1981 para asegurar\u2026<\/p>","protected":false},"author":8,"featured_media":0,"parent":8,"menu_order":1,"comment_status":"closed","ping_status":"closed","template":"","meta":{"footnotes":""},"class_list":["post-7907","page","type-page","status-publish","hentry"],"yoast_head":"<!-- This site is optimized with the Yoast SEO plugin v27.4 - https:\/\/yoast.com\/product\/yoast-seo-wordpress\/ -->\n<title>History - Pagosa Springs Medical Center<\/title>\n<meta name=\"robots\" content=\"index, follow, max-snippet:-1, max-image-preview:large, max-video-preview:-1\" \/>\n<link rel=\"canonical\" href=\"https:\/\/www.pagosaspringsmedicalcenter.org\/es\/about\/history\/\" \/>\n<meta property=\"og:locale\" content=\"es_MX\" \/>\n<meta property=\"og:type\" content=\"article\" \/>\n<meta property=\"og:title\" content=\"History - Pagosa Springs Medical Center\" \/>\n<meta property=\"og:description\" content=\"HISTORY OF PSMC PSMC&#8217;s History Pagosa Springs Medical Center services and facilities are the result of decades of local volunteerism, generous giving and dedication to caring for the health of the community. Until the opening of PSMC, the nearest hospital was in Durango, a 60 mile drive. PSMC was originally formed in 1981 to assure...\" \/>\n<meta property=\"og:url\" content=\"https:\/\/www.pagosaspringsmedicalcenter.org\/es\/about\/history\/\" \/>\n<meta property=\"og:site_name\" content=\"Pagosa Springs Medical Center\" \/>\n<meta property=\"article:publisher\" content=\"https:\/\/www.facebook.com\/psmedicalcenter\" \/>\n<meta property=\"article:modified_time\" content=\"2025-05-13T16:31:39+00:00\" \/>\n<meta property=\"og:image\" content=\"https:\/\/www.pagosaspringsmedicalcenter.org\/wp-content\/uploads\/2025\/05\/Timeline-5-25-2-scaled.jpg\" \/>\n\t<meta property=\"og:image:width\" content=\"1979\" \/>\n\t<meta property=\"og:image:height\" content=\"2560\" \/>\n\t<meta property=\"og:image:type\" content=\"image\/jpeg\" \/>\n<script type=\"application\/ld+json\" class=\"yoast-schema-graph\">{\"@context\":\"https:\\\/\\\/schema.org\",\"@graph\":[{\"@type\":\"WebPage\",\"@id\":\"https:\\\/\\\/www.pagosaspringsmedicalcenter.org\\\/about\\\/history\\\/\",\"url\":\"https:\\\/\\\/www.pagosaspringsmedicalcenter.org\\\/about\\\/history\\\/\",\"name\":\"History - Pagosa Springs Medical Center\",\"isPartOf\":{\"@id\":\"https:\\\/\\\/www.pagosaspringsmedicalcenter.org\\\/#website\"},\"primaryImageOfPage\":{\"@id\":\"https:\\\/\\\/www.pagosaspringsmedicalcenter.org\\\/about\\\/history\\\/#primaryimage\"},\"image\":{\"@id\":\"https:\\\/\\\/www.pagosaspringsmedicalcenter.org\\\/about\\\/history\\\/#primaryimage\"},\"thumbnailUrl\":\"https:\\\/\\\/www.pagosaspringsmedicalcenter.org\\\/wp-content\\\/uploads\\\/2025\\\/05\\\/Timeline-5-25-2-792x1024.jpg\",\"datePublished\":\"2022-07-11T15:44:04+00:00\",\"dateModified\":\"2025-05-13T16:31:39+00:00\",\"breadcrumb\":{\"@id\":\"https:\\\/\\\/www.pagosaspringsmedicalcenter.org\\\/about\\\/history\\\/#breadcrumb\"},\"inLanguage\":\"es\",\"potentialAction\":[{\"@type\":\"ReadAction\",\"target\":[\"https:\\\/\\\/www.pagosaspringsmedicalcenter.org\\\/about\\\/history\\\/\"]}]},{\"@type\":\"ImageObject\",\"inLanguage\":\"es\",\"@id\":\"https:\\\/\\\/www.pagosaspringsmedicalcenter.org\\\/about\\\/history\\\/#primaryimage\",\"url\":\"https:\\\/\\\/www.pagosaspringsmedicalcenter.org\\\/wp-content\\\/uploads\\\/2025\\\/05\\\/Timeline-5-25-2-792x1024.jpg\",\"contentUrl\":\"https:\\\/\\\/www.pagosaspringsmedicalcenter.org\\\/wp-content\\\/uploads\\\/2025\\\/05\\\/Timeline-5-25-2-792x1024.jpg\"},{\"@type\":\"BreadcrumbList\",\"@id\":\"https:\\\/\\\/www.pagosaspringsmedicalcenter.org\\\/about\\\/history\\\/#breadcrumb\",\"itemListElement\":[{\"@type\":\"ListItem\",\"position\":1,\"name\":\"Home\",\"item\":\"https:\\\/\\\/www.pagosaspringsmedicalcenter.org\\\/\"},{\"@type\":\"ListItem\",\"position\":2,\"name\":\"About\",\"item\":\"https:\\\/\\\/www.pagosaspringsmedicalcenter.org\\\/about\\\/\"},{\"@type\":\"ListItem\",\"position\":3,\"name\":\"History\"}]},{\"@type\":\"WebSite\",\"@id\":\"https:\\\/\\\/www.pagosaspringsmedicalcenter.org\\\/#website\",\"url\":\"https:\\\/\\\/www.pagosaspringsmedicalcenter.org\\\/\",\"name\":\"Pagosa Springs Medical Center\",\"description\":\"The care you deserve, in the mountains you love.\",\"publisher\":{\"@id\":\"https:\\\/\\\/www.pagosaspringsmedicalcenter.org\\\/#organization\"},\"potentialAction\":[{\"@type\":\"SearchAction\",\"target\":{\"@type\":\"EntryPoint\",\"urlTemplate\":\"https:\\\/\\\/www.pagosaspringsmedicalcenter.org\\\/?s={search_term_string}\"},\"query-input\":{\"@type\":\"PropertyValueSpecification\",\"valueRequired\":true,\"valueName\":\"search_term_string\"}}],\"inLanguage\":\"es\"},{\"@type\":\"Organization\",\"@id\":\"https:\\\/\\\/www.pagosaspringsmedicalcenter.org\\\/#organization\",\"name\":\"Pagosa Springs Medical Center\",\"url\":\"https:\\\/\\\/www.pagosaspringsmedicalcenter.org\\\/\",\"logo\":{\"@type\":\"ImageObject\",\"inLanguage\":\"es\",\"@id\":\"https:\\\/\\\/www.pagosaspringsmedicalcenter.org\\\/#\\\/schema\\\/logo\\\/image\\\/\",\"url\":\"https:\\\/\\\/www.pagosaspringsmedicalcenter.org\\\/wp-content\\\/uploads\\\/2023\\\/02\\\/New-Logo-2019-Green-and-Blue-PNG.png\",\"contentUrl\":\"https:\\\/\\\/www.pagosaspringsmedicalcenter.org\\\/wp-content\\\/uploads\\\/2023\\\/02\\\/New-Logo-2019-Green-and-Blue-PNG.png\",\"width\":2171,\"height\":814,\"caption\":\"Pagosa Springs Medical Center\"},\"image\":{\"@id\":\"https:\\\/\\\/www.pagosaspringsmedicalcenter.org\\\/#\\\/schema\\\/logo\\\/image\\\/\"},\"sameAs\":[\"https:\\\/\\\/www.facebook.com\\\/psmedicalcenter\"]}]}<\/script>\n<!-- \/ Yoast SEO plugin. -->","yoast_head_json":{"title":"Historia - Centro M\u00e9dico Pagosa Springs","robots":{"index":"index","follow":"follow","max-snippet":"max-snippet:-1","max-image-preview":"max-image-preview:large","max-video-preview":"max-video-preview:-1"},"canonical":"https:\/\/www.pagosaspringsmedicalcenter.org\/es\/about\/history\/","og_locale":"es_MX","og_type":"article","og_title":"History - Pagosa Springs Medical Center","og_description":"HISTORY OF PSMC PSMC&#8217;s History Pagosa Springs Medical Center services and facilities are the result of decades of local volunteerism, generous giving and dedication to caring for the health of the community. Until the opening of PSMC, the nearest hospital was in Durango, a 60 mile drive. PSMC was originally formed in 1981 to assure...","og_url":"https:\/\/www.pagosaspringsmedicalcenter.org\/es\/about\/history\/","og_site_name":"Pagosa Springs Medical Center","article_publisher":"https:\/\/www.facebook.com\/psmedicalcenter","article_modified_time":"2025-05-13T16:31:39+00:00","og_image":[{"width":1979,"height":2560,"url":"https:\/\/www.pagosaspringsmedicalcenter.org\/wp-content\/uploads\/2025\/05\/Timeline-5-25-2-scaled.jpg","type":"image\/jpeg"}],"schema":{"@context":"https:\/\/schema.org","@graph":[{"@type":"WebPage","@id":"https:\/\/www.pagosaspringsmedicalcenter.org\/about\/history\/","url":"https:\/\/www.pagosaspringsmedicalcenter.org\/about\/history\/","name":"Historia - Centro M\u00e9dico Pagosa Springs","isPartOf":{"@id":"https:\/\/www.pagosaspringsmedicalcenter.org\/#website"},"primaryImageOfPage":{"@id":"https:\/\/www.pagosaspringsmedicalcenter.org\/about\/history\/#primaryimage"},"image":{"@id":"https:\/\/www.pagosaspringsmedicalcenter.org\/about\/history\/#primaryimage"},"thumbnailUrl":"https:\/\/www.pagosaspringsmedicalcenter.org\/wp-content\/uploads\/2025\/05\/Timeline-5-25-2-792x1024.jpg","datePublished":"2022-07-11T15:44:04+00:00","dateModified":"2025-05-13T16:31:39+00:00","breadcrumb":{"@id":"https:\/\/www.pagosaspringsmedicalcenter.org\/about\/history\/#breadcrumb"},"inLanguage":"es","potentialAction":[{"@type":"ReadAction","target":["https:\/\/www.pagosaspringsmedicalcenter.org\/about\/history\/"]}]},{"@type":"ImageObject","inLanguage":"es","@id":"https:\/\/www.pagosaspringsmedicalcenter.org\/about\/history\/#primaryimage","url":"https:\/\/www.pagosaspringsmedicalcenter.org\/wp-content\/uploads\/2025\/05\/Timeline-5-25-2-792x1024.jpg","contentUrl":"https:\/\/www.pagosaspringsmedicalcenter.org\/wp-content\/uploads\/2025\/05\/Timeline-5-25-2-792x1024.jpg"},{"@type":"BreadcrumbList","@id":"https:\/\/www.pagosaspringsmedicalcenter.org\/about\/history\/#breadcrumb","itemListElement":[{"@type":"ListItem","position":1,"name":"Home","item":"https:\/\/www.pagosaspringsmedicalcenter.org\/"},{"@type":"ListItem","position":2,"name":"About","item":"https:\/\/www.pagosaspringsmedicalcenter.org\/about\/"},{"@type":"ListItem","position":3,"name":"History"}]},{"@type":"WebSite","@id":"https:\/\/www.pagosaspringsmedicalcenter.org\/#website","url":"https:\/\/www.pagosaspringsmedicalcenter.org\/","name":"Centro M\u00e9dico Pagosa Springs","description":"El cuidado que te mereces, en las monta\u00f1as que amas.","publisher":{"@id":"https:\/\/www.pagosaspringsmedicalcenter.org\/#organization"},"potentialAction":[{"@type":"SearchAction","target":{"@type":"EntryPoint","urlTemplate":"https:\/\/www.pagosaspringsmedicalcenter.org\/?s={search_term_string}"},"query-input":{"@type":"PropertyValueSpecification","valueRequired":true,"valueName":"search_term_string"}}],"inLanguage":"es"},{"@type":"Organization","@id":"https:\/\/www.pagosaspringsmedicalcenter.org\/#organization","name":"Centro M\u00e9dico Pagosa Springs","url":"https:\/\/www.pagosaspringsmedicalcenter.org\/","logo":{"@type":"ImageObject","inLanguage":"es","@id":"https:\/\/www.pagosaspringsmedicalcenter.org\/#\/schema\/logo\/image\/","url":"https:\/\/www.pagosaspringsmedicalcenter.org\/wp-content\/uploads\/2023\/02\/New-Logo-2019-Green-and-Blue-PNG.png","contentUrl":"https:\/\/www.pagosaspringsmedicalcenter.org\/wp-content\/uploads\/2023\/02\/New-Logo-2019-Green-and-Blue-PNG.png","width":2171,"height":814,"caption":"Pagosa Springs Medical Center"},"image":{"@id":"https:\/\/www.pagosaspringsmedicalcenter.org\/#\/schema\/logo\/image\/"},"sameAs":["https:\/\/www.facebook.com\/psmedicalcenter"]}]}},"_links":{"self":[{"href":"https:\/\/www.pagosaspringsmedicalcenter.org\/es\/wp-json\/wp\/v2\/pages\/7907","targetHints":{"allow":["GET"]}}],"collection":[{"href":"https:\/\/www.pagosaspringsmedicalcenter.org\/es\/wp-json\/wp\/v2\/pages"}],"about":[{"href":"https:\/\/www.pagosaspringsmedicalcenter.org\/es\/wp-json\/wp\/v2\/types\/page"}],"author":[{"embeddable":true,"href":"https:\/\/www.pagosaspringsmedicalcenter.org\/es\/wp-json\/wp\/v2\/users\/8"}],"replies":[{"embeddable":true,"href":"https:\/\/www.pagosaspringsmedicalcenter.org\/es\/wp-json\/wp\/v2\/comments?post=7907"}],"version-history":[{"count":15,"href":"https:\/\/www.pagosaspringsmedicalcenter.org\/es\/wp-json\/wp\/v2\/pages\/7907\/revisions"}],"predecessor-version":[{"id":14462,"href":"https:\/\/www.pagosaspringsmedicalcenter.org\/es\/wp-json\/wp\/v2\/pages\/7907\/revisions\/14462"}],"up":[{"embeddable":true,"href":"https:\/\/www.pagosaspringsmedicalcenter.org\/es\/wp-json\/wp\/v2\/pages\/8"}],"wp:attachment":[{"href":"https:\/\/www.pagosaspringsmedicalcenter.org\/es\/wp-json\/wp\/v2\/media?parent=7907"}],"curies":[{"name":"gracias","href":"https:\/\/api.w.org\/{rel}","templated":true}]}}