{"id":6938,"date":"2022-03-14T15:30:52","date_gmt":"2022-03-14T21:30:52","guid":{"rendered":"https:\/\/www.pagosaspringsmedicalcenter.org\/?page_id=6938"},"modified":"2024-05-06T10:37:16","modified_gmt":"2024-05-06T16:37:16","slug":"website-accessibility-statement","status":"publish","type":"page","link":"https:\/\/www.pagosaspringsmedicalcenter.org\/es\/website-accessibility-statement\/","title":{"rendered":"Declaraci\u00f3n de accesibilidad del sitio web"},"content":{"rendered":"<div data-elementor-type=\"wp-page\" data-elementor-id=\"6938\" class=\"elementor elementor-6938\" data-elementor-post-type=\"page\">\n\t\t\t\t\t\t<section class=\"elementor-section elementor-top-section elementor-element elementor-element-25d2340f elementor-section-full_width elementor-section-height-default elementor-section-height-default\" data-id=\"25d2340f\" data-element_type=\"section\" data-e-type=\"section\">\n\t\t\t\t\t\t<div class=\"elementor-container elementor-column-gap-default\">\n\t\t\t\t\t<div class=\"elementor-column elementor-col-100 elementor-top-column elementor-element elementor-element-72f8a4a7\" data-id=\"72f8a4a7\" data-element_type=\"column\" data-e-type=\"column\">\n\t\t\t<div class=\"elementor-widget-wrap elementor-element-populated\">\n\t\t\t\t\t\t<div class=\"elementor-element elementor-element-f45c8f7 elementor-widget elementor-widget-spacer\" data-id=\"f45c8f7\" data-element_type=\"widget\" data-e-type=\"widget\" data-widget_type=\"spacer.default\">\n\t\t\t\t<div class=\"elementor-widget-container\">\n\t\t\t\t\t\t\t<div class=\"elementor-spacer\">\n\t\t\t<div class=\"elementor-spacer-inner\"><\/div>\n\t\t<\/div>\n\t\t\t\t\t\t<\/div>\n\t\t\t\t<\/div>\n\t\t\t\t<div class=\"elementor-element elementor-element-16909d7f animated-slow elementor-invisible elementor-widget elementor-widget-heading\" data-id=\"16909d7f\" data-element_type=\"widget\" data-e-type=\"widget\" data-settings=\"{&quot;_animation&quot;:&quot;fadeInLeft&quot;}\" data-widget_type=\"heading.default\">\n\t\t\t\t<div class=\"elementor-widget-container\">\n\t\t\t\t\t<h1 class=\"elementor-heading-title elementor-size-default\">Accesibilidad<\/h1>\t\t\t\t<\/div>\n\t\t\t\t<\/div>\n\t\t\t\t<div class=\"elementor-element elementor-element-79d487e9 animated-slow elementor-widget-divider--view-line elementor-invisible elementor-widget elementor-widget-divider\" data-id=\"79d487e9\" data-element_type=\"widget\" data-e-type=\"widget\" data-settings=\"{&quot;_animation&quot;:&quot;fadeInLeft&quot;}\" data-widget_type=\"divider.default\">\n\t\t\t\t<div class=\"elementor-widget-container\">\n\t\t\t\t\t\t\t<div class=\"elementor-divider\">\n\t\t\t<span class=\"elementor-divider-separator\">\n\t\t\t\t\t\t<\/span>\n\t\t<\/div>\n\t\t\t\t\t\t<\/div>\n\t\t\t\t<\/div>\n\t\t\t\t\t<\/div>\n\t\t<\/div>\n\t\t\t\t\t<\/div>\n\t\t<\/section>\n\t\t\t\t<section class=\"elementor-section elementor-top-section elementor-element elementor-element-ce8855b elementor-section-boxed elementor-section-height-default elementor-section-height-default\" data-id=\"ce8855b\" data-element_type=\"section\" data-e-type=\"section\">\n\t\t\t\t\t\t<div class=\"elementor-container elementor-column-gap-default\">\n\t\t\t\t\t<div class=\"elementor-column elementor-col-100 elementor-top-column elementor-element elementor-element-acc0bfa\" data-id=\"acc0bfa\" data-element_type=\"column\" data-e-type=\"column\">\n\t\t\t<div class=\"elementor-widget-wrap\">\n\t\t\t\t\t\t\t<\/div>\n\t\t<\/div>\n\t\t\t\t\t<\/div>\n\t\t<\/section>\n\t\t\t\t<section class=\"elementor-section elementor-top-section elementor-element elementor-element-d237c61 elementor-section-boxed elementor-section-height-default elementor-section-height-default\" data-id=\"d237c61\" data-element_type=\"section\" data-e-type=\"section\">\n\t\t\t\t\t\t<div class=\"elementor-container elementor-column-gap-default\">\n\t\t\t\t\t<div class=\"elementor-column elementor-col-100 elementor-top-column elementor-element elementor-element-7efb5e8\" data-id=\"7efb5e8\" data-element_type=\"column\" data-e-type=\"column\">\n\t\t\t<div class=\"elementor-widget-wrap elementor-element-populated\">\n\t\t\t\t\t\t<div class=\"elementor-element elementor-element-a7b70ef animated-slow elementor-invisible elementor-widget elementor-widget-text-editor\" data-id=\"a7b70ef\" data-element_type=\"widget\" data-e-type=\"widget\" data-settings=\"{&quot;_animation&quot;:&quot;fadeInUp&quot;,&quot;_animation_delay&quot;:300}\" data-widget_type=\"text-editor.default\">\n\t\t\t\t<div class=\"elementor-widget-container\">\n\t\t\t\t\t\t\t\t\t<h3><strong>Declaraci\u00f3n de accesibilidad del sitio web<\/strong><\/h3><p>En Upper San Juan Health Service District d\/b\/a Pagosa Springs Medical Center y pagosaspringsmedicalcenter.org, estamos comprometidos a hacer que nuestros servicios sean ampliamente accesibles, lo que incluye garantizar la accesibilidad digital a todos los usuarios independientemente de su capacidad. Mejoramos continuamente la experiencia de usuario para todos y aplicamos los est\u00e1ndares de accesibilidad pertinentes.<\/p><p>Nuestro objetivo es adherirnos lo m\u00e1s estrechamente posible a las Pautas de accesibilidad al contenido web (WCAG 2.0), publicadas por el World Wide Web Consortium (W3C). Estas pautas explican c\u00f3mo hacer que el contenido web sea m\u00e1s accesible para las personas con discapacidades.<\/p><p>Nuestras pruebas de accesibilidad en las p\u00e1ginas del sitio incluyen (pero no se limitan a) pruebas de lo siguiente: estructura de encabezado correcta, buena operatividad del teclado, contraste de color suficiente y compatibilidad con lectores de pantalla. Somos conscientes de algunas \u00e1reas del sitio web donde podr\u00edamos mejorar la accesibilidad. Buscamos continuamente soluciones que lleven todas las \u00e1reas del sitio al mismo nivel de accesibilidad web general.<\/p><h4><strong>Informaci\u00f3n de cumplimiento continuo<\/strong><\/h4><p><strong>Oficial de Cumplimiento<\/strong><\/p><p>El Distrito de Servicios de Salud del Alto San Juan, que opera bajo el nombre de Pagosa Springs Medical Center, ha designado a Amber Manwaring como su responsable de cumplimiento para las adaptaciones relacionadas con la discapacidad en el sitio web. El oficial de cumplimiento ha recibido capacitaci\u00f3n sobre accesibilidad del sitio web y actualiza el sitio de acuerdo con esas mejores pr\u00e1cticas.<\/p><p><strong>Procedimientos e informes de cumplimiento<\/strong><\/p><p>Adem\u00e1s de las revisiones estatutarias, Upper San Juan Health Service District d\/b\/a Pagosa Springs Medical Center escanea peri\u00f3dicamente su sitio web para garantizar el cumplimiento continuo y realiza cambios oportunos a cualquier cambio inaccesible, si se encuentra alguno. En nuestro compromiso continuo con la transparencia, ponemos a disposici\u00f3n del p\u00fablico los informes de los \u00faltimos tres meses si los solicita.<\/p><p><strong>Informar un problema de accesibilidad<\/strong><\/p><p>Agradecemos sus comentarios sobre la accesibilidad de pagosaspringsmedicalcenter.org y, a menudo, podemos resolver los problemas de manera oportuna si surgen.<\/p><p>Inf\u00f3rmenos si encuentra barreras de accesibilidad en pagosaspringsmedicalcenter.org por correo electr\u00f3nico a:\u00a0<strong>Amber Manwaring, Oficial de Cumplimiento de Accesibilidad, Amber.Manwaring@psmedicalcenter.org.<\/strong><\/p>\t\t\t\t\t\t\t\t<\/div>\n\t\t\t\t<\/div>\n\t\t\t\t\t<\/div>\n\t\t<\/div>\n\t\t\t\t\t<\/div>\n\t\t<\/section>\n\t\t\t\t<section class=\"elementor-section elementor-top-section elementor-element elementor-element-313fc51 elementor-section-boxed elementor-section-height-default elementor-section-height-default\" data-id=\"313fc51\" data-element_type=\"section\" data-e-type=\"section\">\n\t\t\t\t\t\t<div class=\"elementor-container elementor-column-gap-default\">\n\t\t\t\t\t<div class=\"elementor-column elementor-col-100 elementor-top-column elementor-element elementor-element-f85bca6\" data-id=\"f85bca6\" data-element_type=\"column\" data-e-type=\"column\">\n\t\t\t<div class=\"elementor-widget-wrap\">\n\t\t\t\t\t\t\t<\/div>\n\t\t<\/div>\n\t\t\t\t\t<\/div>\n\t\t<\/section>\n\t\t\t\t<\/div>","protected":false},"excerpt":{"rendered":"<p>Declaraci\u00f3n de accesibilidad del sitio web En Upper San Juan Health Service District d\/b\/a Pagosa Springs Medical Center y pagosaspringsmedicalcenter.org, nos comprometemos a hacer que nuestros servicios sean ampliamente accesibles, lo que incluye garantizar la accesibilidad digital para todos los usuarios independientemente de sus capacidades. Mejoramos continuamente la experiencia del usuario para todos y aplicamos los est\u00e1ndares de accesibilidad pertinentes. Nuestro objetivo es adherirnos\u2026<\/p>","protected":false},"author":8,"featured_media":0,"parent":0,"menu_order":59,"comment_status":"closed","ping_status":"closed","template":"","meta":{"footnotes":""},"class_list":["post-6938","page","type-page","status-publish","hentry"],"yoast_head":"<!-- This site is optimized with the Yoast SEO plugin v27.4 - https:\/\/yoast.com\/product\/yoast-seo-wordpress\/ -->\n<title>Website Accessibility Statement - Pagosa Springs Medical Center<\/title>\n<meta name=\"robots\" content=\"index, follow, max-snippet:-1, max-image-preview:large, max-video-preview:-1\" \/>\n<link rel=\"canonical\" href=\"https:\/\/www.pagosaspringsmedicalcenter.org\/es\/website-accessibility-statement\/\" \/>\n<meta property=\"og:locale\" content=\"es_MX\" \/>\n<meta property=\"og:type\" content=\"article\" \/>\n<meta property=\"og:title\" content=\"Website Accessibility Statement - Pagosa Springs Medical Center\" \/>\n<meta property=\"og:description\" content=\"Accessibility Website Accessibility Statement At Upper San Juan Health Service District d\/b\/a Pagosa Springs Medical Center and pagosaspringsmedicalcenter.org, we are committed to making our services broadly accessible, including\u00a0ensuring digital accessibility to all users regardless of ability. We are continually improving the user experience for everyone and applying the relevant accessibility standards. We aim to adhere...\" \/>\n<meta property=\"og:url\" content=\"https:\/\/www.pagosaspringsmedicalcenter.org\/es\/website-accessibility-statement\/\" \/>\n<meta property=\"og:site_name\" content=\"Pagosa Springs Medical Center\" \/>\n<meta property=\"article:publisher\" content=\"https:\/\/www.facebook.com\/psmedicalcenter\" \/>\n<meta property=\"article:modified_time\" content=\"2024-05-06T16:37:16+00:00\" \/>\n<script type=\"application\/ld+json\" class=\"yoast-schema-graph\">{\"@context\":\"https:\\\/\\\/schema.org\",\"@graph\":[{\"@type\":\"WebPage\",\"@id\":\"https:\\\/\\\/www.pagosaspringsmedicalcenter.org\\\/website-accessibility-statement\\\/\",\"url\":\"https:\\\/\\\/www.pagosaspringsmedicalcenter.org\\\/website-accessibility-statement\\\/\",\"name\":\"Website Accessibility Statement - Pagosa Springs Medical Center\",\"isPartOf\":{\"@id\":\"https:\\\/\\\/www.pagosaspringsmedicalcenter.org\\\/#website\"},\"datePublished\":\"2022-03-14T21:30:52+00:00\",\"dateModified\":\"2024-05-06T16:37:16+00:00\",\"breadcrumb\":{\"@id\":\"https:\\\/\\\/www.pagosaspringsmedicalcenter.org\\\/website-accessibility-statement\\\/#breadcrumb\"},\"inLanguage\":\"es\",\"potentialAction\":[{\"@type\":\"ReadAction\",\"target\":[\"https:\\\/\\\/www.pagosaspringsmedicalcenter.org\\\/website-accessibility-statement\\\/\"]}]},{\"@type\":\"BreadcrumbList\",\"@id\":\"https:\\\/\\\/www.pagosaspringsmedicalcenter.org\\\/website-accessibility-statement\\\/#breadcrumb\",\"itemListElement\":[{\"@type\":\"ListItem\",\"position\":1,\"name\":\"Home\",\"item\":\"https:\\\/\\\/www.pagosaspringsmedicalcenter.org\\\/\"},{\"@type\":\"ListItem\",\"position\":2,\"name\":\"Website Accessibility Statement\"}]},{\"@type\":\"WebSite\",\"@id\":\"https:\\\/\\\/www.pagosaspringsmedicalcenter.org\\\/#website\",\"url\":\"https:\\\/\\\/www.pagosaspringsmedicalcenter.org\\\/\",\"name\":\"Pagosa Springs Medical Center\",\"description\":\"The care you deserve, in the mountains you love.\",\"publisher\":{\"@id\":\"https:\\\/\\\/www.pagosaspringsmedicalcenter.org\\\/#organization\"},\"potentialAction\":[{\"@type\":\"SearchAction\",\"target\":{\"@type\":\"EntryPoint\",\"urlTemplate\":\"https:\\\/\\\/www.pagosaspringsmedicalcenter.org\\\/?s={search_term_string}\"},\"query-input\":{\"@type\":\"PropertyValueSpecification\",\"valueRequired\":true,\"valueName\":\"search_term_string\"}}],\"inLanguage\":\"es\"},{\"@type\":\"Organization\",\"@id\":\"https:\\\/\\\/www.pagosaspringsmedicalcenter.org\\\/#organization\",\"name\":\"Pagosa Springs Medical Center\",\"url\":\"https:\\\/\\\/www.pagosaspringsmedicalcenter.org\\\/\",\"logo\":{\"@type\":\"ImageObject\",\"inLanguage\":\"es\",\"@id\":\"https:\\\/\\\/www.pagosaspringsmedicalcenter.org\\\/#\\\/schema\\\/logo\\\/image\\\/\",\"url\":\"https:\\\/\\\/www.pagosaspringsmedicalcenter.org\\\/wp-content\\\/uploads\\\/2023\\\/02\\\/New-Logo-2019-Green-and-Blue-PNG.png\",\"contentUrl\":\"https:\\\/\\\/www.pagosaspringsmedicalcenter.org\\\/wp-content\\\/uploads\\\/2023\\\/02\\\/New-Logo-2019-Green-and-Blue-PNG.png\",\"width\":2171,\"height\":814,\"caption\":\"Pagosa Springs Medical Center\"},\"image\":{\"@id\":\"https:\\\/\\\/www.pagosaspringsmedicalcenter.org\\\/#\\\/schema\\\/logo\\\/image\\\/\"},\"sameAs\":[\"https:\\\/\\\/www.facebook.com\\\/psmedicalcenter\"]}]}<\/script>\n<!-- \/ Yoast SEO plugin. -->","yoast_head_json":{"title":"Declaraci\u00f3n de accesibilidad del sitio web - Pagosa Springs Medical Center","robots":{"index":"index","follow":"follow","max-snippet":"max-snippet:-1","max-image-preview":"max-image-preview:large","max-video-preview":"max-video-preview:-1"},"canonical":"https:\/\/www.pagosaspringsmedicalcenter.org\/es\/website-accessibility-statement\/","og_locale":"es_MX","og_type":"article","og_title":"Website Accessibility Statement - Pagosa Springs Medical Center","og_description":"Accessibility Website Accessibility Statement At Upper San Juan Health Service District d\/b\/a Pagosa Springs Medical Center and pagosaspringsmedicalcenter.org, we are committed to making our services broadly accessible, including\u00a0ensuring digital accessibility to all users regardless of ability. We are continually improving the user experience for everyone and applying the relevant accessibility standards. We aim to adhere...","og_url":"https:\/\/www.pagosaspringsmedicalcenter.org\/es\/website-accessibility-statement\/","og_site_name":"Pagosa Springs Medical Center","article_publisher":"https:\/\/www.facebook.com\/psmedicalcenter","article_modified_time":"2024-05-06T16:37:16+00:00","schema":{"@context":"https:\/\/schema.org","@graph":[{"@type":"WebPage","@id":"https:\/\/www.pagosaspringsmedicalcenter.org\/website-accessibility-statement\/","url":"https:\/\/www.pagosaspringsmedicalcenter.org\/website-accessibility-statement\/","name":"Declaraci\u00f3n de accesibilidad del sitio web - Pagosa Springs Medical Center","isPartOf":{"@id":"https:\/\/www.pagosaspringsmedicalcenter.org\/#website"},"datePublished":"2022-03-14T21:30:52+00:00","dateModified":"2024-05-06T16:37:16+00:00","breadcrumb":{"@id":"https:\/\/www.pagosaspringsmedicalcenter.org\/website-accessibility-statement\/#breadcrumb"},"inLanguage":"es","potentialAction":[{"@type":"ReadAction","target":["https:\/\/www.pagosaspringsmedicalcenter.org\/website-accessibility-statement\/"]}]},{"@type":"BreadcrumbList","@id":"https:\/\/www.pagosaspringsmedicalcenter.org\/website-accessibility-statement\/#breadcrumb","itemListElement":[{"@type":"ListItem","position":1,"name":"Home","item":"https:\/\/www.pagosaspringsmedicalcenter.org\/"},{"@type":"ListItem","position":2,"name":"Website Accessibility Statement"}]},{"@type":"WebSite","@id":"https:\/\/www.pagosaspringsmedicalcenter.org\/#website","url":"https:\/\/www.pagosaspringsmedicalcenter.org\/","name":"Centro M\u00e9dico Pagosa Springs","description":"El cuidado que te mereces, en las monta\u00f1as que amas.","publisher":{"@id":"https:\/\/www.pagosaspringsmedicalcenter.org\/#organization"},"potentialAction":[{"@type":"SearchAction","target":{"@type":"EntryPoint","urlTemplate":"https:\/\/www.pagosaspringsmedicalcenter.org\/?s={search_term_string}"},"query-input":{"@type":"PropertyValueSpecification","valueRequired":true,"valueName":"search_term_string"}}],"inLanguage":"es"},{"@type":"Organization","@id":"https:\/\/www.pagosaspringsmedicalcenter.org\/#organization","name":"Centro M\u00e9dico Pagosa Springs","url":"https:\/\/www.pagosaspringsmedicalcenter.org\/","logo":{"@type":"ImageObject","inLanguage":"es","@id":"https:\/\/www.pagosaspringsmedicalcenter.org\/#\/schema\/logo\/image\/","url":"https:\/\/www.pagosaspringsmedicalcenter.org\/wp-content\/uploads\/2023\/02\/New-Logo-2019-Green-and-Blue-PNG.png","contentUrl":"https:\/\/www.pagosaspringsmedicalcenter.org\/wp-content\/uploads\/2023\/02\/New-Logo-2019-Green-and-Blue-PNG.png","width":2171,"height":814,"caption":"Pagosa Springs Medical Center"},"image":{"@id":"https:\/\/www.pagosaspringsmedicalcenter.org\/#\/schema\/logo\/image\/"},"sameAs":["https:\/\/www.facebook.com\/psmedicalcenter"]}]}},"_links":{"self":[{"href":"https:\/\/www.pagosaspringsmedicalcenter.org\/es\/wp-json\/wp\/v2\/pages\/6938","targetHints":{"allow":["GET"]}}],"collection":[{"href":"https:\/\/www.pagosaspringsmedicalcenter.org\/es\/wp-json\/wp\/v2\/pages"}],"about":[{"href":"https:\/\/www.pagosaspringsmedicalcenter.org\/es\/wp-json\/wp\/v2\/types\/page"}],"author":[{"embeddable":true,"href":"https:\/\/www.pagosaspringsmedicalcenter.org\/es\/wp-json\/wp\/v2\/users\/8"}],"replies":[{"embeddable":true,"href":"https:\/\/www.pagosaspringsmedicalcenter.org\/es\/wp-json\/wp\/v2\/comments?post=6938"}],"version-history":[{"count":11,"href":"https:\/\/www.pagosaspringsmedicalcenter.org\/es\/wp-json\/wp\/v2\/pages\/6938\/revisions"}],"predecessor-version":[{"id":13374,"href":"https:\/\/www.pagosaspringsmedicalcenter.org\/es\/wp-json\/wp\/v2\/pages\/6938\/revisions\/13374"}],"wp:attachment":[{"href":"https:\/\/www.pagosaspringsmedicalcenter.org\/es\/wp-json\/wp\/v2\/media?parent=6938"}],"curies":[{"name":"gracias","href":"https:\/\/api.w.org\/{rel}","templated":true}]}}