{"id":656,"date":"2018-11-14T12:10:50","date_gmt":"2018-11-14T12:10:50","guid":{"rendered":"https:\/\/pnh.wqd.mybluehost.me\/?page_id=656"},"modified":"2025-05-20T11:17:26","modified_gmt":"2025-05-20T17:17:26","slug":"contact","status":"publish","type":"page","link":"https:\/\/www.pagosaspringsmedicalcenter.org\/es\/contact\/","title":{"rendered":"Contacto"},"content":{"rendered":"<div data-elementor-type=\"wp-post\" data-elementor-id=\"656\" class=\"elementor elementor-656\" data-elementor-post-type=\"page\">\n\t\t\t\t\t\t<section class=\"elementor-section elementor-top-section elementor-element elementor-element-2be7e143 animated-slow elementor-section-boxed elementor-section-height-default elementor-section-height-default elementor-invisible\" data-id=\"2be7e143\" data-element_type=\"section\" data-e-type=\"section\" data-settings=\"{&quot;animation&quot;:&quot;fadeInUp&quot;}\">\n\t\t\t\t\t\t<div class=\"elementor-container elementor-column-gap-default\">\n\t\t\t\t\t<div class=\"elementor-column elementor-col-100 elementor-top-column elementor-element elementor-element-5197b5f7\" data-id=\"5197b5f7\" data-element_type=\"column\" data-e-type=\"column\">\n\t\t\t<div class=\"elementor-widget-wrap elementor-element-populated\">\n\t\t\t\t\t\t<div class=\"elementor-element elementor-element-17768538 elementor-widget elementor-widget-spacer\" data-id=\"17768538\" data-element_type=\"widget\" data-e-type=\"widget\" data-widget_type=\"spacer.default\">\n\t\t\t\t<div class=\"elementor-widget-container\">\n\t\t\t\t\t\t\t<div class=\"elementor-spacer\">\n\t\t\t<div class=\"elementor-spacer-inner\"><\/div>\n\t\t<\/div>\n\t\t\t\t\t\t<\/div>\n\t\t\t\t<\/div>\n\t\t\t\t<div class=\"elementor-element elementor-element-3873a3b0 elementor-invisible elementor-widget elementor-widget-rt-title\" data-id=\"3873a3b0\" data-element_type=\"widget\" data-e-type=\"widget\" data-settings=\"{&quot;_animation&quot;:&quot;fadeInUp&quot;,&quot;_animation_delay&quot;:250}\" data-widget_type=\"rt-title.default\">\n\t\t\t\t<div class=\"elementor-widget-container\">\n\t\t\t\t\t\r\n<div class=\"section-heading heading-dark text-left heading-layout1\">\r\n    <h2 class=\"rtin-title\">Horas de contacto<\/h2>\r\n     <\/div>\t\t\t\t<\/div>\n\t\t\t\t<\/div>\n\t\t\t\t<div class=\"elementor-element elementor-element-b6ea883 elementor-widget elementor-widget-text-editor\" data-id=\"b6ea883\" data-element_type=\"widget\" data-e-type=\"widget\" data-widget_type=\"text-editor.default\">\n\t\t\t\t<div class=\"elementor-widget-container\">\n\t\t\t\t\t\t\t\t\t<h5><strong>Para preguntas m\u00e9dicas espec\u00edficas o para programar una cita, llame al 970-731-3700. Para emergencias, marque el 911.<\/strong><\/h5>\t\t\t\t\t\t\t\t<\/div>\n\t\t\t\t<\/div>\n\t\t\t\t<div class=\"elementor-element elementor-element-4c81b385 elementor-invisible elementor-widget elementor-widget-eael-adv-tabs\" data-id=\"4c81b385\" data-element_type=\"widget\" data-e-type=\"widget\" data-settings=\"{&quot;_animation&quot;:&quot;fadeInUp&quot;,&quot;_animation_delay&quot;:250}\" data-widget_type=\"eael-adv-tabs.default\">\n\t\t\t\t<div class=\"elementor-widget-container\">\n\t\t\t\t\t        <div data-scroll-on-click=\"no\" data-scroll-speed=\"300\" id=\"eael-advance-tabs-4c81b385\" class=\"eael-advance-tabs eael-tabs-horizontal\" data-tabid=\"4c81b385\">\n            <div class=\"eael-tabs-nav\">\n                <ul class=\"\" role=\"tablist\">\n                                            <li id=\"hours-of-operation\" class=\"active-default eael-tab-item-trigger eael-tab-nav-item\" aria-selected=\"true\" data-tab=\"1\" role=\"tab\" tabindex=\"0\" aria-controls=\"hours-of-operation-tab\" aria-expanded=\"false\">\n                            \n                            \n                            \n                                                            <span class=\"eael-tab-title title-after-icon\" >HORAS DE OPERACI\u00d3N<\/span>                                                    <\/li>\n                                            <li id=\"phone-numbers\" class=\"eael-tab-item-trigger eael-tab-nav-item\" aria-selected=\"false\" data-tab=\"2\" role=\"tab\" tabindex=\"-1\" aria-controls=\"phone-numbers-tab\" aria-expanded=\"false\">\n                            \n                            \n                            \n                                                            <span class=\"eael-tab-title title-after-icon\" >N\u00daMEROS DE TEL\u00c9FONO<\/span>                                                    <\/li>\n                                            <li id=\"fax-numbers\" class=\"eael-tab-item-trigger eael-tab-nav-item\" aria-selected=\"false\" data-tab=\"3\" role=\"tab\" tabindex=\"-1\" aria-controls=\"fax-numbers-tab\" aria-expanded=\"false\">\n                            \n                            \n                            \n                                                            <span class=\"eael-tab-title title-after-icon\" >N\u00daMEROS DE FAX<\/span>                                                    <\/li>\n                    \n                                  <\/ul>\n            <\/div>\n            \n            <div class=\"eael-tabs-content\">\n\t\t        \n                    <div id=\"hours-of-operation-tab\" class=\"clearfix eael-tab-content-item active-default\" data-title-link=\"hours-of-operation-tab\">\n\t\t\t\t        <p><strong>DEPARTAMENTO DE EMERGENCIA:<\/strong> 24 HORAS AL D\u00cdA\/7 D\u00cdAS A LA SEMANA<br \/><strong>ATENCI\u00d3N PRIMARIA:<\/strong> LUNES A VIERNES 7:30 a. m. \u2013 12 p. m., 1 p. m. \u2013 5:00 p. m.\u00a0<br \/><strong>VISITANTES:<\/strong> LUNES A VIERNES 8AM \u2013 11:30AM, 1PM \u2013 4:00PM\u00a0<\/p>                    <\/div>\n\t\t        \n                    <div id=\"phone-numbers-tab\" class=\"clearfix eael-tab-content-item\" data-title-link=\"phone-numbers-tab\">\n\t\t\t\t        <p><strong>HOSPITAL + LABORATORIO<\/strong><br \/><a href=\"tel:970-731-3700\">(970) 731-3700<\/a><br \/><strong>ATENCI\u00d3N PRIMARIA<\/strong><br \/><a href=\"tel:970-731-3700\">(970) 731-3700<\/a><br \/><strong>CIRUG\u00cdA GENERAL<\/strong><br \/><a href=\"tel:970-507-3925\">(970) 507-3925<\/a><br \/><strong>ORTOPEDIA Y MEDICINA DEPORTIVA<\/strong><br \/><a href=\"tel:970-507-3925\">(970) 507-3925<\/a><br \/><strong>NEUMOLOG\u00cdA<\/strong><br \/><a href=\"tel:970-507-3925\">(970) 507-3925<\/a><br \/><strong>OFICINA DE NEGOCIOS<\/strong><br \/><a href=\"tel:970-585-1405\">(970) 585-1405<\/a><br \/><strong>OFICINA DE PERSONAL M\u00c9DICO\u00a0<\/strong><br \/><span class=\"s1\"><a href=\"tel:970-507-3818\">(970) 507-3818<\/a><br \/><\/span><span class=\"s1\"><a href=\"tel:970-507-3819\">(970) 507-3819<\/a><\/span><br \/><strong>RECURSOS HUMANOS<\/strong><br \/><a href=\"tel:970-507-3829\">(970) 507-3829<\/a><br \/><strong>FUNDACI\u00d3N PSMC<\/strong><br \/><a href=\"tel:970-507-3811\">(970) 507-3811<\/a><br \/><strong>SERVICIOS DE INFUSI\u00d3N<br \/><\/strong><a href=\"tel:970-507-4000\">(970) 507-4000<\/a><\/p>                    <\/div>\n\t\t        \n                    <div id=\"fax-numbers-tab\" class=\"clearfix eael-tab-content-item\" data-title-link=\"fax-numbers-tab\">\n\t\t\t\t        <p><strong>OFICINA DE NEGOCIOS<\/strong>\u00a0<a href=\"tel:970-731-1889\">(970) 731-1889<\/a><br \/><strong>SALA DE EMERGENCIAS<\/strong>\u00a0<a href=\"tel:970-731-3708\">(970) 731-3708<\/a><br \/><strong>LABORATORIO<\/strong>\u00a0<a href=\"tel:970-731-3707\">(970) 731-3707<\/a><br \/><strong>CIRUG\u00cdA + ORTOPEDIA<\/strong>\u00a0<a href=\"tel:970-731-2362\">(970) 731-2362<\/a><br \/><strong>CENTRO DE C\u00c1NCER<\/strong>\u00a0<a href=\"tel:970-731-1988\" target=\"_blank\" rel=\"noopener\">(970) 731-1988<\/a><br \/><strong>REGISTROS M\u00c9DICOS<\/strong>\u00a0<a href=\"tel:970-731-1915\">(970) 731-1915<\/a><br \/><strong>ATENCI\u00d3N PRIMARIA<\/strong>\u00a0<a href=\"tel:970-731-0511\">(970) 731-0511<\/a><br \/><strong>CREDENCIAL DEL PERSONAL M\u00c9DICO <\/strong><a href=\"tel:970-731-2226\">(970) 731-2226<\/a><br \/>SERVICIOS DE INFUSI\u00d3N<br \/><a href=\"tel:970-731-1988\">(970) 731-1988<\/a><\/p>                    <\/div>\n\t\t                    <\/div>\n        <\/div>\n\t\t\t\t<\/div>\n\t\t\t\t<\/div>\n\t\t\t\t\t<\/div>\n\t\t<\/div>\n\t\t\t\t\t<\/div>\n\t\t<\/section>\n\t\t\t\t<section class=\"elementor-section elementor-top-section elementor-element elementor-element-0b16d9f elementor-section-boxed elementor-section-height-default elementor-section-height-default\" data-id=\"0b16d9f\" data-element_type=\"section\" data-e-type=\"section\">\n\t\t\t\t\t\t<div class=\"elementor-container elementor-column-gap-default\">\n\t\t\t\t\t<div class=\"elementor-column elementor-col-100 elementor-top-column elementor-element elementor-element-82b8bf4\" data-id=\"82b8bf4\" data-element_type=\"column\" data-e-type=\"column\">\n\t\t\t<div class=\"elementor-widget-wrap elementor-element-populated\">\n\t\t\t\t\t\t<div class=\"elementor-element elementor-element-7e072f5b elementor-widget-divider--view-line elementor-widget elementor-widget-divider\" data-id=\"7e072f5b\" data-element_type=\"widget\" data-e-type=\"widget\" data-widget_type=\"divider.default\">\n\t\t\t\t<div class=\"elementor-widget-container\">\n\t\t\t\t\t\t\t<div class=\"elementor-divider\">\n\t\t\t<span class=\"elementor-divider-separator\">\n\t\t\t\t\t\t<\/span>\n\t\t<\/div>\n\t\t\t\t\t\t<\/div>\n\t\t\t\t<\/div>\n\t\t\t\t\t<\/div>\n\t\t<\/div>\n\t\t\t\t\t<\/div>\n\t\t<\/section>\n\t\t\t\t<\/div>","protected":false},"excerpt":{"rendered":"<p>Contacto\/Horario: Para consultas m\u00e9dicas espec\u00edficas o para programar una cita, llame al 970-731-3700. En caso de emergencia, marque el 911. HORARIO DE ATENCI\u00d3N: TEL\u00c9FONOS, FAX, DEPARTAMENTO DE URGENCIAS: 24 HORAS, 7 D\u00cdAS A LA SEMANA. ATENCI\u00d3N PRIMARIA: LUNES A VIERNES, 7:30 A. M. - 12 P. M., 1 P. M. - 5:00 P. M. SIN CITA: LUNES A VIERNES, 8 A. M. - 11:30 A. M., 1 P. M. - 4:00 P. M. HOSPITAL + LABORATORIO: (970) 731-3700. ATENCI\u00d3N PRIMARIA: (970) 731-3700. CIRUG\u00cdA GENERAL: (970) 507-3925. ORTOPEDIA\u2026<\/p>","protected":false},"author":1,"featured_media":0,"parent":0,"menu_order":14,"comment_status":"closed","ping_status":"closed","template":"","meta":{"footnotes":""},"class_list":["post-656","page","type-page","status-publish","hentry"],"yoast_head":"<!-- This site is optimized with the Yoast SEO plugin v27.4 - https:\/\/yoast.com\/product\/yoast-seo-wordpress\/ -->\n<title>Contact - Pagosa Springs Medical Center<\/title>\n<meta name=\"robots\" content=\"index, follow, max-snippet:-1, max-image-preview:large, max-video-preview:-1\" \/>\n<link rel=\"canonical\" href=\"https:\/\/www.pagosaspringsmedicalcenter.org\/es\/contact\/\" \/>\n<meta property=\"og:locale\" content=\"es_MX\" \/>\n<meta property=\"og:type\" content=\"article\" \/>\n<meta property=\"og:title\" content=\"Contact - Pagosa Springs Medical Center\" \/>\n<meta property=\"og:description\" content=\"Contact\/Hours For specific medical questions or to schedule an appointment, call 970-731-3700. For emergencies, dial 911. HOURS OF OPERATION PHONE NUMBERS FAX NUMBERS EMERGENCY DEPARTMENT: 24 HOURS A DAY\/7 DAYS A WEEKPRIMARY CARE: MONDAY-FRIDAY\u00a0 7:30AM &#8211; 12PM, 1PM &#8211; 5:00PM\u00a0WALK-INS: MONDAY-FRIDAY\u00a0 8AM &#8211; 11:30AM, 1PM &#8211; 4:00PM\u00a0 HOSPITAL + LAB(970) 731-3700PRIMARY CARE(970) 731-3700GENERAL SURGERY(970) 507-3925ORTHOPEDICS...\" \/>\n<meta property=\"og:url\" content=\"https:\/\/www.pagosaspringsmedicalcenter.org\/es\/contact\/\" \/>\n<meta property=\"og:site_name\" content=\"Pagosa Springs Medical Center\" \/>\n<meta property=\"article:publisher\" content=\"https:\/\/www.facebook.com\/psmedicalcenter\" \/>\n<meta property=\"article:modified_time\" content=\"2025-05-20T17:17:26+00:00\" \/>\n<script type=\"application\/ld+json\" class=\"yoast-schema-graph\">{\"@context\":\"https:\\\/\\\/schema.org\",\"@graph\":[{\"@type\":\"WebPage\",\"@id\":\"https:\\\/\\\/www.pagosaspringsmedicalcenter.org\\\/contact\\\/\",\"url\":\"https:\\\/\\\/www.pagosaspringsmedicalcenter.org\\\/contact\\\/\",\"name\":\"Contact - Pagosa Springs Medical Center\",\"isPartOf\":{\"@id\":\"https:\\\/\\\/www.pagosaspringsmedicalcenter.org\\\/#website\"},\"datePublished\":\"2018-11-14T12:10:50+00:00\",\"dateModified\":\"2025-05-20T17:17:26+00:00\",\"breadcrumb\":{\"@id\":\"https:\\\/\\\/www.pagosaspringsmedicalcenter.org\\\/contact\\\/#breadcrumb\"},\"inLanguage\":\"es\",\"potentialAction\":[{\"@type\":\"ReadAction\",\"target\":[\"https:\\\/\\\/www.pagosaspringsmedicalcenter.org\\\/contact\\\/\"]}]},{\"@type\":\"BreadcrumbList\",\"@id\":\"https:\\\/\\\/www.pagosaspringsmedicalcenter.org\\\/contact\\\/#breadcrumb\",\"itemListElement\":[{\"@type\":\"ListItem\",\"position\":1,\"name\":\"Home\",\"item\":\"https:\\\/\\\/www.pagosaspringsmedicalcenter.org\\\/\"},{\"@type\":\"ListItem\",\"position\":2,\"name\":\"Contact\"}]},{\"@type\":\"WebSite\",\"@id\":\"https:\\\/\\\/www.pagosaspringsmedicalcenter.org\\\/#website\",\"url\":\"https:\\\/\\\/www.pagosaspringsmedicalcenter.org\\\/\",\"name\":\"Pagosa Springs Medical Center\",\"description\":\"The care you deserve, in the mountains you love.\",\"publisher\":{\"@id\":\"https:\\\/\\\/www.pagosaspringsmedicalcenter.org\\\/#organization\"},\"potentialAction\":[{\"@type\":\"SearchAction\",\"target\":{\"@type\":\"EntryPoint\",\"urlTemplate\":\"https:\\\/\\\/www.pagosaspringsmedicalcenter.org\\\/?s={search_term_string}\"},\"query-input\":{\"@type\":\"PropertyValueSpecification\",\"valueRequired\":true,\"valueName\":\"search_term_string\"}}],\"inLanguage\":\"es\"},{\"@type\":\"Organization\",\"@id\":\"https:\\\/\\\/www.pagosaspringsmedicalcenter.org\\\/#organization\",\"name\":\"Pagosa Springs Medical Center\",\"url\":\"https:\\\/\\\/www.pagosaspringsmedicalcenter.org\\\/\",\"logo\":{\"@type\":\"ImageObject\",\"inLanguage\":\"es\",\"@id\":\"https:\\\/\\\/www.pagosaspringsmedicalcenter.org\\\/#\\\/schema\\\/logo\\\/image\\\/\",\"url\":\"https:\\\/\\\/www.pagosaspringsmedicalcenter.org\\\/wp-content\\\/uploads\\\/2023\\\/02\\\/New-Logo-2019-Green-and-Blue-PNG.png\",\"contentUrl\":\"https:\\\/\\\/www.pagosaspringsmedicalcenter.org\\\/wp-content\\\/uploads\\\/2023\\\/02\\\/New-Logo-2019-Green-and-Blue-PNG.png\",\"width\":2171,\"height\":814,\"caption\":\"Pagosa Springs Medical Center\"},\"image\":{\"@id\":\"https:\\\/\\\/www.pagosaspringsmedicalcenter.org\\\/#\\\/schema\\\/logo\\\/image\\\/\"},\"sameAs\":[\"https:\\\/\\\/www.facebook.com\\\/psmedicalcenter\"]}]}<\/script>\n<!-- \/ Yoast SEO plugin. -->","yoast_head_json":{"title":"Contacto - Centro M\u00e9dico Pagosa Springs","robots":{"index":"index","follow":"follow","max-snippet":"max-snippet:-1","max-image-preview":"max-image-preview:large","max-video-preview":"max-video-preview:-1"},"canonical":"https:\/\/www.pagosaspringsmedicalcenter.org\/es\/contact\/","og_locale":"es_MX","og_type":"article","og_title":"Contact - Pagosa Springs Medical Center","og_description":"Contact\/Hours For specific medical questions or to schedule an appointment, call 970-731-3700. For emergencies, dial 911. HOURS OF OPERATION PHONE NUMBERS FAX NUMBERS EMERGENCY DEPARTMENT: 24 HOURS A DAY\/7 DAYS A WEEKPRIMARY CARE: MONDAY-FRIDAY\u00a0 7:30AM &#8211; 12PM, 1PM &#8211; 5:00PM\u00a0WALK-INS: MONDAY-FRIDAY\u00a0 8AM &#8211; 11:30AM, 1PM &#8211; 4:00PM\u00a0 HOSPITAL + LAB(970) 731-3700PRIMARY CARE(970) 731-3700GENERAL SURGERY(970) 507-3925ORTHOPEDICS...","og_url":"https:\/\/www.pagosaspringsmedicalcenter.org\/es\/contact\/","og_site_name":"Pagosa Springs Medical Center","article_publisher":"https:\/\/www.facebook.com\/psmedicalcenter","article_modified_time":"2025-05-20T17:17:26+00:00","schema":{"@context":"https:\/\/schema.org","@graph":[{"@type":"WebPage","@id":"https:\/\/www.pagosaspringsmedicalcenter.org\/contact\/","url":"https:\/\/www.pagosaspringsmedicalcenter.org\/contact\/","name":"Contacto - Centro M\u00e9dico Pagosa Springs","isPartOf":{"@id":"https:\/\/www.pagosaspringsmedicalcenter.org\/#website"},"datePublished":"2018-11-14T12:10:50+00:00","dateModified":"2025-05-20T17:17:26+00:00","breadcrumb":{"@id":"https:\/\/www.pagosaspringsmedicalcenter.org\/contact\/#breadcrumb"},"inLanguage":"es","potentialAction":[{"@type":"ReadAction","target":["https:\/\/www.pagosaspringsmedicalcenter.org\/contact\/"]}]},{"@type":"BreadcrumbList","@id":"https:\/\/www.pagosaspringsmedicalcenter.org\/contact\/#breadcrumb","itemListElement":[{"@type":"ListItem","position":1,"name":"Home","item":"https:\/\/www.pagosaspringsmedicalcenter.org\/"},{"@type":"ListItem","position":2,"name":"Contact"}]},{"@type":"WebSite","@id":"https:\/\/www.pagosaspringsmedicalcenter.org\/#website","url":"https:\/\/www.pagosaspringsmedicalcenter.org\/","name":"Centro M\u00e9dico Pagosa Springs","description":"El cuidado que te mereces, en las monta\u00f1as que amas.","publisher":{"@id":"https:\/\/www.pagosaspringsmedicalcenter.org\/#organization"},"potentialAction":[{"@type":"SearchAction","target":{"@type":"EntryPoint","urlTemplate":"https:\/\/www.pagosaspringsmedicalcenter.org\/?s={search_term_string}"},"query-input":{"@type":"PropertyValueSpecification","valueRequired":true,"valueName":"search_term_string"}}],"inLanguage":"es"},{"@type":"Organization","@id":"https:\/\/www.pagosaspringsmedicalcenter.org\/#organization","name":"Centro M\u00e9dico Pagosa Springs","url":"https:\/\/www.pagosaspringsmedicalcenter.org\/","logo":{"@type":"ImageObject","inLanguage":"es","@id":"https:\/\/www.pagosaspringsmedicalcenter.org\/#\/schema\/logo\/image\/","url":"https:\/\/www.pagosaspringsmedicalcenter.org\/wp-content\/uploads\/2023\/02\/New-Logo-2019-Green-and-Blue-PNG.png","contentUrl":"https:\/\/www.pagosaspringsmedicalcenter.org\/wp-content\/uploads\/2023\/02\/New-Logo-2019-Green-and-Blue-PNG.png","width":2171,"height":814,"caption":"Pagosa Springs Medical Center"},"image":{"@id":"https:\/\/www.pagosaspringsmedicalcenter.org\/#\/schema\/logo\/image\/"},"sameAs":["https:\/\/www.facebook.com\/psmedicalcenter"]}]}},"_links":{"self":[{"href":"https:\/\/www.pagosaspringsmedicalcenter.org\/es\/wp-json\/wp\/v2\/pages\/656","targetHints":{"allow":["GET"]}}],"collection":[{"href":"https:\/\/www.pagosaspringsmedicalcenter.org\/es\/wp-json\/wp\/v2\/pages"}],"about":[{"href":"https:\/\/www.pagosaspringsmedicalcenter.org\/es\/wp-json\/wp\/v2\/types\/page"}],"author":[{"embeddable":true,"href":"https:\/\/www.pagosaspringsmedicalcenter.org\/es\/wp-json\/wp\/v2\/users\/1"}],"replies":[{"embeddable":true,"href":"https:\/\/www.pagosaspringsmedicalcenter.org\/es\/wp-json\/wp\/v2\/comments?post=656"}],"version-history":[{"count":15,"href":"https:\/\/www.pagosaspringsmedicalcenter.org\/es\/wp-json\/wp\/v2\/pages\/656\/revisions"}],"predecessor-version":[{"id":14551,"href":"https:\/\/www.pagosaspringsmedicalcenter.org\/es\/wp-json\/wp\/v2\/pages\/656\/revisions\/14551"}],"wp:attachment":[{"href":"https:\/\/www.pagosaspringsmedicalcenter.org\/es\/wp-json\/wp\/v2\/media?parent=656"}],"curies":[{"name":"gracias","href":"https:\/\/api.w.org\/{rel}","templated":true}]}}