{"id":5756,"date":"2021-12-09T15:55:06","date_gmt":"2021-12-09T22:55:06","guid":{"rendered":"https:\/\/www.pagosaspringsmedicalcenter.org\/?page_id=5756"},"modified":"2024-09-23T08:57:51","modified_gmt":"2024-09-23T14:57:51","slug":"life-in-pagosa-springs","status":"publish","type":"page","link":"https:\/\/www.pagosaspringsmedicalcenter.org\/es\/careers\/life-in-pagosa-springs\/","title":{"rendered":"La vida en Pagosa Springs"},"content":{"rendered":"<div data-elementor-type=\"wp-page\" data-elementor-id=\"5756\" class=\"elementor elementor-5756\" data-elementor-post-type=\"page\">\n\t\t\t\t\t\t<section class=\"elementor-section elementor-top-section elementor-element elementor-element-b90e799 elementor-section-boxed elementor-section-height-default elementor-section-height-default\" data-id=\"b90e799\" data-element_type=\"section\" data-e-type=\"section\">\n\t\t\t\t\t\t<div class=\"elementor-container elementor-column-gap-default\">\n\t\t\t\t\t<div class=\"elementor-column elementor-col-100 elementor-top-column elementor-element elementor-element-abdf6c6\" data-id=\"abdf6c6\" data-element_type=\"column\" data-e-type=\"column\">\n\t\t\t<div class=\"elementor-widget-wrap elementor-element-populated\">\n\t\t\t\t\t\t<div class=\"elementor-element elementor-element-2f4fa2d elementor-widget elementor-widget-spacer\" data-id=\"2f4fa2d\" data-element_type=\"widget\" data-e-type=\"widget\" data-widget_type=\"spacer.default\">\n\t\t\t\t<div class=\"elementor-widget-container\">\n\t\t\t\t\t\t\t<div class=\"elementor-spacer\">\n\t\t\t<div class=\"elementor-spacer-inner\"><\/div>\n\t\t<\/div>\n\t\t\t\t\t\t<\/div>\n\t\t\t\t<\/div>\n\t\t\t\t<div class=\"elementor-element elementor-element-276d9a6 elementor-drop-cap-yes elementor-drop-cap-view-default elementor-widget elementor-widget-text-editor\" data-id=\"276d9a6\" data-element_type=\"widget\" data-e-type=\"widget\" data-settings=\"{&quot;drop_cap&quot;:&quot;yes&quot;}\" data-widget_type=\"text-editor.default\">\n\t\t\t\t<div class=\"elementor-widget-container\">\n\t\t\t\t\t\t\t\t\t<p>Estamos ubicados en la hermosa Pagosa Springs en el suroeste de Colorado, a solo minutos de la estaci\u00f3n de esqu\u00ed de Wolf Creek y hogar de las aguas termales m\u00e1s profundas del mundo. Pagosa Springs es un peque\u00f1o y encantador pueblo de monta\u00f1a rodeado por el Bosque Nacional de San Juan y alberga una multitud de actividades al aire libre, como esqu\u00ed, senderismo, ciclismo, rafting y paseos a caballo para que disfrute toda la familia. Desde las monta\u00f1as hasta las aguas termales, Pagosa ofrece un alto estilo de vida rural, lleno de aventuras al aire libre y una sensaci\u00f3n de comunidad de pueblo peque\u00f1o.&nbsp;<\/p>\t\t\t\t\t\t\t\t<\/div>\n\t\t\t\t<\/div>\n\t\t\t\t\t<\/div>\n\t\t<\/div>\n\t\t\t\t\t<\/div>\n\t\t<\/section>\n\t\t\t\t<section class=\"elementor-section elementor-top-section elementor-element elementor-element-dbe90f7 elementor-section-boxed elementor-section-height-default elementor-section-height-default\" data-id=\"dbe90f7\" data-element_type=\"section\" data-e-type=\"section\">\n\t\t\t\t\t\t<div class=\"elementor-container elementor-column-gap-default\">\n\t\t\t\t\t<div class=\"elementor-column elementor-col-100 elementor-top-column elementor-element elementor-element-6a230f3\" data-id=\"6a230f3\" data-element_type=\"column\" data-e-type=\"column\">\n\t\t\t<div class=\"elementor-widget-wrap\">\n\t\t\t\t\t\t\t<\/div>\n\t\t<\/div>\n\t\t\t\t\t<\/div>\n\t\t<\/section>\n\t\t\t\t<section class=\"elementor-section elementor-top-section elementor-element elementor-element-9bff3fd elementor-section-boxed elementor-section-height-default elementor-section-height-default\" data-id=\"9bff3fd\" data-element_type=\"section\" data-e-type=\"section\">\n\t\t\t\t\t\t<div class=\"elementor-container elementor-column-gap-default\">\n\t\t\t\t\t<div class=\"elementor-column elementor-col-100 elementor-top-column elementor-element elementor-element-8de71d6\" data-id=\"8de71d6\" data-element_type=\"column\" data-e-type=\"column\">\n\t\t\t<div class=\"elementor-widget-wrap elementor-element-populated\">\n\t\t\t\t\t\t<div class=\"elementor-element elementor-element-7eabfcd elementor-widget elementor-widget-gallery\" data-id=\"7eabfcd\" data-element_type=\"widget\" data-e-type=\"widget\" data-settings=\"{&quot;columns&quot;:3,&quot;aspect_ratio&quot;:&quot;16:9&quot;,&quot;image_hover_animation&quot;:&quot;grow&quot;,&quot;lazyload&quot;:&quot;yes&quot;,&quot;gallery_layout&quot;:&quot;grid&quot;,&quot;columns_tablet&quot;:2,&quot;columns_mobile&quot;:1,&quot;gap&quot;:{&quot;unit&quot;:&quot;px&quot;,&quot;size&quot;:10,&quot;sizes&quot;:[]},&quot;gap_tablet&quot;:{&quot;unit&quot;:&quot;px&quot;,&quot;size&quot;:10,&quot;sizes&quot;:[]},&quot;gap_mobile&quot;:{&quot;unit&quot;:&quot;px&quot;,&quot;size&quot;:10,&quot;sizes&quot;:[]},&quot;link_to&quot;:&quot;file&quot;,&quot;overlay_background&quot;:&quot;yes&quot;,&quot;content_hover_animation&quot;:&quot;fade-in&quot;}\" data-widget_type=\"gallery.default\">\n\t\t\t\t<div class=\"elementor-widget-container\">\n\t\t\t\t\t\t\t<div class=\"elementor-gallery__container\">\n\t\t\t\t\t\t\t<a class=\"e-gallery-item elementor-gallery-item elementor-animated-content\" href=\"https:\/\/www.pagosaspringsmedicalcenter.org\/wp-content\/uploads\/2021\/12\/maxresdefault-e1639090450756.jpg\" data-elementor-open-lightbox=\"yes\" data-elementor-lightbox-slideshow=\"7eabfcd\" data-e-action-hash=\"#elementor-action%3Aaction%3Dlightbox%26settings%3DeyJpZCI6NTc1MSwidXJsIjoiaHR0cHM6XC9cL3d3dy5wYWdvc2FzcHJpbmdzbWVkaWNhbGNlbnRlci5vcmdcL3dwLWNvbnRlbnRcL3VwbG9hZHNcLzIwMjFcLzEyXC9tYXhyZXNkZWZhdWx0LWUxNjM5MDkwNDUwNzU2LmpwZyIsInNsaWRlc2hvdyI6IjdlYWJmY2QifQ%3D%3D\">\n\t\t\t\t\t<div class=\"e-gallery-image elementor-gallery-item__image\" data-thumbnail=\"https:\/\/www.pagosaspringsmedicalcenter.org\/wp-content\/uploads\/2021\/12\/maxresdefault-e1639090450756.jpg\" data-width=\"1280\" data-height=\"540\" aria-label=\"El centro de Pagosa Springs en invierno\" role=\"img\" ><\/div>\n\t\t\t\t\t\t\t\t\t\t\t<div class=\"elementor-gallery-item__overlay\"><\/div>\n\t\t\t\t\t\t\t\t\t\t\t\t\t\t<\/a>\n\t\t\t\t\t\t\t<a class=\"e-gallery-item elementor-gallery-item elementor-animated-content\" href=\"https:\/\/www.pagosaspringsmedicalcenter.org\/wp-content\/uploads\/2021\/12\/canoe-pagosa-springs_courtesy_680.jpg\" data-elementor-open-lightbox=\"yes\" data-elementor-lightbox-slideshow=\"7eabfcd\" data-e-action-hash=\"#elementor-action%3Aaction%3Dlightbox%26settings%3DeyJpZCI6NTc2MywidXJsIjoiaHR0cHM6XC9cL3d3dy5wYWdvc2FzcHJpbmdzbWVkaWNhbGNlbnRlci5vcmdcL3dwLWNvbnRlbnRcL3VwbG9hZHNcLzIwMjFcLzEyXC9jYW5vZS1wYWdvc2Etc3ByaW5nc19jb3VydGVzeV82ODAuanBnIiwic2xpZGVzaG93IjoiN2VhYmZjZCJ9\">\n\t\t\t\t\t<div class=\"e-gallery-image elementor-gallery-item__image\" data-thumbnail=\"https:\/\/www.pagosaspringsmedicalcenter.org\/wp-content\/uploads\/2021\/12\/canoe-pagosa-springs_courtesy_680.jpg\" data-width=\"1200\" data-height=\"692\" aria-label=\"Dos personas remando una canoa en el lago Hatcher\" role=\"img\" ><\/div>\n\t\t\t\t\t\t\t\t\t\t\t<div class=\"elementor-gallery-item__overlay\"><\/div>\n\t\t\t\t\t\t\t\t\t\t\t\t\t\t<\/a>\n\t\t\t\t\t\t\t<a class=\"e-gallery-item elementor-gallery-item elementor-animated-content\" href=\"https:\/\/www.pagosaspringsmedicalcenter.org\/wp-content\/uploads\/2021\/12\/colorfest-inside-DSC_0006.jpg\" data-elementor-open-lightbox=\"yes\" data-elementor-lightbox-slideshow=\"7eabfcd\" data-e-action-hash=\"#elementor-action%3Aaction%3Dlightbox%26settings%3DeyJpZCI6NTc2NSwidXJsIjoiaHR0cHM6XC9cL3d3dy5wYWdvc2FzcHJpbmdzbWVkaWNhbGNlbnRlci5vcmdcL3dwLWNvbnRlbnRcL3VwbG9hZHNcLzIwMjFcLzEyXC9jb2xvcmZlc3QtaW5zaWRlLURTQ18wMDA2LmpwZyIsInNsaWRlc2hvdyI6IjdlYWJmY2QifQ%3D%3D\">\n\t\t\t\t\t<div class=\"e-gallery-image elementor-gallery-item__image\" data-thumbnail=\"https:\/\/www.pagosaspringsmedicalcenter.org\/wp-content\/uploads\/2021\/12\/colorfest-inside-DSC_0006.jpg\" data-width=\"480\" data-height=\"321\" aria-label=\"Un grupo de globos aerost\u00e1ticos en Pagosa Lakes durante Colorfest\" role=\"img\" ><\/div>\n\t\t\t\t\t\t\t\t\t\t\t<div class=\"elementor-gallery-item__overlay\"><\/div>\n\t\t\t\t\t\t\t\t\t\t\t\t\t\t<\/a>\n\t\t\t\t\t\t\t<a class=\"e-gallery-item elementor-gallery-item elementor-animated-content\" href=\"https:\/\/www.pagosaspringsmedicalcenter.org\/wp-content\/uploads\/2021\/12\/san-juan-river-pagosa-springs-1.jpg\" data-elementor-open-lightbox=\"yes\" data-elementor-lightbox-slideshow=\"7eabfcd\" data-e-action-hash=\"#elementor-action%3Aaction%3Dlightbox%26settings%3DeyJpZCI6NTc2NiwidXJsIjoiaHR0cHM6XC9cL3d3dy5wYWdvc2FzcHJpbmdzbWVkaWNhbGNlbnRlci5vcmdcL3dwLWNvbnRlbnRcL3VwbG9hZHNcLzIwMjFcLzEyXC9zYW4tanVhbi1yaXZlci1wYWdvc2Etc3ByaW5ncy0xLmpwZyIsInNsaWRlc2hvdyI6IjdlYWJmY2QifQ%3D%3D\">\n\t\t\t\t\t<div class=\"e-gallery-image elementor-gallery-item__image\" data-thumbnail=\"https:\/\/www.pagosaspringsmedicalcenter.org\/wp-content\/uploads\/2021\/12\/san-juan-river-pagosa-springs-1.jpg\" data-width=\"1450\" data-height=\"1195\" aria-label=\"El r\u00edo en el centro de Pagosa Springs en verano\" role=\"img\" ><\/div>\n\t\t\t\t\t\t\t\t\t\t\t<div class=\"elementor-gallery-item__overlay\"><\/div>\n\t\t\t\t\t\t\t\t\t\t\t\t\t\t<\/a>\n\t\t\t\t\t\t\t<a class=\"e-gallery-item elementor-gallery-item elementor-animated-content\" href=\"https:\/\/www.pagosaspringsmedicalcenter.org\/wp-content\/uploads\/2021\/12\/pagosaspringsvacationrental.1567714348-e1641345387938.jpg\" data-elementor-open-lightbox=\"yes\" data-elementor-lightbox-slideshow=\"7eabfcd\" data-e-action-hash=\"#elementor-action%3Aaction%3Dlightbox%26settings%3DeyJpZCI6NTc2NywidXJsIjoiaHR0cHM6XC9cL3d3dy5wYWdvc2FzcHJpbmdzbWVkaWNhbGNlbnRlci5vcmdcL3dwLWNvbnRlbnRcL3VwbG9hZHNcLzIwMjFcLzEyXC9wYWdvc2FzcHJpbmdzdmFjYXRpb25yZW50YWwuMTU2NzcxNDM0OC1lMTY0MTM0NTM4NzkzOC5qcGciLCJzbGlkZXNob3ciOiI3ZWFiZmNkIn0%3D\">\n\t\t\t\t\t<div class=\"e-gallery-image elementor-gallery-item__image\" data-thumbnail=\"https:\/\/www.pagosaspringsmedicalcenter.org\/wp-content\/uploads\/2021\/12\/pagosaspringsvacationrental.1567714348-e1641345387938.jpg\" data-width=\"1200\" data-height=\"800\" aria-label=\"Persona esquiando en Wolf Creek Ski Area\" role=\"img\" ><\/div>\n\t\t\t\t\t\t\t\t\t\t\t<div class=\"elementor-gallery-item__overlay\"><\/div>\n\t\t\t\t\t\t\t\t\t\t\t\t\t\t<\/a>\n\t\t\t\t\t\t\t<a class=\"e-gallery-item elementor-gallery-item elementor-animated-content\" href=\"https:\/\/www.pagosaspringsmedicalcenter.org\/wp-content\/uploads\/2021\/12\/29LakePagosaPLPOAGecko2.jpg\" data-elementor-open-lightbox=\"yes\" data-elementor-lightbox-slideshow=\"7eabfcd\" data-e-action-hash=\"#elementor-action%3Aaction%3Dlightbox%26settings%3DeyJpZCI6NTc2OCwidXJsIjoiaHR0cHM6XC9cL3d3dy5wYWdvc2FzcHJpbmdzbWVkaWNhbGNlbnRlci5vcmdcL3dwLWNvbnRlbnRcL3VwbG9hZHNcLzIwMjFcLzEyXC8yOUxha2VQYWdvc2FQTFBPQUdlY2tvMi5qcGciLCJzbGlkZXNob3ciOiI3ZWFiZmNkIn0%3D\">\n\t\t\t\t\t<div class=\"e-gallery-image elementor-gallery-item__image\" data-thumbnail=\"https:\/\/www.pagosaspringsmedicalcenter.org\/wp-content\/uploads\/2021\/12\/29LakePagosaPLPOAGecko2.jpg\" data-width=\"1200\" data-height=\"692\" aria-label=\"Vista a\u00e9rea de Pagosa Lakes en oto\u00f1o\" role=\"img\" ><\/div>\n\t\t\t\t\t\t\t\t\t\t\t<div class=\"elementor-gallery-item__overlay\"><\/div>\n\t\t\t\t\t\t\t\t\t\t\t\t\t\t<\/a>\n\t\t\t\t\t<\/div>\n\t\t\t\t\t<\/div>\n\t\t\t\t<\/div>\n\t\t\t\t\t<\/div>\n\t\t<\/div>\n\t\t\t\t\t<\/div>\n\t\t<\/section>\n\t\t\t\t<\/div>","protected":false},"excerpt":{"rendered":"<p>Estamos ubicados en la hermosa Pagosa Springs en el suroeste de Colorado, a solo minutos de la zona de esqu\u00ed de Wolf Creek y hogar de las aguas termales m\u00e1s profundas del mundo. Pagosa Springs es un peque\u00f1o y encantador pueblo de monta\u00f1a rodeado por el Bosque Nacional de San Juan y alberga una multitud de actividades al aire libre, como esqu\u00ed, senderismo, ciclismo, rafting y paseos a caballo...<\/p>","protected":false},"author":8,"featured_media":0,"parent":2974,"menu_order":0,"comment_status":"closed","ping_status":"closed","template":"","meta":{"footnotes":""},"class_list":["post-5756","page","type-page","status-publish","hentry"],"yoast_head":"<!-- This site is optimized with the Yoast SEO plugin v27.3 - https:\/\/yoast.com\/product\/yoast-seo-wordpress\/ -->\n<title>Life in Pagosa Springs - Pagosa Springs Medical Center<\/title>\n<meta name=\"robots\" content=\"index, follow, max-snippet:-1, max-image-preview:large, max-video-preview:-1\" \/>\n<link rel=\"canonical\" href=\"https:\/\/www.pagosaspringsmedicalcenter.org\/es\/careers\/life-in-pagosa-springs\/\" \/>\n<meta property=\"og:locale\" content=\"es_MX\" \/>\n<meta property=\"og:type\" content=\"article\" \/>\n<meta property=\"og:title\" content=\"Life in Pagosa Springs - Pagosa Springs Medical Center\" \/>\n<meta property=\"og:description\" content=\"We are located in beautiful Pagosa Springs in Southwestern Colorado, just minutes from Wolf Creek Ski Area and home to the world&#8217;s deepest hot springs. Pagosa Springs is a small, charming mountain town surrounded by the San Juan National Forest and hosts a multitude of outdoor activities including skiing, hiking, biking, rafting, and horseback riding...\" \/>\n<meta property=\"og:url\" content=\"https:\/\/www.pagosaspringsmedicalcenter.org\/es\/careers\/life-in-pagosa-springs\/\" \/>\n<meta property=\"og:site_name\" content=\"Pagosa Springs Medical Center\" \/>\n<meta property=\"article:publisher\" content=\"https:\/\/www.facebook.com\/psmedicalcenter\" \/>\n<meta property=\"article:modified_time\" content=\"2024-09-23T14:57:51+00:00\" \/>\n<script type=\"application\/ld+json\" class=\"yoast-schema-graph\">{\"@context\":\"https:\\\/\\\/schema.org\",\"@graph\":[{\"@type\":\"WebPage\",\"@id\":\"https:\\\/\\\/www.pagosaspringsmedicalcenter.org\\\/careers\\\/life-in-pagosa-springs\\\/\",\"url\":\"https:\\\/\\\/www.pagosaspringsmedicalcenter.org\\\/careers\\\/life-in-pagosa-springs\\\/\",\"name\":\"Life in Pagosa Springs - Pagosa Springs Medical Center\",\"isPartOf\":{\"@id\":\"https:\\\/\\\/www.pagosaspringsmedicalcenter.org\\\/#website\"},\"datePublished\":\"2021-12-09T22:55:06+00:00\",\"dateModified\":\"2024-09-23T14:57:51+00:00\",\"breadcrumb\":{\"@id\":\"https:\\\/\\\/www.pagosaspringsmedicalcenter.org\\\/careers\\\/life-in-pagosa-springs\\\/#breadcrumb\"},\"inLanguage\":\"es\",\"potentialAction\":[{\"@type\":\"ReadAction\",\"target\":[\"https:\\\/\\\/www.pagosaspringsmedicalcenter.org\\\/careers\\\/life-in-pagosa-springs\\\/\"]}]},{\"@type\":\"BreadcrumbList\",\"@id\":\"https:\\\/\\\/www.pagosaspringsmedicalcenter.org\\\/careers\\\/life-in-pagosa-springs\\\/#breadcrumb\",\"itemListElement\":[{\"@type\":\"ListItem\",\"position\":1,\"name\":\"Home\",\"item\":\"https:\\\/\\\/www.pagosaspringsmedicalcenter.org\\\/\"},{\"@type\":\"ListItem\",\"position\":2,\"name\":\"Careers\",\"item\":\"https:\\\/\\\/www.pagosaspringsmedicalcenter.org\\\/careers\\\/\"},{\"@type\":\"ListItem\",\"position\":3,\"name\":\"Life in Pagosa Springs\"}]},{\"@type\":\"WebSite\",\"@id\":\"https:\\\/\\\/www.pagosaspringsmedicalcenter.org\\\/#website\",\"url\":\"https:\\\/\\\/www.pagosaspringsmedicalcenter.org\\\/\",\"name\":\"Pagosa Springs Medical Center\",\"description\":\"The care you deserve, in the mountains you love.\",\"publisher\":{\"@id\":\"https:\\\/\\\/www.pagosaspringsmedicalcenter.org\\\/#organization\"},\"potentialAction\":[{\"@type\":\"SearchAction\",\"target\":{\"@type\":\"EntryPoint\",\"urlTemplate\":\"https:\\\/\\\/www.pagosaspringsmedicalcenter.org\\\/?s={search_term_string}\"},\"query-input\":{\"@type\":\"PropertyValueSpecification\",\"valueRequired\":true,\"valueName\":\"search_term_string\"}}],\"inLanguage\":\"es\"},{\"@type\":\"Organization\",\"@id\":\"https:\\\/\\\/www.pagosaspringsmedicalcenter.org\\\/#organization\",\"name\":\"Pagosa Springs Medical Center\",\"url\":\"https:\\\/\\\/www.pagosaspringsmedicalcenter.org\\\/\",\"logo\":{\"@type\":\"ImageObject\",\"inLanguage\":\"es\",\"@id\":\"https:\\\/\\\/www.pagosaspringsmedicalcenter.org\\\/#\\\/schema\\\/logo\\\/image\\\/\",\"url\":\"https:\\\/\\\/www.pagosaspringsmedicalcenter.org\\\/wp-content\\\/uploads\\\/2023\\\/02\\\/New-Logo-2019-Green-and-Blue-PNG.png\",\"contentUrl\":\"https:\\\/\\\/www.pagosaspringsmedicalcenter.org\\\/wp-content\\\/uploads\\\/2023\\\/02\\\/New-Logo-2019-Green-and-Blue-PNG.png\",\"width\":2171,\"height\":814,\"caption\":\"Pagosa Springs Medical Center\"},\"image\":{\"@id\":\"https:\\\/\\\/www.pagosaspringsmedicalcenter.org\\\/#\\\/schema\\\/logo\\\/image\\\/\"},\"sameAs\":[\"https:\\\/\\\/www.facebook.com\\\/psmedicalcenter\"]}]}<\/script>\n<!-- \/ Yoast SEO plugin. -->","yoast_head_json":{"title":"La vida en Pagosa Springs - Centro M\u00e9dico Pagosa Springs","robots":{"index":"index","follow":"follow","max-snippet":"max-snippet:-1","max-image-preview":"max-image-preview:large","max-video-preview":"max-video-preview:-1"},"canonical":"https:\/\/www.pagosaspringsmedicalcenter.org\/es\/careers\/life-in-pagosa-springs\/","og_locale":"es_MX","og_type":"article","og_title":"Life in Pagosa Springs - Pagosa Springs Medical Center","og_description":"We are located in beautiful Pagosa Springs in Southwestern Colorado, just minutes from Wolf Creek Ski Area and home to the world&#8217;s deepest hot springs. Pagosa Springs is a small, charming mountain town surrounded by the San Juan National Forest and hosts a multitude of outdoor activities including skiing, hiking, biking, rafting, and horseback riding...","og_url":"https:\/\/www.pagosaspringsmedicalcenter.org\/es\/careers\/life-in-pagosa-springs\/","og_site_name":"Pagosa Springs Medical Center","article_publisher":"https:\/\/www.facebook.com\/psmedicalcenter","article_modified_time":"2024-09-23T14:57:51+00:00","schema":{"@context":"https:\/\/schema.org","@graph":[{"@type":"WebPage","@id":"https:\/\/www.pagosaspringsmedicalcenter.org\/careers\/life-in-pagosa-springs\/","url":"https:\/\/www.pagosaspringsmedicalcenter.org\/careers\/life-in-pagosa-springs\/","name":"La vida en Pagosa Springs - Centro M\u00e9dico Pagosa Springs","isPartOf":{"@id":"https:\/\/www.pagosaspringsmedicalcenter.org\/#website"},"datePublished":"2021-12-09T22:55:06+00:00","dateModified":"2024-09-23T14:57:51+00:00","breadcrumb":{"@id":"https:\/\/www.pagosaspringsmedicalcenter.org\/careers\/life-in-pagosa-springs\/#breadcrumb"},"inLanguage":"es","potentialAction":[{"@type":"ReadAction","target":["https:\/\/www.pagosaspringsmedicalcenter.org\/careers\/life-in-pagosa-springs\/"]}]},{"@type":"BreadcrumbList","@id":"https:\/\/www.pagosaspringsmedicalcenter.org\/careers\/life-in-pagosa-springs\/#breadcrumb","itemListElement":[{"@type":"ListItem","position":1,"name":"Home","item":"https:\/\/www.pagosaspringsmedicalcenter.org\/"},{"@type":"ListItem","position":2,"name":"Careers","item":"https:\/\/www.pagosaspringsmedicalcenter.org\/careers\/"},{"@type":"ListItem","position":3,"name":"Life in Pagosa Springs"}]},{"@type":"WebSite","@id":"https:\/\/www.pagosaspringsmedicalcenter.org\/#website","url":"https:\/\/www.pagosaspringsmedicalcenter.org\/","name":"Centro M\u00e9dico Pagosa Springs","description":"El cuidado que te mereces, en las monta\u00f1as que amas.","publisher":{"@id":"https:\/\/www.pagosaspringsmedicalcenter.org\/#organization"},"potentialAction":[{"@type":"SearchAction","target":{"@type":"EntryPoint","urlTemplate":"https:\/\/www.pagosaspringsmedicalcenter.org\/?s={search_term_string}"},"query-input":{"@type":"PropertyValueSpecification","valueRequired":true,"valueName":"search_term_string"}}],"inLanguage":"es"},{"@type":"Organization","@id":"https:\/\/www.pagosaspringsmedicalcenter.org\/#organization","name":"Centro M\u00e9dico Pagosa Springs","url":"https:\/\/www.pagosaspringsmedicalcenter.org\/","logo":{"@type":"ImageObject","inLanguage":"es","@id":"https:\/\/www.pagosaspringsmedicalcenter.org\/#\/schema\/logo\/image\/","url":"https:\/\/www.pagosaspringsmedicalcenter.org\/wp-content\/uploads\/2023\/02\/New-Logo-2019-Green-and-Blue-PNG.png","contentUrl":"https:\/\/www.pagosaspringsmedicalcenter.org\/wp-content\/uploads\/2023\/02\/New-Logo-2019-Green-and-Blue-PNG.png","width":2171,"height":814,"caption":"Pagosa Springs Medical Center"},"image":{"@id":"https:\/\/www.pagosaspringsmedicalcenter.org\/#\/schema\/logo\/image\/"},"sameAs":["https:\/\/www.facebook.com\/psmedicalcenter"]}]}},"_links":{"self":[{"href":"https:\/\/www.pagosaspringsmedicalcenter.org\/es\/wp-json\/wp\/v2\/pages\/5756","targetHints":{"allow":["GET"]}}],"collection":[{"href":"https:\/\/www.pagosaspringsmedicalcenter.org\/es\/wp-json\/wp\/v2\/pages"}],"about":[{"href":"https:\/\/www.pagosaspringsmedicalcenter.org\/es\/wp-json\/wp\/v2\/types\/page"}],"author":[{"embeddable":true,"href":"https:\/\/www.pagosaspringsmedicalcenter.org\/es\/wp-json\/wp\/v2\/users\/8"}],"replies":[{"embeddable":true,"href":"https:\/\/www.pagosaspringsmedicalcenter.org\/es\/wp-json\/wp\/v2\/comments?post=5756"}],"version-history":[{"count":15,"href":"https:\/\/www.pagosaspringsmedicalcenter.org\/es\/wp-json\/wp\/v2\/pages\/5756\/revisions"}],"predecessor-version":[{"id":13830,"href":"https:\/\/www.pagosaspringsmedicalcenter.org\/es\/wp-json\/wp\/v2\/pages\/5756\/revisions\/13830"}],"up":[{"embeddable":true,"href":"https:\/\/www.pagosaspringsmedicalcenter.org\/es\/wp-json\/wp\/v2\/pages\/2974"}],"wp:attachment":[{"href":"https:\/\/www.pagosaspringsmedicalcenter.org\/es\/wp-json\/wp\/v2\/media?parent=5756"}],"curies":[{"name":"gracias","href":"https:\/\/api.w.org\/{rel}","templated":true}]}}