{"id":5262,"date":"2021-12-02T12:59:18","date_gmt":"2021-12-02T19:59:18","guid":{"rendered":"https:\/\/www.pagosaspringsmedicalcenter.org\/?page_id=5262"},"modified":"2022-07-11T09:24:53","modified_gmt":"2022-07-11T15:24:53","slug":"employee-benefits","status":"publish","type":"page","link":"https:\/\/www.pagosaspringsmedicalcenter.org\/es\/careers\/employee-benefits\/","title":{"rendered":"Beneficios para empleados"},"content":{"rendered":"<div data-elementor-type=\"wp-page\" data-elementor-id=\"5262\" class=\"elementor elementor-5262\" data-elementor-post-type=\"page\">\n\t\t\t\t\t\t<section class=\"elementor-section elementor-top-section elementor-element elementor-element-f0450c1 elementor-section-boxed elementor-section-height-default elementor-section-height-default\" data-id=\"f0450c1\" data-element_type=\"section\" data-e-type=\"section\">\n\t\t\t\t\t\t<div class=\"elementor-container elementor-column-gap-default\">\n\t\t\t\t\t<div class=\"elementor-column elementor-col-50 elementor-top-column elementor-element elementor-element-aef5a6c\" data-id=\"aef5a6c\" data-element_type=\"column\" data-e-type=\"column\">\n\t\t\t<div class=\"elementor-widget-wrap elementor-element-populated\">\n\t\t\t\t\t\t<div class=\"elementor-element elementor-element-f39abb0 elementor-widget elementor-widget-spacer\" data-id=\"f39abb0\" data-element_type=\"widget\" data-e-type=\"widget\" data-widget_type=\"spacer.default\">\n\t\t\t\t<div class=\"elementor-widget-container\">\n\t\t\t\t\t\t\t<div class=\"elementor-spacer\">\n\t\t\t<div class=\"elementor-spacer-inner\"><\/div>\n\t\t<\/div>\n\t\t\t\t\t\t<\/div>\n\t\t\t\t<\/div>\n\t\t\t\t<div class=\"elementor-element elementor-element-d78f591 elementor-widget elementor-widget-toggle\" data-id=\"d78f591\" data-element_type=\"widget\" data-e-type=\"widget\" data-widget_type=\"toggle.default\">\n\t\t\t\t<div class=\"elementor-widget-container\">\n\t\t\t\t\t\t\t<div class=\"elementor-toggle\">\n\t\t\t\t\t\t\t<div class=\"elementor-toggle-item\">\n\t\t\t\t\t<div id=\"elementor-tab-title-2261\" class=\"elementor-tab-title\" data-tab=\"1\" role=\"button\" aria-controls=\"elementor-tab-content-2261\" aria-expanded=\"false\">\n\t\t\t\t\t\t\t\t\t\t\t\t<span class=\"elementor-toggle-icon elementor-toggle-icon-left\" aria-hidden=\"true\">\n\t\t\t\t\t\t\t\t\t\t\t\t\t\t\t<span class=\"elementor-toggle-icon-closed\"><i class=\"fas fa-caret-right\"><\/i><\/span>\n\t\t\t\t\t\t\t\t<span class=\"elementor-toggle-icon-opened\"><i class=\"elementor-toggle-icon-opened fas fa-caret-up\"><\/i><\/span>\n\t\t\t\t\t\t\t\t\t\t\t\t\t<\/span>\n\t\t\t\t\t\t\t\t\t\t\t\t<a class=\"elementor-toggle-title\" tabindex=\"0\">Seguro de salud<\/a>\n\t\t\t\t\t<\/div>\n\n\t\t\t\t\t<div id=\"elementor-tab-content-2261\" class=\"elementor-tab-content elementor-clearfix\" data-tab=\"1\" role=\"region\" aria-labelledby=\"elementor-tab-title-2261\"><p>Proveedor: UMR<br \/>Fecha de vigencia: primer d\u00eda del mes siguiente al empleo<br \/>Qui\u00e9n es elegible: Todos los empleados regulares que trabajan 30 horas o m\u00e1s a la semana<\/p><\/div>\n\t\t\t\t<\/div>\n\t\t\t\t\t\t\t<div class=\"elementor-toggle-item\">\n\t\t\t\t\t<div id=\"elementor-tab-title-2262\" class=\"elementor-tab-title\" data-tab=\"2\" role=\"button\" aria-controls=\"elementor-tab-content-2262\" aria-expanded=\"false\">\n\t\t\t\t\t\t\t\t\t\t\t\t<span class=\"elementor-toggle-icon elementor-toggle-icon-left\" aria-hidden=\"true\">\n\t\t\t\t\t\t\t\t\t\t\t\t\t\t\t<span class=\"elementor-toggle-icon-closed\"><i class=\"fas fa-caret-right\"><\/i><\/span>\n\t\t\t\t\t\t\t\t<span class=\"elementor-toggle-icon-opened\"><i class=\"elementor-toggle-icon-opened fas fa-caret-up\"><\/i><\/span>\n\t\t\t\t\t\t\t\t\t\t\t\t\t<\/span>\n\t\t\t\t\t\t\t\t\t\t\t\t<a class=\"elementor-toggle-title\" tabindex=\"0\">Seguro dental<\/a>\n\t\t\t\t\t<\/div>\n\n\t\t\t\t\t<div id=\"elementor-tab-content-2262\" class=\"elementor-tab-content elementor-clearfix\" data-tab=\"2\" role=\"region\" aria-labelledby=\"elementor-tab-title-2262\"><p>Proveedor dental: Delta Dental PPO plus Premier Plan<br \/>Fecha de vigencia: primer d\u00eda del mes siguiente al empleo<br \/>Qui\u00e9n es elegible: Todos los empleados regulares que trabajan 30 horas o m\u00e1s a la semana<br \/>Deducible Anual: Individual $25\/Familia $75<br \/>M\u00e1ximo Anual: $1,500<br \/>Diagn\u00f3stico y preventivo: 100% con proveedores PPO, 100% con proveedor Premier y 80% con proveedor no participante<\/p><\/div>\n\t\t\t\t<\/div>\n\t\t\t\t\t\t\t<div class=\"elementor-toggle-item\">\n\t\t\t\t\t<div id=\"elementor-tab-title-2263\" class=\"elementor-tab-title\" data-tab=\"3\" role=\"button\" aria-controls=\"elementor-tab-content-2263\" aria-expanded=\"false\">\n\t\t\t\t\t\t\t\t\t\t\t\t<span class=\"elementor-toggle-icon elementor-toggle-icon-left\" aria-hidden=\"true\">\n\t\t\t\t\t\t\t\t\t\t\t\t\t\t\t<span class=\"elementor-toggle-icon-closed\"><i class=\"fas fa-caret-right\"><\/i><\/span>\n\t\t\t\t\t\t\t\t<span class=\"elementor-toggle-icon-opened\"><i class=\"elementor-toggle-icon-opened fas fa-caret-up\"><\/i><\/span>\n\t\t\t\t\t\t\t\t\t\t\t\t\t<\/span>\n\t\t\t\t\t\t\t\t\t\t\t\t<a class=\"elementor-toggle-title\" tabindex=\"0\">Seguro de visi\u00f3n<\/a>\n\t\t\t\t\t<\/div>\n\n\t\t\t\t\t<div id=\"elementor-tab-content-2263\" class=\"elementor-tab-content elementor-clearfix\" data-tab=\"3\" role=\"region\" aria-labelledby=\"elementor-tab-title-2263\"><p>Proveedor de la vista: Plan de servicios de la vista (VSP)<br \/>Fecha de vigencia: primer d\u00eda del mes siguiente al empleo<br \/>Qui\u00e9n es elegible: Todos los empleados regulares que trabajan 30 horas o m\u00e1s a la semana<br \/>Examen de la vista de pozo Copago: $10<br \/>Copago de lentes de anteojos: $30<br \/>Monturas: Hasta $130 de asignaci\u00f3n, luego 20% de descuento en todas las excedentes de asignaci\u00f3n<br \/>Lentes de contacto electivos: asignaci\u00f3n $120<br \/>Lentes de contacto necesarios: cubiertos en su totalidad por los m\u00e9dicos de VSP<br \/>Laser Vision: 15% \u2013 20% descuento promedio o 5% precio promocional<\/p><\/div>\n\t\t\t\t<\/div>\n\t\t\t\t\t\t\t<div class=\"elementor-toggle-item\">\n\t\t\t\t\t<div id=\"elementor-tab-title-2264\" class=\"elementor-tab-title\" data-tab=\"4\" role=\"button\" aria-controls=\"elementor-tab-content-2264\" aria-expanded=\"false\">\n\t\t\t\t\t\t\t\t\t\t\t\t<span class=\"elementor-toggle-icon elementor-toggle-icon-left\" aria-hidden=\"true\">\n\t\t\t\t\t\t\t\t\t\t\t\t\t\t\t<span class=\"elementor-toggle-icon-closed\"><i class=\"fas fa-caret-right\"><\/i><\/span>\n\t\t\t\t\t\t\t\t<span class=\"elementor-toggle-icon-opened\"><i class=\"elementor-toggle-icon-opened fas fa-caret-up\"><\/i><\/span>\n\t\t\t\t\t\t\t\t\t\t\t\t\t<\/span>\n\t\t\t\t\t\t\t\t\t\t\t\t<a class=\"elementor-toggle-title\" tabindex=\"0\">Seguro de vida<\/a>\n\t\t\t\t\t<\/div>\n\n\t\t\t\t\t<div id=\"elementor-tab-content-2264\" class=\"elementor-tab-content elementor-clearfix\" data-tab=\"4\" role=\"region\" aria-labelledby=\"elementor-tab-title-2264\"><p>Proveedor: Lincoln Financial Group<br \/>Fecha de vigencia: primer d\u00eda del mes siguiente al empleo<br \/>Prima: Centro m\u00e9dico paga 100% de primas<br \/>Qui\u00e9n es elegible: Todos los empleados regulares que trabajan 30 horas o m\u00e1s a la semana<br \/>Beneficio: 1x compensaci\u00f3n anual del empleado con un tope de $250,000<\/p><\/div>\n\t\t\t\t<\/div>\n\t\t\t\t\t\t\t<div class=\"elementor-toggle-item\">\n\t\t\t\t\t<div id=\"elementor-tab-title-2265\" class=\"elementor-tab-title\" data-tab=\"5\" role=\"button\" aria-controls=\"elementor-tab-content-2265\" aria-expanded=\"false\">\n\t\t\t\t\t\t\t\t\t\t\t\t<span class=\"elementor-toggle-icon elementor-toggle-icon-left\" aria-hidden=\"true\">\n\t\t\t\t\t\t\t\t\t\t\t\t\t\t\t<span class=\"elementor-toggle-icon-closed\"><i class=\"fas fa-caret-right\"><\/i><\/span>\n\t\t\t\t\t\t\t\t<span class=\"elementor-toggle-icon-opened\"><i class=\"elementor-toggle-icon-opened fas fa-caret-up\"><\/i><\/span>\n\t\t\t\t\t\t\t\t\t\t\t\t\t<\/span>\n\t\t\t\t\t\t\t\t\t\t\t\t<a class=\"elementor-toggle-title\" tabindex=\"0\">Discapacidad a largo plazo<\/a>\n\t\t\t\t\t<\/div>\n\n\t\t\t\t\t<div id=\"elementor-tab-content-2265\" class=\"elementor-tab-content elementor-clearfix\" data-tab=\"5\" role=\"region\" aria-labelledby=\"elementor-tab-title-2265\"><p>Proveedor: Lincoln Financial Group<br \/>Fecha de vigencia: primer d\u00eda del mes siguiente al empleo<br \/>Prima: Centro m\u00e9dico paga 100% de primas<br \/>Qui\u00e9n es elegible: Todos los empleados regulares que trabajan 30 horas o m\u00e1s a la semana<br \/>Beneficio: 50% de compensaci\u00f3n mensual, limitado a $6,000 por mes por un m\u00e1ximo de 24 meses<\/p><\/div>\n\t\t\t\t<\/div>\n\t\t\t\t\t\t\t\t<\/div>\n\t\t\t\t\t\t<\/div>\n\t\t\t\t<\/div>\n\t\t\t\t\t<\/div>\n\t\t<\/div>\n\t\t\t\t<div class=\"elementor-column elementor-col-50 elementor-top-column elementor-element elementor-element-2e9454c\" data-id=\"2e9454c\" data-element_type=\"column\" data-e-type=\"column\">\n\t\t\t<div class=\"elementor-widget-wrap elementor-element-populated\">\n\t\t\t\t\t\t<div class=\"elementor-element elementor-element-d51632d elementor-widget elementor-widget-spacer\" data-id=\"d51632d\" data-element_type=\"widget\" data-e-type=\"widget\" data-widget_type=\"spacer.default\">\n\t\t\t\t<div class=\"elementor-widget-container\">\n\t\t\t\t\t\t\t<div class=\"elementor-spacer\">\n\t\t\t<div class=\"elementor-spacer-inner\"><\/div>\n\t\t<\/div>\n\t\t\t\t\t\t<\/div>\n\t\t\t\t<\/div>\n\t\t\t\t<div class=\"elementor-element elementor-element-da9d0fc elementor-widget elementor-widget-toggle\" data-id=\"da9d0fc\" data-element_type=\"widget\" data-e-type=\"widget\" data-widget_type=\"toggle.default\">\n\t\t\t\t<div class=\"elementor-widget-container\">\n\t\t\t\t\t\t\t<div class=\"elementor-toggle\">\n\t\t\t\t\t\t\t<div class=\"elementor-toggle-item\">\n\t\t\t\t\t<div id=\"elementor-tab-title-2291\" class=\"elementor-tab-title\" data-tab=\"1\" role=\"button\" aria-controls=\"elementor-tab-content-2291\" aria-expanded=\"false\">\n\t\t\t\t\t\t\t\t\t\t\t\t<span class=\"elementor-toggle-icon elementor-toggle-icon-left\" aria-hidden=\"true\">\n\t\t\t\t\t\t\t\t\t\t\t\t\t\t\t<span class=\"elementor-toggle-icon-closed\"><i class=\"fas fa-caret-right\"><\/i><\/span>\n\t\t\t\t\t\t\t\t<span class=\"elementor-toggle-icon-opened\"><i class=\"elementor-toggle-icon-opened fas fa-caret-up\"><\/i><\/span>\n\t\t\t\t\t\t\t\t\t\t\t\t\t<\/span>\n\t\t\t\t\t\t\t\t\t\t\t\t<a class=\"elementor-toggle-title\" tabindex=\"0\">Programa de Jubilaci\u00f3n<\/a>\n\t\t\t\t\t<\/div>\n\n\t\t\t\t\t<div id=\"elementor-tab-content-2291\" class=\"elementor-tab-content elementor-clearfix\" data-tab=\"1\" role=\"region\" aria-labelledby=\"elementor-tab-title-2291\"><p>Proveedor: Asociaci\u00f3n de Jubilaci\u00f3n de Colorado (CRA)<br \/>Fecha de vigencia: Inscrito al momento de la contrataci\u00f3n<br \/>Qui\u00e9n es elegible: Todos los empleados<br \/>401(a): Se requiere que los empleados aporten 6% de su salario bruto. Pagosa Springs Medical Center iguala esa cantidad en un calendario de adquisici\u00f3n de cinco a\u00f1os.<br \/>457 Compensaci\u00f3n Diferida: Los empleados pueden participar en cualquier momento.<\/p><\/div>\n\t\t\t\t<\/div>\n\t\t\t\t\t\t\t<div class=\"elementor-toggle-item\">\n\t\t\t\t\t<div id=\"elementor-tab-title-2292\" class=\"elementor-tab-title\" data-tab=\"2\" role=\"button\" aria-controls=\"elementor-tab-content-2292\" aria-expanded=\"false\">\n\t\t\t\t\t\t\t\t\t\t\t\t<span class=\"elementor-toggle-icon elementor-toggle-icon-left\" aria-hidden=\"true\">\n\t\t\t\t\t\t\t\t\t\t\t\t\t\t\t<span class=\"elementor-toggle-icon-closed\"><i class=\"fas fa-caret-right\"><\/i><\/span>\n\t\t\t\t\t\t\t\t<span class=\"elementor-toggle-icon-opened\"><i class=\"elementor-toggle-icon-opened fas fa-caret-up\"><\/i><\/span>\n\t\t\t\t\t\t\t\t\t\t\t\t\t<\/span>\n\t\t\t\t\t\t\t\t\t\t\t\t<a class=\"elementor-toggle-title\" tabindex=\"0\">Tiempo libre pagado<\/a>\n\t\t\t\t\t<\/div>\n\n\t\t\t\t\t<div id=\"elementor-tab-content-2292\" class=\"elementor-tab-content elementor-clearfix\" data-tab=\"2\" role=\"region\" aria-labelledby=\"elementor-tab-title-2292\"><p>Qui\u00e9n es elegible: Personal por hora y asalariado que trabaje al menos 36 horas por semana.<br \/>Adem\u00e1s de las vacaciones pagadas, los empleados acumulan d\u00edas libres personales y tiempo libre pagado quincenalmente. La acumulaci\u00f3n anual total oscila entre 21 y 32 d\u00edas, seg\u00fan los a\u00f1os de servicio.<\/p><\/div>\n\t\t\t\t<\/div>\n\t\t\t\t\t\t\t<div class=\"elementor-toggle-item\">\n\t\t\t\t\t<div id=\"elementor-tab-title-2293\" class=\"elementor-tab-title\" data-tab=\"3\" role=\"button\" aria-controls=\"elementor-tab-content-2293\" aria-expanded=\"false\">\n\t\t\t\t\t\t\t\t\t\t\t\t<span class=\"elementor-toggle-icon elementor-toggle-icon-left\" aria-hidden=\"true\">\n\t\t\t\t\t\t\t\t\t\t\t\t\t\t\t<span class=\"elementor-toggle-icon-closed\"><i class=\"fas fa-caret-right\"><\/i><\/span>\n\t\t\t\t\t\t\t\t<span class=\"elementor-toggle-icon-opened\"><i class=\"elementor-toggle-icon-opened fas fa-caret-up\"><\/i><\/span>\n\t\t\t\t\t\t\t\t\t\t\t\t\t<\/span>\n\t\t\t\t\t\t\t\t\t\t\t\t<a class=\"elementor-toggle-title\" tabindex=\"0\">Baja por enfermedad<\/a>\n\t\t\t\t\t<\/div>\n\n\t\t\t\t\t<div id=\"elementor-tab-content-2293\" class=\"elementor-tab-content elementor-clearfix\" data-tab=\"3\" role=\"region\" aria-labelledby=\"elementor-tab-title-2293\"><p>Qui\u00e9n es elegible: Todos los empleados (excepto aquellos con un contrato de trabajo)<br>Fecha de vigencia: primer d\u00eda de empleo.<br>Beneficio: Los empleados acumulan licencia por enfermedad a raz\u00f3n de una (1) hora por cada treinta (30) horas trabajadas, sujeto a los topes aplicables.<\/p><\/div>\n\t\t\t\t<\/div>\n\t\t\t\t\t\t\t<div class=\"elementor-toggle-item\">\n\t\t\t\t\t<div id=\"elementor-tab-title-2294\" class=\"elementor-tab-title\" data-tab=\"4\" role=\"button\" aria-controls=\"elementor-tab-content-2294\" aria-expanded=\"false\">\n\t\t\t\t\t\t\t\t\t\t\t\t<span class=\"elementor-toggle-icon elementor-toggle-icon-left\" aria-hidden=\"true\">\n\t\t\t\t\t\t\t\t\t\t\t\t\t\t\t<span class=\"elementor-toggle-icon-closed\"><i class=\"fas fa-caret-right\"><\/i><\/span>\n\t\t\t\t\t\t\t\t<span class=\"elementor-toggle-icon-opened\"><i class=\"elementor-toggle-icon-opened fas fa-caret-up\"><\/i><\/span>\n\t\t\t\t\t\t\t\t\t\t\t\t\t<\/span>\n\t\t\t\t\t\t\t\t\t\t\t\t<a class=\"elementor-toggle-title\" tabindex=\"0\">Cuenta de gastos flexibles\/Cuenta de ahorros para la salud<\/a>\n\t\t\t\t\t<\/div>\n\n\t\t\t\t\t<div id=\"elementor-tab-content-2294\" class=\"elementor-tab-content elementor-clearfix\" data-tab=\"4\" role=\"region\" aria-labelledby=\"elementor-tab-title-2294\"><p>Fecha de vigencia: Cobertura inmediata si se elige<br \/>Qui\u00e9n es elegible: Todos los empleados regulares que trabajan 30 horas o m\u00e1s a la semana<br \/>Los programas de cuenta de gastos flexibles y HSA le permiten pagar los costos de cuidado diurno de dependientes y los gastos de bolsillo para atenci\u00f3n m\u00e9dica, de la vista, dental y de otro tipo, con d\u00f3lares antes de impuestos.<\/p><\/div>\n\t\t\t\t<\/div>\n\t\t\t\t\t\t\t\t<\/div>\n\t\t\t\t\t\t<\/div>\n\t\t\t\t<\/div>\n\t\t\t\t\t<\/div>\n\t\t<\/div>\n\t\t\t\t\t<\/div>\n\t\t<\/section>\n\t\t\t\t<\/div>","protected":false},"excerpt":{"rendered":"<p>Proveedor de seguro m\u00e9dico: UMREFecha de vigencia: Primer d\u00eda del mes siguiente al empleoQui\u00e9nes son elegibles: Todos los empleados regulares que trabajen 30 horas o m\u00e1s por semanaSeguro dentalProveedor dental: Delta Dental PPO plus Premier PlanFecha de vigencia: Primer d\u00eda del mes siguiente al empleoQui\u00e9nes son elegibles: Todos los empleados regulares que trabajen 30 horas o m\u00e1s por semanaDeducible anual: Individual $25\/Familiar $75M\u00e1ximo anual:\u2026<\/p>","protected":false},"author":8,"featured_media":0,"parent":2974,"menu_order":0,"comment_status":"closed","ping_status":"closed","template":"","meta":{"footnotes":""},"class_list":["post-5262","page","type-page","status-publish","hentry"],"yoast_head":"<!-- This site is optimized with the Yoast SEO plugin v27.4 - https:\/\/yoast.com\/product\/yoast-seo-wordpress\/ -->\n<title>Employee Benefits - Pagosa Springs Medical Center<\/title>\n<meta name=\"robots\" content=\"index, follow, max-snippet:-1, max-image-preview:large, max-video-preview:-1\" \/>\n<link rel=\"canonical\" href=\"https:\/\/www.pagosaspringsmedicalcenter.org\/es\/careers\/employee-benefits\/\" \/>\n<meta property=\"og:locale\" content=\"es_MX\" \/>\n<meta property=\"og:type\" content=\"article\" \/>\n<meta property=\"og:title\" content=\"Employee Benefits - Pagosa Springs Medical Center\" \/>\n<meta property=\"og:description\" content=\"Health Insurance Provider: UMREffective Date: First\u00a0day of month following employmentWho is eligible: All regular employees working 30 hours or more a week Dental Insurance Dental Provider: Delta Dental PPO plus Premier PlanEffective Date: First\u00a0day of month following employmentWho is eligible: All regular employees working 30 hours or more a weekAnnual Deductible: Individual $25\/Family $75Annual Maximum:...\" \/>\n<meta property=\"og:url\" content=\"https:\/\/www.pagosaspringsmedicalcenter.org\/es\/careers\/employee-benefits\/\" \/>\n<meta property=\"og:site_name\" content=\"Pagosa Springs Medical Center\" \/>\n<meta property=\"article:publisher\" content=\"https:\/\/www.facebook.com\/psmedicalcenter\" \/>\n<meta property=\"article:modified_time\" content=\"2022-07-11T15:24:53+00:00\" \/>\n<script type=\"application\/ld+json\" class=\"yoast-schema-graph\">{\"@context\":\"https:\\\/\\\/schema.org\",\"@graph\":[{\"@type\":\"WebPage\",\"@id\":\"https:\\\/\\\/www.pagosaspringsmedicalcenter.org\\\/careers\\\/employee-benefits\\\/\",\"url\":\"https:\\\/\\\/www.pagosaspringsmedicalcenter.org\\\/careers\\\/employee-benefits\\\/\",\"name\":\"Employee Benefits - Pagosa Springs Medical Center\",\"isPartOf\":{\"@id\":\"https:\\\/\\\/www.pagosaspringsmedicalcenter.org\\\/#website\"},\"datePublished\":\"2021-12-02T19:59:18+00:00\",\"dateModified\":\"2022-07-11T15:24:53+00:00\",\"breadcrumb\":{\"@id\":\"https:\\\/\\\/www.pagosaspringsmedicalcenter.org\\\/careers\\\/employee-benefits\\\/#breadcrumb\"},\"inLanguage\":\"es\",\"potentialAction\":[{\"@type\":\"ReadAction\",\"target\":[\"https:\\\/\\\/www.pagosaspringsmedicalcenter.org\\\/careers\\\/employee-benefits\\\/\"]}]},{\"@type\":\"BreadcrumbList\",\"@id\":\"https:\\\/\\\/www.pagosaspringsmedicalcenter.org\\\/careers\\\/employee-benefits\\\/#breadcrumb\",\"itemListElement\":[{\"@type\":\"ListItem\",\"position\":1,\"name\":\"Home\",\"item\":\"https:\\\/\\\/www.pagosaspringsmedicalcenter.org\\\/\"},{\"@type\":\"ListItem\",\"position\":2,\"name\":\"Careers\",\"item\":\"https:\\\/\\\/www.pagosaspringsmedicalcenter.org\\\/careers\\\/\"},{\"@type\":\"ListItem\",\"position\":3,\"name\":\"Employee Benefits\"}]},{\"@type\":\"WebSite\",\"@id\":\"https:\\\/\\\/www.pagosaspringsmedicalcenter.org\\\/#website\",\"url\":\"https:\\\/\\\/www.pagosaspringsmedicalcenter.org\\\/\",\"name\":\"Pagosa Springs Medical Center\",\"description\":\"The care you deserve, in the mountains you love.\",\"publisher\":{\"@id\":\"https:\\\/\\\/www.pagosaspringsmedicalcenter.org\\\/#organization\"},\"potentialAction\":[{\"@type\":\"SearchAction\",\"target\":{\"@type\":\"EntryPoint\",\"urlTemplate\":\"https:\\\/\\\/www.pagosaspringsmedicalcenter.org\\\/?s={search_term_string}\"},\"query-input\":{\"@type\":\"PropertyValueSpecification\",\"valueRequired\":true,\"valueName\":\"search_term_string\"}}],\"inLanguage\":\"es\"},{\"@type\":\"Organization\",\"@id\":\"https:\\\/\\\/www.pagosaspringsmedicalcenter.org\\\/#organization\",\"name\":\"Pagosa Springs Medical Center\",\"url\":\"https:\\\/\\\/www.pagosaspringsmedicalcenter.org\\\/\",\"logo\":{\"@type\":\"ImageObject\",\"inLanguage\":\"es\",\"@id\":\"https:\\\/\\\/www.pagosaspringsmedicalcenter.org\\\/#\\\/schema\\\/logo\\\/image\\\/\",\"url\":\"https:\\\/\\\/www.pagosaspringsmedicalcenter.org\\\/wp-content\\\/uploads\\\/2023\\\/02\\\/New-Logo-2019-Green-and-Blue-PNG.png\",\"contentUrl\":\"https:\\\/\\\/www.pagosaspringsmedicalcenter.org\\\/wp-content\\\/uploads\\\/2023\\\/02\\\/New-Logo-2019-Green-and-Blue-PNG.png\",\"width\":2171,\"height\":814,\"caption\":\"Pagosa Springs Medical Center\"},\"image\":{\"@id\":\"https:\\\/\\\/www.pagosaspringsmedicalcenter.org\\\/#\\\/schema\\\/logo\\\/image\\\/\"},\"sameAs\":[\"https:\\\/\\\/www.facebook.com\\\/psmedicalcenter\"]}]}<\/script>\n<!-- \/ Yoast SEO plugin. -->","yoast_head_json":{"title":"Beneficios para empleados - Centro M\u00e9dico Pagosa Springs","robots":{"index":"index","follow":"follow","max-snippet":"max-snippet:-1","max-image-preview":"max-image-preview:large","max-video-preview":"max-video-preview:-1"},"canonical":"https:\/\/www.pagosaspringsmedicalcenter.org\/es\/careers\/employee-benefits\/","og_locale":"es_MX","og_type":"article","og_title":"Employee Benefits - Pagosa Springs Medical Center","og_description":"Health Insurance Provider: UMREffective Date: First\u00a0day of month following employmentWho is eligible: All regular employees working 30 hours or more a week Dental Insurance Dental Provider: Delta Dental PPO plus Premier PlanEffective Date: First\u00a0day of month following employmentWho is eligible: All regular employees working 30 hours or more a weekAnnual Deductible: Individual $25\/Family $75Annual Maximum:...","og_url":"https:\/\/www.pagosaspringsmedicalcenter.org\/es\/careers\/employee-benefits\/","og_site_name":"Pagosa Springs Medical Center","article_publisher":"https:\/\/www.facebook.com\/psmedicalcenter","article_modified_time":"2022-07-11T15:24:53+00:00","schema":{"@context":"https:\/\/schema.org","@graph":[{"@type":"WebPage","@id":"https:\/\/www.pagosaspringsmedicalcenter.org\/careers\/employee-benefits\/","url":"https:\/\/www.pagosaspringsmedicalcenter.org\/careers\/employee-benefits\/","name":"Beneficios para empleados - Centro M\u00e9dico Pagosa Springs","isPartOf":{"@id":"https:\/\/www.pagosaspringsmedicalcenter.org\/#website"},"datePublished":"2021-12-02T19:59:18+00:00","dateModified":"2022-07-11T15:24:53+00:00","breadcrumb":{"@id":"https:\/\/www.pagosaspringsmedicalcenter.org\/careers\/employee-benefits\/#breadcrumb"},"inLanguage":"es","potentialAction":[{"@type":"ReadAction","target":["https:\/\/www.pagosaspringsmedicalcenter.org\/careers\/employee-benefits\/"]}]},{"@type":"BreadcrumbList","@id":"https:\/\/www.pagosaspringsmedicalcenter.org\/careers\/employee-benefits\/#breadcrumb","itemListElement":[{"@type":"ListItem","position":1,"name":"Home","item":"https:\/\/www.pagosaspringsmedicalcenter.org\/"},{"@type":"ListItem","position":2,"name":"Careers","item":"https:\/\/www.pagosaspringsmedicalcenter.org\/careers\/"},{"@type":"ListItem","position":3,"name":"Employee Benefits"}]},{"@type":"WebSite","@id":"https:\/\/www.pagosaspringsmedicalcenter.org\/#website","url":"https:\/\/www.pagosaspringsmedicalcenter.org\/","name":"Centro M\u00e9dico Pagosa Springs","description":"El cuidado que te mereces, en las monta\u00f1as que amas.","publisher":{"@id":"https:\/\/www.pagosaspringsmedicalcenter.org\/#organization"},"potentialAction":[{"@type":"SearchAction","target":{"@type":"EntryPoint","urlTemplate":"https:\/\/www.pagosaspringsmedicalcenter.org\/?s={search_term_string}"},"query-input":{"@type":"PropertyValueSpecification","valueRequired":true,"valueName":"search_term_string"}}],"inLanguage":"es"},{"@type":"Organization","@id":"https:\/\/www.pagosaspringsmedicalcenter.org\/#organization","name":"Centro M\u00e9dico Pagosa Springs","url":"https:\/\/www.pagosaspringsmedicalcenter.org\/","logo":{"@type":"ImageObject","inLanguage":"es","@id":"https:\/\/www.pagosaspringsmedicalcenter.org\/#\/schema\/logo\/image\/","url":"https:\/\/www.pagosaspringsmedicalcenter.org\/wp-content\/uploads\/2023\/02\/New-Logo-2019-Green-and-Blue-PNG.png","contentUrl":"https:\/\/www.pagosaspringsmedicalcenter.org\/wp-content\/uploads\/2023\/02\/New-Logo-2019-Green-and-Blue-PNG.png","width":2171,"height":814,"caption":"Pagosa Springs Medical Center"},"image":{"@id":"https:\/\/www.pagosaspringsmedicalcenter.org\/#\/schema\/logo\/image\/"},"sameAs":["https:\/\/www.facebook.com\/psmedicalcenter"]}]}},"_links":{"self":[{"href":"https:\/\/www.pagosaspringsmedicalcenter.org\/es\/wp-json\/wp\/v2\/pages\/5262","targetHints":{"allow":["GET"]}}],"collection":[{"href":"https:\/\/www.pagosaspringsmedicalcenter.org\/es\/wp-json\/wp\/v2\/pages"}],"about":[{"href":"https:\/\/www.pagosaspringsmedicalcenter.org\/es\/wp-json\/wp\/v2\/types\/page"}],"author":[{"embeddable":true,"href":"https:\/\/www.pagosaspringsmedicalcenter.org\/es\/wp-json\/wp\/v2\/users\/8"}],"replies":[{"embeddable":true,"href":"https:\/\/www.pagosaspringsmedicalcenter.org\/es\/wp-json\/wp\/v2\/comments?post=5262"}],"version-history":[{"count":15,"href":"https:\/\/www.pagosaspringsmedicalcenter.org\/es\/wp-json\/wp\/v2\/pages\/5262\/revisions"}],"predecessor-version":[{"id":7902,"href":"https:\/\/www.pagosaspringsmedicalcenter.org\/es\/wp-json\/wp\/v2\/pages\/5262\/revisions\/7902"}],"up":[{"embeddable":true,"href":"https:\/\/www.pagosaspringsmedicalcenter.org\/es\/wp-json\/wp\/v2\/pages\/2974"}],"wp:attachment":[{"href":"https:\/\/www.pagosaspringsmedicalcenter.org\/es\/wp-json\/wp\/v2\/media?parent=5262"}],"curies":[{"name":"gracias","href":"https:\/\/api.w.org\/{rel}","templated":true}]}}