{"id":3547,"date":"2021-02-09T14:40:27","date_gmt":"2021-02-09T21:40:27","guid":{"rendered":"http:\/\/pnh.wqd.mybluehost.me\/?page_id=3547"},"modified":"2024-03-19T10:33:26","modified_gmt":"2024-03-19T16:33:26","slug":"covid-19","status":"publish","type":"page","link":"https:\/\/www.pagosaspringsmedicalcenter.org\/es\/patients-visitors\/covid-19\/","title":{"rendered":"COVID-19"},"content":{"rendered":"<div data-elementor-type=\"wp-page\" data-elementor-id=\"3547\" class=\"elementor elementor-3547\" data-elementor-post-type=\"page\">\n\t\t\t\t\t\t<section class=\"elementor-section elementor-top-section elementor-element elementor-element-45821bb elementor-section-full_width elementor-section-height-default elementor-section-height-default\" data-id=\"45821bb\" data-element_type=\"section\" data-e-type=\"section\">\n\t\t\t\t\t\t<div class=\"elementor-container elementor-column-gap-default\">\n\t\t\t\t\t<div class=\"elementor-column elementor-col-100 elementor-top-column elementor-element elementor-element-2efc650\" data-id=\"2efc650\" data-element_type=\"column\" data-e-type=\"column\">\n\t\t\t<div class=\"elementor-widget-wrap elementor-element-populated\">\n\t\t\t\t\t\t<div class=\"elementor-element elementor-element-dfa32b6 animated-slow elementor-invisible elementor-widget elementor-widget-heading\" data-id=\"dfa32b6\" data-element_type=\"widget\" data-e-type=\"widget\" data-settings=\"{&quot;_animation&quot;:&quot;fadeInLeft&quot;}\" data-widget_type=\"heading.default\">\n\t\t\t\t<div class=\"elementor-widget-container\">\n\t\t\t\t\t<h1 class=\"elementor-heading-title elementor-size-default\">SEGURIDAD DEL PACIENTE<\/h1>\t\t\t\t<\/div>\n\t\t\t\t<\/div>\n\t\t\t\t<div class=\"elementor-element elementor-element-dc68825 animated-slow elementor-widget-divider--view-line elementor-invisible elementor-widget elementor-widget-divider\" data-id=\"dc68825\" data-element_type=\"widget\" data-e-type=\"widget\" data-settings=\"{&quot;_animation&quot;:&quot;fadeInLeft&quot;}\" data-widget_type=\"divider.default\">\n\t\t\t\t<div class=\"elementor-widget-container\">\n\t\t\t\t\t\t\t<div class=\"elementor-divider\">\n\t\t\t<span class=\"elementor-divider-separator\">\n\t\t\t\t\t\t<\/span>\n\t\t<\/div>\n\t\t\t\t\t\t<\/div>\n\t\t\t\t<\/div>\n\t\t\t\t\t<\/div>\n\t\t<\/div>\n\t\t\t\t\t<\/div>\n\t\t<\/section>\n\t\t\t\t<section class=\"elementor-section elementor-top-section elementor-element elementor-element-5408bcf8 elementor-section-stretched elementor-section-full_width elementor-section-height-default elementor-section-height-default\" data-id=\"5408bcf8\" data-element_type=\"section\" data-e-type=\"section\" data-settings=\"{&quot;stretch_section&quot;:&quot;section-stretched&quot;}\">\n\t\t\t\t\t\t<div class=\"elementor-container elementor-column-gap-no\">\n\t\t\t\t\t<div class=\"elementor-column elementor-col-50 elementor-top-column elementor-element elementor-element-116232ab bg-primary\" data-id=\"116232ab\" data-element_type=\"column\" data-e-type=\"column\">\n\t\t\t<div class=\"elementor-widget-wrap elementor-element-populated\">\n\t\t\t\t\t\t<section class=\"elementor-section elementor-inner-section elementor-element elementor-element-7b888bc9 elementor-section-boxed elementor-section-height-default elementor-section-height-default\" data-id=\"7b888bc9\" data-element_type=\"section\" data-e-type=\"section\">\n\t\t\t\t\t\t<div class=\"elementor-container elementor-column-gap-default\">\n\t\t\t\t\t<div class=\"elementor-column elementor-col-50 elementor-inner-column elementor-element elementor-element-53c32ebe\" data-id=\"53c32ebe\" data-element_type=\"column\" data-e-type=\"column\">\n\t\t\t<div class=\"elementor-widget-wrap\">\n\t\t\t\t\t\t\t<\/div>\n\t\t<\/div>\n\t\t\t\t<div class=\"elementor-column elementor-col-50 elementor-inner-column elementor-element elementor-element-70f457ac\" data-id=\"70f457ac\" data-element_type=\"column\" data-e-type=\"column\">\n\t\t\t<div class=\"elementor-widget-wrap elementor-element-populated\">\n\t\t\t\t\t\t<div class=\"elementor-element elementor-element-32337f07 elementor-widget elementor-widget-text-editor\" data-id=\"32337f07\" data-element_type=\"widget\" data-e-type=\"widget\" data-widget_type=\"text-editor.default\">\n\t\t\t\t<div class=\"elementor-widget-container\">\n\t\t\t\t\t\t\t\t\t<p>El hospital, la cl\u00ednica de atenci\u00f3n primaria y los centros especializados de PSMC cuentan con importantes medidas de detecci\u00f3n y seguridad para cuando venga a vernos.\u00a0<\/p>\t\t\t\t\t\t\t\t<\/div>\n\t\t\t\t<\/div>\n\t\t\t\t<div class=\"elementor-element elementor-element-13db90c1 elementor-widget elementor-widget-rt-icon-list\" data-id=\"13db90c1\" data-element_type=\"widget\" data-e-type=\"widget\" data-widget_type=\"rt-icon-list.default\">\n\t\t\t\t<div class=\"elementor-widget-container\">\n\t\t\t\t\t\r\n<div class=\"features-box-layout1\">\r\n\t<ul class=\"list-info theme2\">\r\n\t\t\t\t\t<li>\r\n\t\t\t\t\t\t\t\tLos pacientes con s\u00edntomas infecciosos son atendidos por un proveedor en un \u00e1rea separada de la cl\u00ednica.\t\t\t<\/li>\r\n\t\t\t\t\t<li>\r\n\t\t\t\t\t\t\t\tLos pacientes y el personal son examinados para detectar s\u00edntomas infecciosos antes de ingresar a las instalaciones de PSMC.\t\t\t<\/li>\r\n\t\t\t\t\t<li>\r\n\t\t\t\t\t\t\t\t<a href=\"#\">Los asientos en \u00e1reas p\u00fablicas y salas de espera est\u00e1n limitados para permitir el distanciamiento f\u00edsico.<\/a>\t\t\t<\/li>\r\n\t\t\t\t\t<li>\r\n\t\t\t\t\t\t\t\t<a href=\"#\">Las revistas y los materiales de papel se limitan a mantener la limpieza.<\/a>\t\t\t<\/li>\r\n\t\t\t\t\t<li>\r\n\t\t\t\t\t\t\t\t<a href=\"#\">La limpieza y desinfecci\u00f3n sigue siendo exhaustiva en todos los lugares.<\/a>\t\t\t<\/li>\r\n\t\t\t<\/ul>\r\n<\/div>\r\n\r\n\r\n\r\n\t\t\t\t<\/div>\n\t\t\t\t<\/div>\n\t\t\t\t\t<\/div>\n\t\t<\/div>\n\t\t\t\t\t<\/div>\n\t\t<\/section>\n\t\t\t\t\t<\/div>\n\t\t<\/div>\n\t\t\t\t<div class=\"elementor-column elementor-col-50 elementor-top-column elementor-element elementor-element-3b38b2b0\" data-id=\"3b38b2b0\" data-element_type=\"column\" data-e-type=\"column\">\n\t\t\t<div class=\"elementor-widget-wrap elementor-element-populated\">\n\t\t\t\t\t\t<div class=\"elementor-element elementor-element-3d4af50f elementor-widget elementor-widget-image\" data-id=\"3d4af50f\" data-element_type=\"widget\" data-e-type=\"widget\" data-widget_type=\"image.default\">\n\t\t\t\t<div class=\"elementor-widget-container\">\n\t\t\t\t\t\t\t\t\t\t\t\t\t\t\t<img fetchpriority=\"high\" decoding=\"async\" width=\"1024\" height=\"682\" src=\"data:image\/gif;base64,R0lGODlhAQABAAAAACH5BAEKAAEALAAAAAABAAEAAAICTAEAOw==\" class=\"attachment-large size-large wp-image-7356 lazyload\" alt=\"\" sizes=\"(max-width: 1024px) 100vw, 1024px\" data-src=\"https:\/\/www.pagosaspringsmedicalcenter.org\/wp-content\/uploads\/2022\/05\/Ryan-Medium-1024x682.jpg\" data-srcset=\"https:\/\/www.pagosaspringsmedicalcenter.org\/wp-content\/uploads\/2022\/05\/Ryan-Medium-1024x682.jpg 1024w, https:\/\/www.pagosaspringsmedicalcenter.org\/wp-content\/uploads\/2022\/05\/Ryan-Medium-300x200.jpg 300w, https:\/\/www.pagosaspringsmedicalcenter.org\/wp-content\/uploads\/2022\/05\/Ryan-Medium-768x512.jpg 768w, https:\/\/www.pagosaspringsmedicalcenter.org\/wp-content\/uploads\/2022\/05\/Ryan-Medium-1536x1024.jpg 1536w, https:\/\/www.pagosaspringsmedicalcenter.org\/wp-content\/uploads\/2022\/05\/Ryan-Medium-2048x1365.jpg 2048w\">\t\t\t\t\t\t\t\t\t\t\t\t\t\t\t<\/div>\n\t\t\t\t<\/div>\n\t\t\t\t\t<\/div>\n\t\t<\/div>\n\t\t\t\t\t<\/div>\n\t\t<\/section>\n\t\t\t\t<section class=\"elementor-section elementor-top-section elementor-element elementor-element-e5ab828 elementor-section-full_width elementor-section-height-default elementor-section-height-default\" data-id=\"e5ab828\" data-element_type=\"section\" data-e-type=\"section\">\n\t\t\t\t\t\t<div class=\"elementor-container elementor-column-gap-default\">\n\t\t\t\t\t<div class=\"elementor-column elementor-col-100 elementor-top-column elementor-element elementor-element-7fa773a\" data-id=\"7fa773a\" data-element_type=\"column\" data-e-type=\"column\">\n\t\t\t<div class=\"elementor-widget-wrap elementor-element-populated\">\n\t\t\t\t\t\t<div class=\"elementor-element elementor-element-f664453 elementor-widget elementor-widget-spacer\" data-id=\"f664453\" data-element_type=\"widget\" data-e-type=\"widget\" data-widget_type=\"spacer.default\">\n\t\t\t\t<div class=\"elementor-widget-container\">\n\t\t\t\t\t\t\t<div class=\"elementor-spacer\">\n\t\t\t<div class=\"elementor-spacer-inner\"><\/div>\n\t\t<\/div>\n\t\t\t\t\t\t<\/div>\n\t\t\t\t<\/div>\n\t\t\t\t<div class=\"elementor-element elementor-element-c06212b animated-slow elementor-invisible elementor-widget elementor-widget-heading\" data-id=\"c06212b\" data-element_type=\"widget\" data-e-type=\"widget\" data-settings=\"{&quot;_animation&quot;:&quot;fadeInLeft&quot;}\" data-widget_type=\"heading.default\">\n\t\t\t\t<div class=\"elementor-widget-container\">\n\t\t\t\t\t<h1 class=\"elementor-heading-title elementor-size-default\">INFORMACI\u00d3N SOBRE COVID-19<\/h1>\t\t\t\t<\/div>\n\t\t\t\t<\/div>\n\t\t\t\t<div class=\"elementor-element elementor-element-02d63f7 animated-slow elementor-widget-divider--view-line elementor-invisible elementor-widget elementor-widget-divider\" data-id=\"02d63f7\" data-element_type=\"widget\" data-e-type=\"widget\" data-settings=\"{&quot;_animation&quot;:&quot;fadeInLeft&quot;}\" data-widget_type=\"divider.default\">\n\t\t\t\t<div class=\"elementor-widget-container\">\n\t\t\t\t\t\t\t<div class=\"elementor-divider\">\n\t\t\t<span class=\"elementor-divider-separator\">\n\t\t\t\t\t\t<\/span>\n\t\t<\/div>\n\t\t\t\t\t\t<\/div>\n\t\t\t\t<\/div>\n\t\t\t\t\t<\/div>\n\t\t<\/div>\n\t\t\t\t\t<\/div>\n\t\t<\/section>\n\t\t\t\t<section class=\"elementor-section elementor-top-section elementor-element elementor-element-529e2a9e elementor-section-boxed elementor-section-height-default elementor-section-height-default\" data-id=\"529e2a9e\" data-element_type=\"section\" data-e-type=\"section\">\n\t\t\t\t\t\t<div class=\"elementor-container elementor-column-gap-default\">\n\t\t\t\t\t<div class=\"elementor-column elementor-col-100 elementor-top-column elementor-element elementor-element-1140ccdd\" data-id=\"1140ccdd\" data-element_type=\"column\" data-e-type=\"column\">\n\t\t\t<div class=\"elementor-widget-wrap elementor-element-populated\">\n\t\t\t\t\t\t<div class=\"elementor-element elementor-element-b38f20c elementor-widget elementor-widget-heading\" data-id=\"b38f20c\" data-element_type=\"widget\" data-e-type=\"widget\" data-widget_type=\"heading.default\">\n\t\t\t\t<div class=\"elementor-widget-container\">\n\t\t\t\t\t<h2 class=\"elementor-heading-title elementor-size-default\">INFORMACI\u00d3N SOBRE COVID-19 SI TIENE S\u00cdNTOMAS<\/h2>\t\t\t\t<\/div>\n\t\t\t\t<\/div>\n\t\t\t\t<div class=\"elementor-element elementor-element-5be8ff0a elementor-widget elementor-widget-text-editor\" data-id=\"5be8ff0a\" data-element_type=\"widget\" data-e-type=\"widget\" data-widget_type=\"text-editor.default\">\n\t\t\t\t<div class=\"elementor-widget-container\">\n\t\t\t\t\t\t\t\t\t<p>Si tiene preguntas sobre qu\u00e9 hacer si tiene s\u00edntomas o exposici\u00f3n, siga las pautas de los CDC en el siguiente enlace.<\/p><p><a href=\"https:\/\/www.cdc.gov\/coronavirus\/2019-ncov\/your-health\/quarantine-isolation.html\" target=\"_blank\" rel=\"noopener\">https:\/\/www.cdc.gov\/coronavirus\/2019-ncov\/your-health\/quarantine-isolation.html<\/a><\/p>\t\t\t\t\t\t\t\t<\/div>\n\t\t\t\t<\/div>\n\t\t\t\t<div class=\"elementor-element elementor-element-02d9d43 elementor-widget elementor-widget-heading\" data-id=\"02d9d43\" data-element_type=\"widget\" data-e-type=\"widget\" data-widget_type=\"heading.default\">\n\t\t\t\t<div class=\"elementor-widget-container\">\n\t\t\t\t\t<h2 class=\"elementor-heading-title elementor-size-default\">ACTUALIZACIONES DE COVID-19<\/h2>\t\t\t\t<\/div>\n\t\t\t\t<\/div>\n\t\t\t\t<div class=\"elementor-element elementor-element-0fb85e9 elementor-widget elementor-widget-text-editor\" data-id=\"0fb85e9\" data-element_type=\"widget\" data-e-type=\"widget\" data-widget_type=\"text-editor.default\">\n\t\t\t\t<div class=\"elementor-widget-container\">\n\t\t\t\t\t\t\t\t\t<p><a href=\"https:\/\/www.archuletacounty.org\/809\/COVID-Information\" target=\"_blank\" rel=\"noopener\">Actualizaciones de COVID-19<\/a><br \/><a href=\"https:\/\/covid19.colorado.gov\/data\" target=\"_blank\" rel=\"noopener\">Estad\u00edsticas y mapa de casos de Colorado \u2013 CDPHE<\/a><\/p>\t\t\t\t\t\t\t\t<\/div>\n\t\t\t\t<\/div>\n\t\t\t\t<div class=\"elementor-element elementor-element-8f61e8d elementor-widget elementor-widget-heading\" data-id=\"8f61e8d\" data-element_type=\"widget\" data-e-type=\"widget\" data-widget_type=\"heading.default\">\n\t\t\t\t<div class=\"elementor-widget-container\">\n\t\t\t\t\t<h2 class=\"elementor-heading-title elementor-size-default\">INFORMACI\u00d3N DE LA VACUNA<\/h2>\t\t\t\t<\/div>\n\t\t\t\t<\/div>\n\t\t\t\t<div class=\"elementor-element elementor-element-fbc5e28 elementor-widget elementor-widget-text-editor\" data-id=\"fbc5e28\" data-element_type=\"widget\" data-e-type=\"widget\" data-widget_type=\"text-editor.default\">\n\t\t\t\t<div class=\"elementor-widget-container\">\n\t\t\t\t\t\t\t\t\t<h4 class=\"subhead2\">Elegibilidad de la vacuna<\/h4><p>Consulte a continuaci\u00f3n para obtener informaci\u00f3n sobre vacunas, una lista de proveedores y cl\u00ednicas de vacunas, \u00a1y obtenga su vacuna que salva vidas hoy!<\/p><p><a href=\"https:\/\/cdphe.colorado.gov\/covid-19\/vaccine\" target=\"_blank\" rel=\"noopener\">Directrices sobre vacunas<\/a><br \/><a href=\"https:\/\/www.archuletacounty.org\/762\/Immunizations\" target=\"_blank\" rel=\"noopener\">Informaci\u00f3n local sobre la vacuna COVID<\/a><br \/><a href=\"https:\/\/cdphe.colorado.gov\/covid-19\/data\" target=\"_blank\" rel=\"noopener\">Datos de la vacuna CDPHE<\/a><\/p>\t\t\t\t\t\t\t\t<\/div>\n\t\t\t\t<\/div>\n\t\t\t\t\t<\/div>\n\t\t<\/div>\n\t\t\t\t\t<\/div>\n\t\t<\/section>\n\t\t\t\t<\/div>","protected":false},"excerpt":{"rendered":"<p>SEGURIDAD DEL PACIENTE El hospital, la cl\u00ednica de atenci\u00f3n primaria y los centros de especialidades de PSMC cuentan con importantes medidas de detecci\u00f3n y seguridad para cuando usted viene a vernos. Un proveedor atiende a los pacientes con s\u00edntomas infecciosos en un \u00e1rea separada de la cl\u00ednica. Se examina a los pacientes y al personal para detectar s\u00edntomas infecciosos antes de ingresar a las instalaciones de PSMC\u2026.<\/p>","protected":false},"author":8,"featured_media":0,"parent":2970,"menu_order":0,"comment_status":"closed","ping_status":"closed","template":"","meta":{"footnotes":""},"class_list":["post-3547","page","type-page","status-publish","hentry"],"yoast_head":"<!-- This site is optimized with the Yoast SEO plugin v27.3 - https:\/\/yoast.com\/product\/yoast-seo-wordpress\/ -->\n<title>COVID-19 - Pagosa Springs Medical Center<\/title>\n<meta name=\"robots\" content=\"index, follow, max-snippet:-1, max-image-preview:large, max-video-preview:-1\" \/>\n<link rel=\"canonical\" href=\"https:\/\/www.pagosaspringsmedicalcenter.org\/es\/patients-visitors\/covid-19\/\" \/>\n<meta property=\"og:locale\" content=\"es_MX\" \/>\n<meta property=\"og:type\" content=\"article\" \/>\n<meta property=\"og:title\" content=\"COVID-19 - Pagosa Springs Medical Center\" \/>\n<meta property=\"og:description\" content=\"PATIENT SAFETY PSMC&#8217;s hospital, primary care clinic and specialty centers all have important screening and safety measures in place for when you come to see us.\u00a0 Patients with infectious symptoms are seen by a provider in a separate area of the clinic. Patients and staff are screened for infectious symptoms prior to entering PSMC&#8217;s facilities....\" \/>\n<meta property=\"og:url\" content=\"https:\/\/www.pagosaspringsmedicalcenter.org\/es\/patients-visitors\/covid-19\/\" \/>\n<meta property=\"og:site_name\" content=\"Pagosa Springs Medical Center\" \/>\n<meta property=\"article:publisher\" content=\"https:\/\/www.facebook.com\/psmedicalcenter\" \/>\n<meta property=\"article:modified_time\" content=\"2024-03-19T16:33:26+00:00\" \/>\n<meta property=\"og:image\" content=\"https:\/\/www.pagosaspringsmedicalcenter.org\/wp-content\/uploads\/2022\/05\/Ryan-Medium-1024x682.jpg\" \/>\n<script type=\"application\/ld+json\" class=\"yoast-schema-graph\">{\"@context\":\"https:\\\/\\\/schema.org\",\"@graph\":[{\"@type\":\"WebPage\",\"@id\":\"https:\\\/\\\/www.pagosaspringsmedicalcenter.org\\\/patients-visitors\\\/covid-19\\\/\",\"url\":\"https:\\\/\\\/www.pagosaspringsmedicalcenter.org\\\/patients-visitors\\\/covid-19\\\/\",\"name\":\"COVID-19 - Pagosa Springs Medical Center\",\"isPartOf\":{\"@id\":\"https:\\\/\\\/www.pagosaspringsmedicalcenter.org\\\/#website\"},\"primaryImageOfPage\":{\"@id\":\"https:\\\/\\\/www.pagosaspringsmedicalcenter.org\\\/patients-visitors\\\/covid-19\\\/#primaryimage\"},\"image\":{\"@id\":\"https:\\\/\\\/www.pagosaspringsmedicalcenter.org\\\/patients-visitors\\\/covid-19\\\/#primaryimage\"},\"thumbnailUrl\":\"https:\\\/\\\/www.pagosaspringsmedicalcenter.org\\\/wp-content\\\/uploads\\\/2022\\\/05\\\/Ryan-Medium-1024x682.jpg\",\"datePublished\":\"2021-02-09T21:40:27+00:00\",\"dateModified\":\"2024-03-19T16:33:26+00:00\",\"breadcrumb\":{\"@id\":\"https:\\\/\\\/www.pagosaspringsmedicalcenter.org\\\/patients-visitors\\\/covid-19\\\/#breadcrumb\"},\"inLanguage\":\"es\",\"potentialAction\":[{\"@type\":\"ReadAction\",\"target\":[\"https:\\\/\\\/www.pagosaspringsmedicalcenter.org\\\/patients-visitors\\\/covid-19\\\/\"]}]},{\"@type\":\"ImageObject\",\"inLanguage\":\"es\",\"@id\":\"https:\\\/\\\/www.pagosaspringsmedicalcenter.org\\\/patients-visitors\\\/covid-19\\\/#primaryimage\",\"url\":\"https:\\\/\\\/www.pagosaspringsmedicalcenter.org\\\/wp-content\\\/uploads\\\/2022\\\/05\\\/Ryan-Medium-1024x682.jpg\",\"contentUrl\":\"https:\\\/\\\/www.pagosaspringsmedicalcenter.org\\\/wp-content\\\/uploads\\\/2022\\\/05\\\/Ryan-Medium-1024x682.jpg\"},{\"@type\":\"BreadcrumbList\",\"@id\":\"https:\\\/\\\/www.pagosaspringsmedicalcenter.org\\\/patients-visitors\\\/covid-19\\\/#breadcrumb\",\"itemListElement\":[{\"@type\":\"ListItem\",\"position\":1,\"name\":\"Home\",\"item\":\"https:\\\/\\\/www.pagosaspringsmedicalcenter.org\\\/\"},{\"@type\":\"ListItem\",\"position\":2,\"name\":\"Patients\\\/Visitors\",\"item\":\"https:\\\/\\\/www.pagosaspringsmedicalcenter.org\\\/patients-visitors\\\/\"},{\"@type\":\"ListItem\",\"position\":3,\"name\":\"COVID-19\"}]},{\"@type\":\"WebSite\",\"@id\":\"https:\\\/\\\/www.pagosaspringsmedicalcenter.org\\\/#website\",\"url\":\"https:\\\/\\\/www.pagosaspringsmedicalcenter.org\\\/\",\"name\":\"Pagosa Springs Medical Center\",\"description\":\"The care you deserve, in the mountains you love.\",\"publisher\":{\"@id\":\"https:\\\/\\\/www.pagosaspringsmedicalcenter.org\\\/#organization\"},\"potentialAction\":[{\"@type\":\"SearchAction\",\"target\":{\"@type\":\"EntryPoint\",\"urlTemplate\":\"https:\\\/\\\/www.pagosaspringsmedicalcenter.org\\\/?s={search_term_string}\"},\"query-input\":{\"@type\":\"PropertyValueSpecification\",\"valueRequired\":true,\"valueName\":\"search_term_string\"}}],\"inLanguage\":\"es\"},{\"@type\":\"Organization\",\"@id\":\"https:\\\/\\\/www.pagosaspringsmedicalcenter.org\\\/#organization\",\"name\":\"Pagosa Springs Medical Center\",\"url\":\"https:\\\/\\\/www.pagosaspringsmedicalcenter.org\\\/\",\"logo\":{\"@type\":\"ImageObject\",\"inLanguage\":\"es\",\"@id\":\"https:\\\/\\\/www.pagosaspringsmedicalcenter.org\\\/#\\\/schema\\\/logo\\\/image\\\/\",\"url\":\"https:\\\/\\\/www.pagosaspringsmedicalcenter.org\\\/wp-content\\\/uploads\\\/2023\\\/02\\\/New-Logo-2019-Green-and-Blue-PNG.png\",\"contentUrl\":\"https:\\\/\\\/www.pagosaspringsmedicalcenter.org\\\/wp-content\\\/uploads\\\/2023\\\/02\\\/New-Logo-2019-Green-and-Blue-PNG.png\",\"width\":2171,\"height\":814,\"caption\":\"Pagosa Springs Medical Center\"},\"image\":{\"@id\":\"https:\\\/\\\/www.pagosaspringsmedicalcenter.org\\\/#\\\/schema\\\/logo\\\/image\\\/\"},\"sameAs\":[\"https:\\\/\\\/www.facebook.com\\\/psmedicalcenter\"]}]}<\/script>\n<!-- \/ Yoast SEO plugin. -->","yoast_head_json":{"title":"COVID-19 - Centro M\u00e9dico Pagosa Springs","robots":{"index":"index","follow":"follow","max-snippet":"max-snippet:-1","max-image-preview":"max-image-preview:large","max-video-preview":"max-video-preview:-1"},"canonical":"https:\/\/www.pagosaspringsmedicalcenter.org\/es\/patients-visitors\/covid-19\/","og_locale":"es_MX","og_type":"article","og_title":"COVID-19 - Pagosa Springs Medical Center","og_description":"PATIENT SAFETY PSMC&#8217;s hospital, primary care clinic and specialty centers all have important screening and safety measures in place for when you come to see us.\u00a0 Patients with infectious symptoms are seen by a provider in a separate area of the clinic. Patients and staff are screened for infectious symptoms prior to entering PSMC&#8217;s facilities....","og_url":"https:\/\/www.pagosaspringsmedicalcenter.org\/es\/patients-visitors\/covid-19\/","og_site_name":"Pagosa Springs Medical Center","article_publisher":"https:\/\/www.facebook.com\/psmedicalcenter","article_modified_time":"2024-03-19T16:33:26+00:00","og_image":[{"url":"https:\/\/www.pagosaspringsmedicalcenter.org\/wp-content\/uploads\/2022\/05\/Ryan-Medium-1024x682.jpg","type":"","width":"","height":""}],"schema":{"@context":"https:\/\/schema.org","@graph":[{"@type":"WebPage","@id":"https:\/\/www.pagosaspringsmedicalcenter.org\/patients-visitors\/covid-19\/","url":"https:\/\/www.pagosaspringsmedicalcenter.org\/patients-visitors\/covid-19\/","name":"COVID-19 - Centro M\u00e9dico Pagosa Springs","isPartOf":{"@id":"https:\/\/www.pagosaspringsmedicalcenter.org\/#website"},"primaryImageOfPage":{"@id":"https:\/\/www.pagosaspringsmedicalcenter.org\/patients-visitors\/covid-19\/#primaryimage"},"image":{"@id":"https:\/\/www.pagosaspringsmedicalcenter.org\/patients-visitors\/covid-19\/#primaryimage"},"thumbnailUrl":"https:\/\/www.pagosaspringsmedicalcenter.org\/wp-content\/uploads\/2022\/05\/Ryan-Medium-1024x682.jpg","datePublished":"2021-02-09T21:40:27+00:00","dateModified":"2024-03-19T16:33:26+00:00","breadcrumb":{"@id":"https:\/\/www.pagosaspringsmedicalcenter.org\/patients-visitors\/covid-19\/#breadcrumb"},"inLanguage":"es","potentialAction":[{"@type":"ReadAction","target":["https:\/\/www.pagosaspringsmedicalcenter.org\/patients-visitors\/covid-19\/"]}]},{"@type":"ImageObject","inLanguage":"es","@id":"https:\/\/www.pagosaspringsmedicalcenter.org\/patients-visitors\/covid-19\/#primaryimage","url":"https:\/\/www.pagosaspringsmedicalcenter.org\/wp-content\/uploads\/2022\/05\/Ryan-Medium-1024x682.jpg","contentUrl":"https:\/\/www.pagosaspringsmedicalcenter.org\/wp-content\/uploads\/2022\/05\/Ryan-Medium-1024x682.jpg"},{"@type":"BreadcrumbList","@id":"https:\/\/www.pagosaspringsmedicalcenter.org\/patients-visitors\/covid-19\/#breadcrumb","itemListElement":[{"@type":"ListItem","position":1,"name":"Home","item":"https:\/\/www.pagosaspringsmedicalcenter.org\/"},{"@type":"ListItem","position":2,"name":"Patients\/Visitors","item":"https:\/\/www.pagosaspringsmedicalcenter.org\/patients-visitors\/"},{"@type":"ListItem","position":3,"name":"COVID-19"}]},{"@type":"WebSite","@id":"https:\/\/www.pagosaspringsmedicalcenter.org\/#website","url":"https:\/\/www.pagosaspringsmedicalcenter.org\/","name":"Centro M\u00e9dico Pagosa Springs","description":"El cuidado que te mereces, en las monta\u00f1as que amas.","publisher":{"@id":"https:\/\/www.pagosaspringsmedicalcenter.org\/#organization"},"potentialAction":[{"@type":"SearchAction","target":{"@type":"EntryPoint","urlTemplate":"https:\/\/www.pagosaspringsmedicalcenter.org\/?s={search_term_string}"},"query-input":{"@type":"PropertyValueSpecification","valueRequired":true,"valueName":"search_term_string"}}],"inLanguage":"es"},{"@type":"Organization","@id":"https:\/\/www.pagosaspringsmedicalcenter.org\/#organization","name":"Centro M\u00e9dico Pagosa Springs","url":"https:\/\/www.pagosaspringsmedicalcenter.org\/","logo":{"@type":"ImageObject","inLanguage":"es","@id":"https:\/\/www.pagosaspringsmedicalcenter.org\/#\/schema\/logo\/image\/","url":"https:\/\/www.pagosaspringsmedicalcenter.org\/wp-content\/uploads\/2023\/02\/New-Logo-2019-Green-and-Blue-PNG.png","contentUrl":"https:\/\/www.pagosaspringsmedicalcenter.org\/wp-content\/uploads\/2023\/02\/New-Logo-2019-Green-and-Blue-PNG.png","width":2171,"height":814,"caption":"Pagosa Springs Medical Center"},"image":{"@id":"https:\/\/www.pagosaspringsmedicalcenter.org\/#\/schema\/logo\/image\/"},"sameAs":["https:\/\/www.facebook.com\/psmedicalcenter"]}]}},"_links":{"self":[{"href":"https:\/\/www.pagosaspringsmedicalcenter.org\/es\/wp-json\/wp\/v2\/pages\/3547","targetHints":{"allow":["GET"]}}],"collection":[{"href":"https:\/\/www.pagosaspringsmedicalcenter.org\/es\/wp-json\/wp\/v2\/pages"}],"about":[{"href":"https:\/\/www.pagosaspringsmedicalcenter.org\/es\/wp-json\/wp\/v2\/types\/page"}],"author":[{"embeddable":true,"href":"https:\/\/www.pagosaspringsmedicalcenter.org\/es\/wp-json\/wp\/v2\/users\/8"}],"replies":[{"embeddable":true,"href":"https:\/\/www.pagosaspringsmedicalcenter.org\/es\/wp-json\/wp\/v2\/comments?post=3547"}],"version-history":[{"count":15,"href":"https:\/\/www.pagosaspringsmedicalcenter.org\/es\/wp-json\/wp\/v2\/pages\/3547\/revisions"}],"predecessor-version":[{"id":13129,"href":"https:\/\/www.pagosaspringsmedicalcenter.org\/es\/wp-json\/wp\/v2\/pages\/3547\/revisions\/13129"}],"up":[{"embeddable":true,"href":"https:\/\/www.pagosaspringsmedicalcenter.org\/es\/wp-json\/wp\/v2\/pages\/2970"}],"wp:attachment":[{"href":"https:\/\/www.pagosaspringsmedicalcenter.org\/es\/wp-json\/wp\/v2\/media?parent=3547"}],"curies":[{"name":"gracias","href":"https:\/\/api.w.org\/{rel}","templated":true}]}}