{"id":3511,"date":"2021-02-09T09:42:59","date_gmt":"2021-02-09T16:42:59","guid":{"rendered":"http:\/\/pnh.wqd.mybluehost.me\/?page_id=3511"},"modified":"2023-01-05T14:13:33","modified_gmt":"2023-01-05T21:13:33","slug":"financial-assistance","status":"publish","type":"page","link":"https:\/\/www.pagosaspringsmedicalcenter.org\/es\/patients-visitors\/patient-and-visitor-guide\/financial-assistance\/","title":{"rendered":"Asistencia financiera"},"content":{"rendered":"<div data-elementor-type=\"wp-page\" data-elementor-id=\"3511\" class=\"elementor elementor-3511\" data-elementor-post-type=\"page\">\n\t\t\t\t\t\t<section class=\"elementor-section elementor-top-section elementor-element elementor-element-8fd1ee2 elementor-section-boxed elementor-section-height-default elementor-section-height-default\" data-id=\"8fd1ee2\" data-element_type=\"section\" data-e-type=\"section\">\n\t\t\t\t\t\t<div class=\"elementor-container elementor-column-gap-default\">\n\t\t\t\t\t<div class=\"elementor-column elementor-col-100 elementor-top-column elementor-element elementor-element-5c2a0cc\" data-id=\"5c2a0cc\" data-element_type=\"column\" data-e-type=\"column\">\n\t\t\t<div class=\"elementor-widget-wrap elementor-element-populated\">\n\t\t\t\t\t\t<div class=\"elementor-element elementor-element-b582928 elementor-widget elementor-widget-spacer\" data-id=\"b582928\" data-element_type=\"widget\" data-e-type=\"widget\" data-widget_type=\"spacer.default\">\n\t\t\t\t<div class=\"elementor-widget-container\">\n\t\t\t\t\t\t\t<div class=\"elementor-spacer\">\n\t\t\t<div class=\"elementor-spacer-inner\"><\/div>\n\t\t<\/div>\n\t\t\t\t\t\t<\/div>\n\t\t\t\t<\/div>\n\t\t\t\t<div class=\"elementor-element elementor-element-992ce09 animated-slow elementor-invisible elementor-widget elementor-widget-text-editor\" data-id=\"992ce09\" data-element_type=\"widget\" data-e-type=\"widget\" data-settings=\"{&quot;_animation&quot;:&quot;fadeInLeft&quot;}\" data-widget_type=\"text-editor.default\">\n\t\t\t\t<div class=\"elementor-widget-container\">\n\t\t\t\t\t\t\t\t\t<p>Pagosa Springs Medical Center tiene una opci\u00f3n de asistencia financiera disponible para usted.<\/p><p>PSMC se compromete a extender la asistencia financiera a los pacientes que califiquen. PSMC ofrece asesoramiento financiero y toda la informaci\u00f3n discutida permanece confidencial. Si el pago pudiera crearle una dificultad financiera, nuestro personal trabajar\u00e1 con usted para solicitar uno o m\u00e1s de los siguientes programas.\u00a0<\/p><p><strong>Atenci\u00f3n hospitalaria con descuento<\/strong>: Encuentre informaci\u00f3n sobre el <strong><a href=\"https:\/\/www.pagosaspringsmedicalcenter.org\/es\/hospital-discounted-care-program\/\" target=\"_blank\" rel=\"noopener\">Programa de atenci\u00f3n hospitalaria con descuento<\/a><\/strong>.<\/p><p><strong>Seguro de enfermedad:<\/strong> Nuestros asesores financieros ayudar\u00e1n a los pacientes con las solicitudes de elegibilidad de Medicaid.<\/p><p><strong>Programa de asistencia financiera:<\/strong> Pagosa Springs Medical Center patrocina un programa para proporcionar tarifas reducidas seg\u00fan criterios espec\u00edficos relacionados con los ingresos y los dependientes, excluyendo a aquellos pacientes que califican para el Programa de Atenci\u00f3n con Descuento del Hospital de Colorado. Las solicitudes se procesar\u00e1n y la aprobaci\u00f3n se determinar\u00e1 en funci\u00f3n de criterios espec\u00edficos. PSMC no discriminar\u00e1 en la determinaci\u00f3n de la elegibilidad para recibir asistencia financiera por motivos de raza, color, credo, sexo, edad o discapacidad.<\/p>\t\t\t\t\t\t\t\t<\/div>\n\t\t\t\t<\/div>\n\t\t\t\t<div class=\"elementor-element elementor-element-cfb8021 animated-slow elementor-widget-divider--view-line elementor-invisible elementor-widget elementor-widget-divider\" data-id=\"cfb8021\" data-element_type=\"widget\" data-e-type=\"widget\" data-settings=\"{&quot;_animation&quot;:&quot;fadeInLeft&quot;}\" data-widget_type=\"divider.default\">\n\t\t\t\t<div class=\"elementor-widget-container\">\n\t\t\t\t\t\t\t<div class=\"elementor-divider\">\n\t\t\t<span class=\"elementor-divider-separator\">\n\t\t\t\t\t\t<\/span>\n\t\t<\/div>\n\t\t\t\t\t\t<\/div>\n\t\t\t\t<\/div>\n\t\t\t\t<div class=\"elementor-element elementor-element-e57218b animated-slow elementor-invisible elementor-widget elementor-widget-text-editor\" data-id=\"e57218b\" data-element_type=\"widget\" data-e-type=\"widget\" data-settings=\"{&quot;_animation&quot;:&quot;fadeInLeft&quot;}\" data-widget_type=\"text-editor.default\">\n\t\t\t\t<div class=\"elementor-widget-container\">\n\t\t\t\t\t\t\t\t\t<p>Para obtener informaci\u00f3n sobre la solicitud o para hablar con un representante de cuentas de pacientes, comun\u00edquese directamente con el departamento de facturaci\u00f3n de PSMC al <strong><a href=\"tel:970-585-1405\" target=\"_blank\" rel=\"noopener\">970-507-3939.<\/a><\/strong><\/p><p>Lunes a viernes de 8 a. m. a 4:30 p. m. MST.<\/p>\t\t\t\t\t\t\t\t<\/div>\n\t\t\t\t<\/div>\n\t\t\t\t\t<\/div>\n\t\t<\/div>\n\t\t\t\t\t<\/div>\n\t\t<\/section>\n\t\t\t\t<section class=\"elementor-section elementor-top-section elementor-element elementor-element-bbec91d elementor-section-boxed elementor-section-height-default elementor-section-height-default\" data-id=\"bbec91d\" data-element_type=\"section\" data-e-type=\"section\">\n\t\t\t\t\t\t<div class=\"elementor-container elementor-column-gap-default\">\n\t\t\t\t\t<div class=\"elementor-column elementor-col-33 elementor-top-column elementor-element elementor-element-c4adaa8\" data-id=\"c4adaa8\" data-element_type=\"column\" data-e-type=\"column\">\n\t\t\t<div class=\"elementor-widget-wrap elementor-element-populated\">\n\t\t\t\t\t\t<div class=\"elementor-element elementor-element-0c6fb6e eael-infobox-content-align--center eael-infobox-icon-bg-shape-none eael-infobox-icon-hover-bg-shape-none elementor-invisible elementor-widget elementor-widget-eael-info-box\" data-id=\"0c6fb6e\" data-element_type=\"widget\" data-e-type=\"widget\" data-settings=\"{&quot;_animation&quot;:&quot;zoomIn&quot;}\" data-widget_type=\"eael-info-box.default\">\n\t\t\t\t<div class=\"elementor-widget-container\">\n\t\t\t\t\t            <a href=\"https:\/\/www.pagosaspringsmedicalcenter.org\/wp-content\/uploads\/2022\/10\/Pagosa-Springs-Medical-Center-Financial-Assistance-Policy-Summary.pdf\" target=\"_blank\">\n\t            <div class=\"eael-infobox icon-on-top\">\n\t            <div class=\"infobox-icon eael-icon-only\">\n\n            \n                            <div class=\"infobox-icon-wrap\">\n                    <i aria-hidden=\"true\" class=\"fas fa-dollar-sign\"><\/i>                <\/div>\n            \n            \n        <\/div>\n            <div class=\"infobox-content eael-icon-only\">\n                    <div class=\"infobox-title-section\">\n                <h3 class=\"title\">Resumen de la pol\u00edtica de asistencia financiera<\/h3>            <\/div>\n                    <\/div>\n            <\/div>\n\n\t\t            <\/a>\n\t\t\t\t\t\t<\/div>\n\t\t\t\t<\/div>\n\t\t\t\t\t<\/div>\n\t\t<\/div>\n\t\t\t\t<div class=\"elementor-column elementor-col-33 elementor-top-column elementor-element elementor-element-76292c8\" data-id=\"76292c8\" data-element_type=\"column\" data-e-type=\"column\">\n\t\t\t<div class=\"elementor-widget-wrap elementor-element-populated\">\n\t\t\t\t\t\t<div class=\"elementor-element elementor-element-3646e4a eael-infobox-content-align--center eael-infobox-icon-bg-shape-none eael-infobox-icon-hover-bg-shape-none elementor-invisible elementor-widget elementor-widget-eael-info-box\" data-id=\"3646e4a\" data-element_type=\"widget\" data-e-type=\"widget\" data-settings=\"{&quot;_animation&quot;:&quot;zoomIn&quot;}\" data-widget_type=\"eael-info-box.default\">\n\t\t\t\t<div class=\"elementor-widget-container\">\n\t\t\t\t\t            <a href=\"https:\/\/www.pagosaspringsmedicalcenter.org\/wp-content\/uploads\/2021\/11\/Financial-Assistance-Application-Hospital-English.docx.pdf\" target=\"_blank\">\n\t            <div class=\"eael-infobox icon-on-top\">\n\t            <div class=\"infobox-icon eael-icon-only\">\n\n            \n                            <div class=\"infobox-icon-wrap\">\n                    <i aria-hidden=\"true\" class=\"fas fa-edit\"><\/i>                <\/div>\n            \n            \n        <\/div>\n            <div class=\"infobox-content eael-icon-only\">\n                    <div class=\"infobox-title-section\">\n                <h3 class=\"title\">Solicitud de asistencia financiera del hospital PSMC<\/h3>            <\/div>\n                    <\/div>\n            <\/div>\n\n\t\t            <\/a>\n\t\t\t\t\t\t<\/div>\n\t\t\t\t<\/div>\n\t\t\t\t\t<\/div>\n\t\t<\/div>\n\t\t\t\t<div class=\"elementor-column elementor-col-33 elementor-top-column elementor-element elementor-element-fc736f0\" data-id=\"fc736f0\" data-element_type=\"column\" data-e-type=\"column\">\n\t\t\t<div class=\"elementor-widget-wrap elementor-element-populated\">\n\t\t\t\t\t\t<div class=\"elementor-element elementor-element-4ae9dec eael-infobox-content-align--center eael-infobox-icon-bg-shape-none eael-infobox-icon-hover-bg-shape-none elementor-invisible elementor-widget elementor-widget-eael-info-box\" data-id=\"4ae9dec\" data-element_type=\"widget\" data-e-type=\"widget\" data-settings=\"{&quot;_animation&quot;:&quot;zoomIn&quot;}\" data-widget_type=\"eael-info-box.default\">\n\t\t\t\t<div class=\"elementor-widget-container\">\n\t\t\t\t\t            <a href=\"https:\/\/www.pagosaspringsmedicalcenter.org\/wp-content\/uploads\/2021\/11\/Rural-Health-Clinic-Financial-Assistance-Application-English.pdf\" target=\"_blank\">\n\t            <div class=\"eael-infobox icon-on-top\">\n\t            <div class=\"infobox-icon eael-icon-only\">\n\n            \n                            <div class=\"infobox-icon-wrap\">\n                    <i aria-hidden=\"true\" class=\"fas fa-edit\"><\/i>                <\/div>\n            \n            \n        <\/div>\n            <div class=\"infobox-content eael-icon-only\">\n                    <div class=\"infobox-title-section\">\n                <h3 class=\"title\">Solicitud de Asistencia Financiera de la Cl\u00ednica de Salud Rural de PSMC<\/h3>            <\/div>\n                    <\/div>\n            <\/div>\n\n\t\t            <\/a>\n\t\t\t\t\t\t<\/div>\n\t\t\t\t<\/div>\n\t\t\t\t\t<\/div>\n\t\t<\/div>\n\t\t\t\t\t<\/div>\n\t\t<\/section>\n\t\t\t\t<section class=\"elementor-section elementor-top-section elementor-element elementor-element-96c72da elementor-section-boxed elementor-section-height-default elementor-section-height-default\" data-id=\"96c72da\" data-element_type=\"section\" data-e-type=\"section\">\n\t\t\t\t\t\t<div class=\"elementor-container elementor-column-gap-default\">\n\t\t\t\t\t<div class=\"elementor-column elementor-col-50 elementor-top-column elementor-element elementor-element-95d5db5\" data-id=\"95d5db5\" data-element_type=\"column\" data-e-type=\"column\">\n\t\t\t<div class=\"elementor-widget-wrap elementor-element-populated\">\n\t\t\t\t\t\t<div class=\"elementor-element elementor-element-4d776a9 eael-infobox-content-align--center eael-infobox-icon-bg-shape-none eael-infobox-icon-hover-bg-shape-none elementor-invisible elementor-widget elementor-widget-eael-info-box\" data-id=\"4d776a9\" data-element_type=\"widget\" data-e-type=\"widget\" data-settings=\"{&quot;_animation&quot;:&quot;zoomIn&quot;}\" data-widget_type=\"eael-info-box.default\">\n\t\t\t\t<div class=\"elementor-widget-container\">\n\t\t\t\t\t            <a href=\"https:\/\/www.pagosaspringsmedicalcenter.org\/wp-content\/uploads\/2021\/11\/Solicitud-de-Asistencia-Financiera-del-Hospital-en-Espanol.pdf\" target=\"_blank\">\n\t            <div class=\"eael-infobox icon-on-top\">\n\t            <div class=\"infobox-icon eael-icon-only\">\n\n            \n                            <div class=\"infobox-icon-wrap\">\n                    <i aria-hidden=\"true\" class=\"fas fa-edit\"><\/i>                <\/div>\n            \n            \n        <\/div>\n            <div class=\"infobox-content eael-icon-only\">\n                    <div class=\"infobox-title-section\">\n                <h3 class=\"title\">Solicitud de Asistencia Financiera del Hospital de PSMC en Espa\u00f1ol<\/h3>            <\/div>\n                    <\/div>\n            <\/div>\n\n\t\t            <\/a>\n\t\t\t\t\t\t<\/div>\n\t\t\t\t<\/div>\n\t\t\t\t\t<\/div>\n\t\t<\/div>\n\t\t\t\t<div class=\"elementor-column elementor-col-50 elementor-top-column elementor-element elementor-element-8b3d2d7\" data-id=\"8b3d2d7\" data-element_type=\"column\" data-e-type=\"column\">\n\t\t\t<div class=\"elementor-widget-wrap elementor-element-populated\">\n\t\t\t\t\t\t<div class=\"elementor-element elementor-element-e3849a4 eael-infobox-content-align--center eael-infobox-icon-bg-shape-none eael-infobox-icon-hover-bg-shape-none elementor-invisible elementor-widget elementor-widget-eael-info-box\" data-id=\"e3849a4\" data-element_type=\"widget\" data-e-type=\"widget\" data-settings=\"{&quot;_animation&quot;:&quot;zoomIn&quot;}\" data-widget_type=\"eael-info-box.default\">\n\t\t\t\t<div class=\"elementor-widget-container\">\n\t\t\t\t\t            <a href=\"https:\/\/www.pagosaspringsmedicalcenter.org\/wp-content\/uploads\/2021\/11\/Solicitud-de-Asistencia-Financiera-para-la-Clinica-de-Salud-Rural-en-Espanol.pdf\" target=\"_blank\">\n\t            <div class=\"eael-infobox icon-on-top\">\n\t            <div class=\"infobox-icon eael-icon-only\">\n\n            \n                            <div class=\"infobox-icon-wrap\">\n                    <i aria-hidden=\"true\" class=\"fas fa-edit\"><\/i>                <\/div>\n            \n            \n        <\/div>\n            <div class=\"infobox-content eael-icon-only\">\n                    <div class=\"infobox-title-section\">\n                <h3 class=\"title\">Solicitud de Asistencia Financiera para la Cl\u00ednica de Salud Rural en Espa\u00f1ol<\/h3>            <\/div>\n                    <\/div>\n            <\/div>\n\n\t\t            <\/a>\n\t\t\t\t\t\t<\/div>\n\t\t\t\t<\/div>\n\t\t\t\t\t<\/div>\n\t\t<\/div>\n\t\t\t\t\t<\/div>\n\t\t<\/section>\n\t\t\t\t<\/div>","protected":false},"excerpt":{"rendered":"<p>Pagosa Springs Medical Center tiene una opci\u00f3n de asistencia financiera disponible para usted. PSMC se compromete a brindar asistencia financiera a los pacientes que califiquen. PSMC ofrece asesoramiento financiero y toda la informaci\u00f3n analizada se mantiene confidencial. Si el pago pudiera generarle dificultades financieras, nuestro personal trabajar\u00e1 con usted para solicitar una o m\u00e1s de las\u2026<\/p>","protected":false},"author":8,"featured_media":0,"parent":2988,"menu_order":0,"comment_status":"closed","ping_status":"closed","template":"","meta":{"footnotes":""},"class_list":["post-3511","page","type-page","status-publish","hentry"],"yoast_head":"<!-- This site is optimized with the Yoast SEO plugin v27.4 - https:\/\/yoast.com\/product\/yoast-seo-wordpress\/ -->\n<title>Financial Assistance - Pagosa Springs Medical Center<\/title>\n<meta name=\"robots\" content=\"index, follow, max-snippet:-1, max-image-preview:large, max-video-preview:-1\" \/>\n<link rel=\"canonical\" href=\"https:\/\/www.pagosaspringsmedicalcenter.org\/es\/patients-visitors\/patient-and-visitor-guide\/financial-assistance\/\" \/>\n<meta property=\"og:locale\" content=\"es_MX\" \/>\n<meta property=\"og:type\" content=\"article\" \/>\n<meta property=\"og:title\" content=\"Financial Assistance - Pagosa Springs Medical Center\" \/>\n<meta property=\"og:description\" content=\"Pagosa Springs Medical Center has a financial assistance option available to you. PSMC is committed to extending financial assistance to qualifying patients.\u00a0 PSMC offers financial counseling, and all information discussed remains confidential.\u00a0 If payment could create a financial hardship for you, our staff will work with you to apply for one or more of the...\" \/>\n<meta property=\"og:url\" content=\"https:\/\/www.pagosaspringsmedicalcenter.org\/es\/patients-visitors\/patient-and-visitor-guide\/financial-assistance\/\" \/>\n<meta property=\"og:site_name\" content=\"Pagosa Springs Medical Center\" \/>\n<meta property=\"article:publisher\" content=\"https:\/\/www.facebook.com\/psmedicalcenter\" \/>\n<meta property=\"article:modified_time\" content=\"2023-01-05T21:13:33+00:00\" \/>\n<script type=\"application\/ld+json\" class=\"yoast-schema-graph\">{\"@context\":\"https:\\\/\\\/schema.org\",\"@graph\":[{\"@type\":\"WebPage\",\"@id\":\"https:\\\/\\\/www.pagosaspringsmedicalcenter.org\\\/patients-visitors\\\/patient-and-visitor-guide\\\/financial-assistance\\\/\",\"url\":\"https:\\\/\\\/www.pagosaspringsmedicalcenter.org\\\/patients-visitors\\\/patient-and-visitor-guide\\\/financial-assistance\\\/\",\"name\":\"Financial Assistance - Pagosa Springs Medical Center\",\"isPartOf\":{\"@id\":\"https:\\\/\\\/www.pagosaspringsmedicalcenter.org\\\/#website\"},\"datePublished\":\"2021-02-09T16:42:59+00:00\",\"dateModified\":\"2023-01-05T21:13:33+00:00\",\"breadcrumb\":{\"@id\":\"https:\\\/\\\/www.pagosaspringsmedicalcenter.org\\\/patients-visitors\\\/patient-and-visitor-guide\\\/financial-assistance\\\/#breadcrumb\"},\"inLanguage\":\"es\",\"potentialAction\":[{\"@type\":\"ReadAction\",\"target\":[\"https:\\\/\\\/www.pagosaspringsmedicalcenter.org\\\/patients-visitors\\\/patient-and-visitor-guide\\\/financial-assistance\\\/\"]}]},{\"@type\":\"BreadcrumbList\",\"@id\":\"https:\\\/\\\/www.pagosaspringsmedicalcenter.org\\\/patients-visitors\\\/patient-and-visitor-guide\\\/financial-assistance\\\/#breadcrumb\",\"itemListElement\":[{\"@type\":\"ListItem\",\"position\":1,\"name\":\"Home\",\"item\":\"https:\\\/\\\/www.pagosaspringsmedicalcenter.org\\\/\"},{\"@type\":\"ListItem\",\"position\":2,\"name\":\"Patients\\\/Visitors\",\"item\":\"https:\\\/\\\/www.pagosaspringsmedicalcenter.org\\\/patients-visitors\\\/\"},{\"@type\":\"ListItem\",\"position\":3,\"name\":\"Patient and Visitor Guide\",\"item\":\"https:\\\/\\\/www.pagosaspringsmedicalcenter.org\\\/patients-visitors\\\/patient-and-visitor-guide\\\/\"},{\"@type\":\"ListItem\",\"position\":4,\"name\":\"Financial Assistance\"}]},{\"@type\":\"WebSite\",\"@id\":\"https:\\\/\\\/www.pagosaspringsmedicalcenter.org\\\/#website\",\"url\":\"https:\\\/\\\/www.pagosaspringsmedicalcenter.org\\\/\",\"name\":\"Pagosa Springs Medical Center\",\"description\":\"The care you deserve, in the mountains you love.\",\"publisher\":{\"@id\":\"https:\\\/\\\/www.pagosaspringsmedicalcenter.org\\\/#organization\"},\"potentialAction\":[{\"@type\":\"SearchAction\",\"target\":{\"@type\":\"EntryPoint\",\"urlTemplate\":\"https:\\\/\\\/www.pagosaspringsmedicalcenter.org\\\/?s={search_term_string}\"},\"query-input\":{\"@type\":\"PropertyValueSpecification\",\"valueRequired\":true,\"valueName\":\"search_term_string\"}}],\"inLanguage\":\"es\"},{\"@type\":\"Organization\",\"@id\":\"https:\\\/\\\/www.pagosaspringsmedicalcenter.org\\\/#organization\",\"name\":\"Pagosa Springs Medical Center\",\"url\":\"https:\\\/\\\/www.pagosaspringsmedicalcenter.org\\\/\",\"logo\":{\"@type\":\"ImageObject\",\"inLanguage\":\"es\",\"@id\":\"https:\\\/\\\/www.pagosaspringsmedicalcenter.org\\\/#\\\/schema\\\/logo\\\/image\\\/\",\"url\":\"https:\\\/\\\/www.pagosaspringsmedicalcenter.org\\\/wp-content\\\/uploads\\\/2023\\\/02\\\/New-Logo-2019-Green-and-Blue-PNG.png\",\"contentUrl\":\"https:\\\/\\\/www.pagosaspringsmedicalcenter.org\\\/wp-content\\\/uploads\\\/2023\\\/02\\\/New-Logo-2019-Green-and-Blue-PNG.png\",\"width\":2171,\"height\":814,\"caption\":\"Pagosa Springs Medical Center\"},\"image\":{\"@id\":\"https:\\\/\\\/www.pagosaspringsmedicalcenter.org\\\/#\\\/schema\\\/logo\\\/image\\\/\"},\"sameAs\":[\"https:\\\/\\\/www.facebook.com\\\/psmedicalcenter\"]}]}<\/script>\n<!-- \/ Yoast SEO plugin. -->","yoast_head_json":{"title":"Asistencia financiera - Centro M\u00e9dico Pagosa Springs","robots":{"index":"index","follow":"follow","max-snippet":"max-snippet:-1","max-image-preview":"max-image-preview:large","max-video-preview":"max-video-preview:-1"},"canonical":"https:\/\/www.pagosaspringsmedicalcenter.org\/es\/patients-visitors\/patient-and-visitor-guide\/financial-assistance\/","og_locale":"es_MX","og_type":"article","og_title":"Financial Assistance - Pagosa Springs Medical Center","og_description":"Pagosa Springs Medical Center has a financial assistance option available to you. PSMC is committed to extending financial assistance to qualifying patients.\u00a0 PSMC offers financial counseling, and all information discussed remains confidential.\u00a0 If payment could create a financial hardship for you, our staff will work with you to apply for one or more of the...","og_url":"https:\/\/www.pagosaspringsmedicalcenter.org\/es\/patients-visitors\/patient-and-visitor-guide\/financial-assistance\/","og_site_name":"Pagosa Springs Medical Center","article_publisher":"https:\/\/www.facebook.com\/psmedicalcenter","article_modified_time":"2023-01-05T21:13:33+00:00","schema":{"@context":"https:\/\/schema.org","@graph":[{"@type":"WebPage","@id":"https:\/\/www.pagosaspringsmedicalcenter.org\/patients-visitors\/patient-and-visitor-guide\/financial-assistance\/","url":"https:\/\/www.pagosaspringsmedicalcenter.org\/patients-visitors\/patient-and-visitor-guide\/financial-assistance\/","name":"Asistencia financiera - Centro M\u00e9dico Pagosa Springs","isPartOf":{"@id":"https:\/\/www.pagosaspringsmedicalcenter.org\/#website"},"datePublished":"2021-02-09T16:42:59+00:00","dateModified":"2023-01-05T21:13:33+00:00","breadcrumb":{"@id":"https:\/\/www.pagosaspringsmedicalcenter.org\/patients-visitors\/patient-and-visitor-guide\/financial-assistance\/#breadcrumb"},"inLanguage":"es","potentialAction":[{"@type":"ReadAction","target":["https:\/\/www.pagosaspringsmedicalcenter.org\/patients-visitors\/patient-and-visitor-guide\/financial-assistance\/"]}]},{"@type":"BreadcrumbList","@id":"https:\/\/www.pagosaspringsmedicalcenter.org\/patients-visitors\/patient-and-visitor-guide\/financial-assistance\/#breadcrumb","itemListElement":[{"@type":"ListItem","position":1,"name":"Home","item":"https:\/\/www.pagosaspringsmedicalcenter.org\/"},{"@type":"ListItem","position":2,"name":"Patients\/Visitors","item":"https:\/\/www.pagosaspringsmedicalcenter.org\/patients-visitors\/"},{"@type":"ListItem","position":3,"name":"Patient and Visitor Guide","item":"https:\/\/www.pagosaspringsmedicalcenter.org\/patients-visitors\/patient-and-visitor-guide\/"},{"@type":"ListItem","position":4,"name":"Financial Assistance"}]},{"@type":"WebSite","@id":"https:\/\/www.pagosaspringsmedicalcenter.org\/#website","url":"https:\/\/www.pagosaspringsmedicalcenter.org\/","name":"Centro M\u00e9dico Pagosa Springs","description":"El cuidado que te mereces, en las monta\u00f1as que amas.","publisher":{"@id":"https:\/\/www.pagosaspringsmedicalcenter.org\/#organization"},"potentialAction":[{"@type":"SearchAction","target":{"@type":"EntryPoint","urlTemplate":"https:\/\/www.pagosaspringsmedicalcenter.org\/?s={search_term_string}"},"query-input":{"@type":"PropertyValueSpecification","valueRequired":true,"valueName":"search_term_string"}}],"inLanguage":"es"},{"@type":"Organization","@id":"https:\/\/www.pagosaspringsmedicalcenter.org\/#organization","name":"Centro M\u00e9dico Pagosa Springs","url":"https:\/\/www.pagosaspringsmedicalcenter.org\/","logo":{"@type":"ImageObject","inLanguage":"es","@id":"https:\/\/www.pagosaspringsmedicalcenter.org\/#\/schema\/logo\/image\/","url":"https:\/\/www.pagosaspringsmedicalcenter.org\/wp-content\/uploads\/2023\/02\/New-Logo-2019-Green-and-Blue-PNG.png","contentUrl":"https:\/\/www.pagosaspringsmedicalcenter.org\/wp-content\/uploads\/2023\/02\/New-Logo-2019-Green-and-Blue-PNG.png","width":2171,"height":814,"caption":"Pagosa Springs Medical Center"},"image":{"@id":"https:\/\/www.pagosaspringsmedicalcenter.org\/#\/schema\/logo\/image\/"},"sameAs":["https:\/\/www.facebook.com\/psmedicalcenter"]}]}},"_links":{"self":[{"href":"https:\/\/www.pagosaspringsmedicalcenter.org\/es\/wp-json\/wp\/v2\/pages\/3511","targetHints":{"allow":["GET"]}}],"collection":[{"href":"https:\/\/www.pagosaspringsmedicalcenter.org\/es\/wp-json\/wp\/v2\/pages"}],"about":[{"href":"https:\/\/www.pagosaspringsmedicalcenter.org\/es\/wp-json\/wp\/v2\/types\/page"}],"author":[{"embeddable":true,"href":"https:\/\/www.pagosaspringsmedicalcenter.org\/es\/wp-json\/wp\/v2\/users\/8"}],"replies":[{"embeddable":true,"href":"https:\/\/www.pagosaspringsmedicalcenter.org\/es\/wp-json\/wp\/v2\/comments?post=3511"}],"version-history":[{"count":15,"href":"https:\/\/www.pagosaspringsmedicalcenter.org\/es\/wp-json\/wp\/v2\/pages\/3511\/revisions"}],"predecessor-version":[{"id":11017,"href":"https:\/\/www.pagosaspringsmedicalcenter.org\/es\/wp-json\/wp\/v2\/pages\/3511\/revisions\/11017"}],"up":[{"embeddable":true,"href":"https:\/\/www.pagosaspringsmedicalcenter.org\/es\/wp-json\/wp\/v2\/pages\/2988"}],"wp:attachment":[{"href":"https:\/\/www.pagosaspringsmedicalcenter.org\/es\/wp-json\/wp\/v2\/media?parent=3511"}],"curies":[{"name":"gracias","href":"https:\/\/api.w.org\/{rel}","templated":true}]}}