{"id":3505,"date":"2021-02-09T09:41:13","date_gmt":"2021-02-09T16:41:13","guid":{"rendered":"http:\/\/pnh.wqd.mybluehost.me\/?page_id=3505"},"modified":"2026-01-08T08:38:07","modified_gmt":"2026-01-08T15:38:07","slug":"insurance-and-billing","status":"publish","type":"page","link":"https:\/\/www.pagosaspringsmedicalcenter.org\/es\/patients-visitors\/patient-and-visitor-guide\/insurance-and-billing\/","title":{"rendered":"Seguros y Facturaci\u00f3n"},"content":{"rendered":"<div data-elementor-type=\"wp-page\" data-elementor-id=\"3505\" class=\"elementor elementor-3505\" data-elementor-post-type=\"page\">\n\t\t\t\t\t\t<section class=\"elementor-section elementor-top-section elementor-element elementor-element-b53f7d4 elementor-section-boxed elementor-section-height-default elementor-section-height-default\" data-id=\"b53f7d4\" data-element_type=\"section\" data-e-type=\"section\">\n\t\t\t\t\t\t<div class=\"elementor-container elementor-column-gap-default\">\n\t\t\t\t\t<div class=\"elementor-column elementor-col-100 elementor-top-column elementor-element elementor-element-cfc6fe6\" data-id=\"cfc6fe6\" data-element_type=\"column\" data-e-type=\"column\">\n\t\t\t<div class=\"elementor-widget-wrap elementor-element-populated\">\n\t\t\t\t\t\t<div class=\"elementor-element elementor-element-a9eb894 elementor-widget elementor-widget-spacer\" data-id=\"a9eb894\" data-element_type=\"widget\" data-e-type=\"widget\" data-widget_type=\"spacer.default\">\n\t\t\t\t<div class=\"elementor-widget-container\">\n\t\t\t\t\t\t\t<div class=\"elementor-spacer\">\n\t\t\t<div class=\"elementor-spacer-inner\"><\/div>\n\t\t<\/div>\n\t\t\t\t\t\t<\/div>\n\t\t\t\t<\/div>\n\t\t\t\t<div class=\"elementor-element elementor-element-37940ad elementor-widget elementor-widget-text-editor\" data-id=\"37940ad\" data-element_type=\"widget\" data-e-type=\"widget\" data-widget_type=\"text-editor.default\">\n\t\t\t\t<div class=\"elementor-widget-container\">\n\t\t\t\t\t\t\t\t\t<p>Los Servicios Financieros para Pacientes de Pagosa Springs Medical Center est\u00e1n aqu\u00ed para brindarle una factura precisa, oportuna y f\u00e1cil de entender del hospital y\/o cl\u00ednica. Haga clic en los temas a continuaci\u00f3n para obtener informaci\u00f3n sobre facturaci\u00f3n y seguros.<\/p>\t\t\t\t\t\t\t\t<\/div>\n\t\t\t\t<\/div>\n\t\t\t\t\t<\/div>\n\t\t<\/div>\n\t\t\t\t\t<\/div>\n\t\t<\/section>\n\t\t\t\t<section class=\"elementor-section elementor-top-section elementor-element elementor-element-a32117e elementor-section-boxed elementor-section-height-default elementor-section-height-default\" data-id=\"a32117e\" data-element_type=\"section\" data-e-type=\"section\">\n\t\t\t\t\t\t<div class=\"elementor-container elementor-column-gap-default\">\n\t\t\t\t\t<div class=\"elementor-column elementor-col-50 elementor-top-column elementor-element elementor-element-a2f6df5\" data-id=\"a2f6df5\" data-element_type=\"column\" data-e-type=\"column\">\n\t\t\t<div class=\"elementor-widget-wrap elementor-element-populated\">\n\t\t\t\t\t\t<div class=\"elementor-element elementor-element-3511837 elementor-widget elementor-widget-toggle\" data-id=\"3511837\" data-element_type=\"widget\" data-e-type=\"widget\" data-widget_type=\"toggle.default\">\n\t\t\t\t<div class=\"elementor-widget-container\">\n\t\t\t\t\t\t\t<div class=\"elementor-toggle\">\n\t\t\t\t\t\t\t<div class=\"elementor-toggle-item\">\n\t\t\t\t\t<div id=\"elementor-tab-title-5561\" class=\"elementor-tab-title\" data-tab=\"1\" role=\"button\" aria-controls=\"elementor-tab-content-5561\" aria-expanded=\"false\">\n\t\t\t\t\t\t\t\t\t\t\t\t<span class=\"elementor-toggle-icon elementor-toggle-icon-left\" aria-hidden=\"true\">\n\t\t\t\t\t\t\t\t\t\t\t\t\t\t\t<span class=\"elementor-toggle-icon-closed\"><i class=\"fas fa-caret-right\"><\/i><\/span>\n\t\t\t\t\t\t\t\t<span class=\"elementor-toggle-icon-opened\"><i class=\"elementor-toggle-icon-opened fas fa-caret-up\"><\/i><\/span>\n\t\t\t\t\t\t\t\t\t\t\t\t\t<\/span>\n\t\t\t\t\t\t\t\t\t\t\t\t<a class=\"elementor-toggle-title\" tabindex=\"0\">veteranos<\/a>\n\t\t\t\t\t<\/div>\n\n\t\t\t\t\t<div id=\"elementor-tab-content-5561\" class=\"elementor-tab-content elementor-clearfix\" data-tab=\"1\" role=\"region\" aria-labelledby=\"elementor-tab-title-5561\"><p>PSMC participa en el Programa de atenci\u00f3n comunitaria para veteranos. Todos los servicios que no sean de emergencia deben ser autorizados previamente por el programa Veterans Choice. Los servicios de emergencia y para pacientes hospitalizados requieren notificaci\u00f3n al Programa de Elecci\u00f3n de Veteranos dentro de las 72 horas. Esta notificaci\u00f3n determinar\u00e1 si el servicio est\u00e1 autorizado en Pagosa Springs Medical Center o si ser\u00e1 necesario trasladar al veterano al centro de veteranos m\u00e1s cercano. La Cl\u00ednica de salud rural de PSMC sirve como un programa aprobado de Atenci\u00f3n de urgencia para veteranos. Respetamos todos los programas para veteranos.<\/p><\/div>\n\t\t\t\t<\/div>\n\t\t\t\t\t\t\t<div class=\"elementor-toggle-item\">\n\t\t\t\t\t<div id=\"elementor-tab-title-5562\" class=\"elementor-tab-title\" data-tab=\"2\" role=\"button\" aria-controls=\"elementor-tab-content-5562\" aria-expanded=\"false\">\n\t\t\t\t\t\t\t\t\t\t\t\t<span class=\"elementor-toggle-icon elementor-toggle-icon-left\" aria-hidden=\"true\">\n\t\t\t\t\t\t\t\t\t\t\t\t\t\t\t<span class=\"elementor-toggle-icon-closed\"><i class=\"fas fa-caret-right\"><\/i><\/span>\n\t\t\t\t\t\t\t\t<span class=\"elementor-toggle-icon-opened\"><i class=\"elementor-toggle-icon-opened fas fa-caret-up\"><\/i><\/span>\n\t\t\t\t\t\t\t\t\t\t\t\t\t<\/span>\n\t\t\t\t\t\t\t\t\t\t\t\t<a class=\"elementor-toggle-title\" tabindex=\"0\">Pacientes de accidentes automovil\u00edsticos<\/a>\n\t\t\t\t\t<\/div>\n\n\t\t\t\t\t<div id=\"elementor-tab-content-5562\" class=\"elementor-tab-content elementor-clearfix\" data-tab=\"2\" role=\"region\" aria-labelledby=\"elementor-tab-title-5562\"><p>Si ha estado en un accidente automovil\u00edstico, proporcione la siguiente informaci\u00f3n:<\/p><ul><li>Nombre y direcci\u00f3n de la compa\u00f1\u00eda de seguros de autom\u00f3viles<\/li><li>Nombre y n\u00famero de tel\u00e9fono del ajustador<\/li><li>Numero de reclamo<\/li><\/ul><p>Es pol\u00edtica de PSMC obtener un seguro de responsabilidad civil como pago principal por los servicios prestados a usted. Si tiene seguro de salud, se facturar\u00e1 una vez que se haya agotado el seguro de autom\u00f3vil.<\/p><\/div>\n\t\t\t\t<\/div>\n\t\t\t\t\t\t\t<div class=\"elementor-toggle-item\">\n\t\t\t\t\t<div id=\"elementor-tab-title-5563\" class=\"elementor-tab-title\" data-tab=\"3\" role=\"button\" aria-controls=\"elementor-tab-content-5563\" aria-expanded=\"false\">\n\t\t\t\t\t\t\t\t\t\t\t\t<span class=\"elementor-toggle-icon elementor-toggle-icon-left\" aria-hidden=\"true\">\n\t\t\t\t\t\t\t\t\t\t\t\t\t\t\t<span class=\"elementor-toggle-icon-closed\"><i class=\"fas fa-caret-right\"><\/i><\/span>\n\t\t\t\t\t\t\t\t<span class=\"elementor-toggle-icon-opened\"><i class=\"elementor-toggle-icon-opened fas fa-caret-up\"><\/i><\/span>\n\t\t\t\t\t\t\t\t\t\t\t\t\t<\/span>\n\t\t\t\t\t\t\t\t\t\t\t\t<a class=\"elementor-toggle-title\" tabindex=\"0\">Otras facturas que puede recibir<\/a>\n\t\t\t\t\t<\/div>\n\n\t\t\t\t\t<div id=\"elementor-tab-content-5563\" class=\"elementor-tab-content elementor-clearfix\" data-tab=\"3\" role=\"region\" aria-labelledby=\"elementor-tab-title-5563\"><p>La factura que reciba de Pagosa Springs Medical Center solo incluir\u00e1 los cargos por los servicios prestados por el hospital, los m\u00e9dicos empleados del hospital y la Cl\u00ednica.<\/p><p>Los m\u00e9dicos que no sean empleados del hospital facturar\u00e1n sus servicios por separado. Tambi\u00e9n puede recibir una factura de:<\/p><p>Radiolog\u00eda \u2013 Radiolog\u00eda Imaging Associates (303) 643-4500<br \/>Oftalmolog\u00eda \u2013 Cl\u00ednica Oftalmol\u00f3gica Four Corners (970) 507-4182<\/p><\/div>\n\t\t\t\t<\/div>\n\t\t\t\t\t\t\t\t<\/div>\n\t\t\t\t\t\t<\/div>\n\t\t\t\t<\/div>\n\t\t\t\t<div class=\"elementor-element elementor-element-1303513 elementor-widget elementor-widget-toggle\" data-id=\"1303513\" data-element_type=\"widget\" data-e-type=\"widget\" data-widget_type=\"toggle.default\">\n\t\t\t\t<div class=\"elementor-widget-container\">\n\t\t\t\t\t\t\t<div class=\"elementor-toggle\">\n\t\t\t\t\t\t\t<div class=\"elementor-toggle-item\">\n\t\t\t\t\t<div id=\"elementor-tab-title-1991\" class=\"elementor-tab-title\" data-tab=\"1\" role=\"button\" aria-controls=\"elementor-tab-content-1991\" aria-expanded=\"false\">\n\t\t\t\t\t\t\t\t\t\t\t\t<span class=\"elementor-toggle-icon elementor-toggle-icon-left\" aria-hidden=\"true\">\n\t\t\t\t\t\t\t\t\t\t\t\t\t\t\t<span class=\"elementor-toggle-icon-closed\"><i class=\"fas fa-caret-right\"><\/i><\/span>\n\t\t\t\t\t\t\t\t<span class=\"elementor-toggle-icon-opened\"><i class=\"elementor-toggle-icon-opened fas fa-caret-up\"><\/i><\/span>\n\t\t\t\t\t\t\t\t\t\t\t\t\t<\/span>\n\t\t\t\t\t\t\t\t\t\t\t\t<a class=\"elementor-toggle-title\" tabindex=\"0\">Ley de facturaci\u00f3n sin sorpresas<\/a>\n\t\t\t\t\t<\/div>\n\n\t\t\t\t\t<div id=\"elementor-tab-content-1991\" class=\"elementor-tab-content elementor-clearfix\" data-tab=\"1\" role=\"region\" aria-labelledby=\"elementor-tab-title-1991\"><p>Cuando recibe atenci\u00f3n de emergencia o es tratado por un proveedor fuera de la red en un hospital o centro quir\u00fargico ambulatorio dentro de la red, est\u00e1 protegido contra la facturaci\u00f3n del saldo. En estos casos, no se le debe cobrar m\u00e1s que los copagos, coseguro y\/o deducible de su plan.<br \/><strong><a href=\"https:\/\/www.pagosaspringsmedicalcenter.org\/wp-content\/uploads\/2026\/01\/Surprise-Billing-Patient-Notice-English.pdf\">LEER DOCUMENTO COMPLETO<\/a><\/strong><\/p><\/div>\n\t\t\t\t<\/div>\n\t\t\t\t\t\t\t<div class=\"elementor-toggle-item\">\n\t\t\t\t\t<div id=\"elementor-tab-title-1992\" class=\"elementor-tab-title\" data-tab=\"2\" role=\"button\" aria-controls=\"elementor-tab-content-1992\" aria-expanded=\"false\">\n\t\t\t\t\t\t\t\t\t\t\t\t<span class=\"elementor-toggle-icon elementor-toggle-icon-left\" aria-hidden=\"true\">\n\t\t\t\t\t\t\t\t\t\t\t\t\t\t\t<span class=\"elementor-toggle-icon-closed\"><i class=\"fas fa-caret-right\"><\/i><\/span>\n\t\t\t\t\t\t\t\t<span class=\"elementor-toggle-icon-opened\"><i class=\"elementor-toggle-icon-opened fas fa-caret-up\"><\/i><\/span>\n\t\t\t\t\t\t\t\t\t\t\t\t\t<\/span>\n\t\t\t\t\t\t\t\t\t\t\t\t<a class=\"elementor-toggle-title\" tabindex=\"0\">Seguro<\/a>\n\t\t\t\t\t<\/div>\n\n\t\t\t\t\t<div id=\"elementor-tab-content-1992\" class=\"elementor-tab-content elementor-clearfix\" data-tab=\"2\" role=\"region\" aria-labelledby=\"elementor-tab-title-1992\"><p>PSMC es un proveedor participante de la mayor\u00eda de los planes de seguro. PSMC presentar\u00e1 un reclamo a su compa\u00f1\u00eda de seguros. El procesamiento de la reclamaci\u00f3n suele tardar entre 30 y 45 d\u00edas. Poco despu\u00e9s de ese momento, deber\u00eda recibir una Explicaci\u00f3n de beneficios (EOB) de su compa\u00f1\u00eda de seguros que explique c\u00f3mo se proces\u00f3 su reclamo y si hay alg\u00fan monto que deba pagar, generalmente deducibles, copagos y\/o coseguro. Recibir\u00e1 una factura del hospital una vez que hayamos recibido el pago de su compa\u00f1\u00eda de seguros. PSMC extiende un descuento por pronto pago de 5% sobre el monto que nos debe si se paga en su totalidad dentro de los 30 d\u00edas de su primer estado de cuenta. Su cobertura de seguro es entre usted y su compa\u00f1\u00eda de seguros y es su responsabilidad saber qu\u00e9 incluyen los beneficios de su seguro.<\/p><\/div>\n\t\t\t\t<\/div>\n\t\t\t\t\t\t\t<div class=\"elementor-toggle-item\">\n\t\t\t\t\t<div id=\"elementor-tab-title-1993\" class=\"elementor-tab-title\" data-tab=\"3\" role=\"button\" aria-controls=\"elementor-tab-content-1993\" aria-expanded=\"false\">\n\t\t\t\t\t\t\t\t\t\t\t\t<span class=\"elementor-toggle-icon elementor-toggle-icon-left\" aria-hidden=\"true\">\n\t\t\t\t\t\t\t\t\t\t\t\t\t\t\t<span class=\"elementor-toggle-icon-closed\"><i class=\"fas fa-caret-right\"><\/i><\/span>\n\t\t\t\t\t\t\t\t<span class=\"elementor-toggle-icon-opened\"><i class=\"elementor-toggle-icon-opened fas fa-caret-up\"><\/i><\/span>\n\t\t\t\t\t\t\t\t\t\t\t\t\t<\/span>\n\t\t\t\t\t\t\t\t\t\t\t\t<a class=\"elementor-toggle-title\" tabindex=\"0\">Seguro de enfermedad<\/a>\n\t\t\t\t\t<\/div>\n\n\t\t\t\t\t<div id=\"elementor-tab-content-1993\" class=\"elementor-tab-content elementor-clearfix\" data-tab=\"3\" role=\"region\" aria-labelledby=\"elementor-tab-title-1993\"><p>PSMC tiene personal disponible que puede hablar con usted sobre la posibilidad de solicitar Medicaid. Para hablar con un asesor financiero sobre c\u00f3mo solicitar Medicaid, llame al (970) 585-1405.<\/p><\/div>\n\t\t\t\t<\/div>\n\t\t\t\t\t\t\t<div class=\"elementor-toggle-item\">\n\t\t\t\t\t<div id=\"elementor-tab-title-1994\" class=\"elementor-tab-title\" data-tab=\"4\" role=\"button\" aria-controls=\"elementor-tab-content-1994\" aria-expanded=\"false\">\n\t\t\t\t\t\t\t\t\t\t\t\t<span class=\"elementor-toggle-icon elementor-toggle-icon-left\" aria-hidden=\"true\">\n\t\t\t\t\t\t\t\t\t\t\t\t\t\t\t<span class=\"elementor-toggle-icon-closed\"><i class=\"fas fa-caret-right\"><\/i><\/span>\n\t\t\t\t\t\t\t\t<span class=\"elementor-toggle-icon-opened\"><i class=\"elementor-toggle-icon-opened fas fa-caret-up\"><\/i><\/span>\n\t\t\t\t\t\t\t\t\t\t\t\t\t<\/span>\n\t\t\t\t\t\t\t\t\t\t\t\t<a class=\"elementor-toggle-title\" tabindex=\"0\">Seguro m\u00e9dico del estado<\/a>\n\t\t\t\t\t<\/div>\n\n\t\t\t\t\t<div id=\"elementor-tab-content-1994\" class=\"elementor-tab-content elementor-clearfix\" data-tab=\"4\" role=\"region\" aria-labelledby=\"elementor-tab-title-1994\"><p>Medicare solo pagar\u00e1 por los servicios que determine que son &quot;razonables y necesarios&quot;. Si Medicare determina que un servicio en particular, aunque de otro modo estar\u00eda cubierto, \u201cno es razonable ni necesario\u201d seg\u00fan los est\u00e1ndares del programa de Medicare, Medicare denegar\u00e1 el pago de ese servicio. Antes de que se brinde el servicio, se le pedir\u00e1 que firme un Aviso anticipado al beneficiario (ABN), que identifica los servicios que pueden no estar cubiertos y de los cuales usted puede ser personalmente responsable.<\/p><\/div>\n\t\t\t\t<\/div>\n\t\t\t\t\t\t\t\t<\/div>\n\t\t\t\t\t\t<\/div>\n\t\t\t\t<\/div>\n\t\t\t\t\t<\/div>\n\t\t<\/div>\n\t\t\t\t<div class=\"elementor-column elementor-col-50 elementor-top-column elementor-element elementor-element-2d7f688\" data-id=\"2d7f688\" data-element_type=\"column\" data-e-type=\"column\">\n\t\t\t<div class=\"elementor-widget-wrap\">\n\t\t\t\t\t\t\t<\/div>\n\t\t<\/div>\n\t\t\t\t\t<\/div>\n\t\t<\/section>\n\t\t\t\t<section class=\"elementor-section elementor-top-section elementor-element elementor-element-6d8fbdd elementor-section-boxed elementor-section-height-default elementor-section-height-default\" data-id=\"6d8fbdd\" data-element_type=\"section\" data-e-type=\"section\">\n\t\t\t\t\t\t<div class=\"elementor-container elementor-column-gap-default\">\n\t\t\t\t\t<div class=\"elementor-column elementor-col-100 elementor-top-column elementor-element elementor-element-b6c1c63\" data-id=\"b6c1c63\" data-element_type=\"column\" data-e-type=\"column\">\n\t\t\t<div class=\"elementor-widget-wrap elementor-element-populated\">\n\t\t\t\t\t\t<div class=\"elementor-element elementor-element-38baa3c elementor-widget elementor-widget-text-editor\" data-id=\"38baa3c\" data-element_type=\"widget\" data-e-type=\"widget\" data-widget_type=\"text-editor.default\">\n\t\t\t\t<div class=\"elementor-widget-container\">\n\t\t\t\t\t\t\t\t\t<h5>Un Representante de Servicios Financieros para Pacientes est\u00e1 disponible para ayudarlo con cualquier pregunta que tenga sobre su factura del hospital.<\/h5><h4><strong>Contacto<\/strong><\/h4><div><strong>Servicios financieros para pacientes<\/strong><\/div><p><strong>Horas:<\/strong> Lunes-Viernes, 8:00 am a 4:30 pm<br \/><strong>Tel\u00e9fono: <a href=\"tel:970-507-3939\" target=\"_blank\" rel=\"noopener\">970-507-3939<\/a><br \/><\/strong><strong>FAX: <\/strong>970-731-1889<\/p><p><strong>Direcci\u00f3n de envio<br \/><\/strong>Centro M\u00e9dico Pagosa Springs<br \/>95 S. Pagosa Blvd.<br \/>Pagosa Springs, CO 81147<\/p>\t\t\t\t\t\t\t\t<\/div>\n\t\t\t\t<\/div>\n\t\t\t\t\t<\/div>\n\t\t<\/div>\n\t\t\t\t\t<\/div>\n\t\t<\/section>\n\t\t\t\t<\/div>","protected":false},"excerpt":{"rendered":"<p>Pagosa Springs Medical Center Patient Financial Services is here to provide you with an accurate, timely and easy to understand hospital and\/or clinic bill. Please click on the topics below for billing and insurance information. Veterans PSMC participates in the Veterans Community Care Program. All non-emergent services must be prior authorized by the Veterans Choice&#8230;<\/p>","protected":false},"author":8,"featured_media":0,"parent":2988,"menu_order":0,"comment_status":"closed","ping_status":"closed","template":"","meta":{"footnotes":""},"class_list":["post-3505","page","type-page","status-publish","hentry"],"yoast_head":"<!-- This site is optimized with the Yoast SEO plugin v27.3 - https:\/\/yoast.com\/product\/yoast-seo-wordpress\/ -->\n<title>Insurance and Billing - Pagosa Springs Medical Center<\/title>\n<meta name=\"robots\" content=\"index, follow, max-snippet:-1, max-image-preview:large, max-video-preview:-1\" \/>\n<link rel=\"canonical\" href=\"https:\/\/www.pagosaspringsmedicalcenter.org\/es\/patients-visitors\/patient-and-visitor-guide\/insurance-and-billing\/\" \/>\n<meta property=\"og:locale\" content=\"es_MX\" \/>\n<meta property=\"og:type\" content=\"article\" \/>\n<meta property=\"og:title\" content=\"Insurance and Billing - Pagosa Springs Medical Center\" \/>\n<meta property=\"og:description\" content=\"Pagosa Springs Medical Center Patient Financial Services is here to provide you with an accurate, timely and easy to understand hospital and\/or clinic bill. Please click on the topics below for billing and insurance information. Veterans PSMC participates in the Veterans Community Care Program. All non-emergent services must be prior authorized by the Veterans Choice...\" \/>\n<meta property=\"og:url\" content=\"https:\/\/www.pagosaspringsmedicalcenter.org\/es\/patients-visitors\/patient-and-visitor-guide\/insurance-and-billing\/\" \/>\n<meta property=\"og:site_name\" content=\"Pagosa Springs Medical Center\" \/>\n<meta property=\"article:publisher\" content=\"https:\/\/www.facebook.com\/psmedicalcenter\" \/>\n<meta property=\"article:modified_time\" content=\"2026-01-08T15:38:07+00:00\" \/>\n<script type=\"application\/ld+json\" class=\"yoast-schema-graph\">{\"@context\":\"https:\\\/\\\/schema.org\",\"@graph\":[{\"@type\":\"WebPage\",\"@id\":\"https:\\\/\\\/www.pagosaspringsmedicalcenter.org\\\/patients-visitors\\\/patient-and-visitor-guide\\\/insurance-and-billing\\\/\",\"url\":\"https:\\\/\\\/www.pagosaspringsmedicalcenter.org\\\/patients-visitors\\\/patient-and-visitor-guide\\\/insurance-and-billing\\\/\",\"name\":\"Insurance and Billing - Pagosa Springs Medical Center\",\"isPartOf\":{\"@id\":\"https:\\\/\\\/www.pagosaspringsmedicalcenter.org\\\/#website\"},\"datePublished\":\"2021-02-09T16:41:13+00:00\",\"dateModified\":\"2026-01-08T15:38:07+00:00\",\"breadcrumb\":{\"@id\":\"https:\\\/\\\/www.pagosaspringsmedicalcenter.org\\\/patients-visitors\\\/patient-and-visitor-guide\\\/insurance-and-billing\\\/#breadcrumb\"},\"inLanguage\":\"es\",\"potentialAction\":[{\"@type\":\"ReadAction\",\"target\":[\"https:\\\/\\\/www.pagosaspringsmedicalcenter.org\\\/patients-visitors\\\/patient-and-visitor-guide\\\/insurance-and-billing\\\/\"]}]},{\"@type\":\"BreadcrumbList\",\"@id\":\"https:\\\/\\\/www.pagosaspringsmedicalcenter.org\\\/patients-visitors\\\/patient-and-visitor-guide\\\/insurance-and-billing\\\/#breadcrumb\",\"itemListElement\":[{\"@type\":\"ListItem\",\"position\":1,\"name\":\"Home\",\"item\":\"https:\\\/\\\/www.pagosaspringsmedicalcenter.org\\\/\"},{\"@type\":\"ListItem\",\"position\":2,\"name\":\"Patients\\\/Visitors\",\"item\":\"https:\\\/\\\/www.pagosaspringsmedicalcenter.org\\\/patients-visitors\\\/\"},{\"@type\":\"ListItem\",\"position\":3,\"name\":\"Patient and Visitor Guide\",\"item\":\"https:\\\/\\\/www.pagosaspringsmedicalcenter.org\\\/patients-visitors\\\/patient-and-visitor-guide\\\/\"},{\"@type\":\"ListItem\",\"position\":4,\"name\":\"Insurance and Billing\"}]},{\"@type\":\"WebSite\",\"@id\":\"https:\\\/\\\/www.pagosaspringsmedicalcenter.org\\\/#website\",\"url\":\"https:\\\/\\\/www.pagosaspringsmedicalcenter.org\\\/\",\"name\":\"Pagosa Springs Medical Center\",\"description\":\"The care you deserve, in the mountains you love.\",\"publisher\":{\"@id\":\"https:\\\/\\\/www.pagosaspringsmedicalcenter.org\\\/#organization\"},\"potentialAction\":[{\"@type\":\"SearchAction\",\"target\":{\"@type\":\"EntryPoint\",\"urlTemplate\":\"https:\\\/\\\/www.pagosaspringsmedicalcenter.org\\\/?s={search_term_string}\"},\"query-input\":{\"@type\":\"PropertyValueSpecification\",\"valueRequired\":true,\"valueName\":\"search_term_string\"}}],\"inLanguage\":\"es\"},{\"@type\":\"Organization\",\"@id\":\"https:\\\/\\\/www.pagosaspringsmedicalcenter.org\\\/#organization\",\"name\":\"Pagosa Springs Medical Center\",\"url\":\"https:\\\/\\\/www.pagosaspringsmedicalcenter.org\\\/\",\"logo\":{\"@type\":\"ImageObject\",\"inLanguage\":\"es\",\"@id\":\"https:\\\/\\\/www.pagosaspringsmedicalcenter.org\\\/#\\\/schema\\\/logo\\\/image\\\/\",\"url\":\"https:\\\/\\\/www.pagosaspringsmedicalcenter.org\\\/wp-content\\\/uploads\\\/2023\\\/02\\\/New-Logo-2019-Green-and-Blue-PNG.png\",\"contentUrl\":\"https:\\\/\\\/www.pagosaspringsmedicalcenter.org\\\/wp-content\\\/uploads\\\/2023\\\/02\\\/New-Logo-2019-Green-and-Blue-PNG.png\",\"width\":2171,\"height\":814,\"caption\":\"Pagosa Springs Medical Center\"},\"image\":{\"@id\":\"https:\\\/\\\/www.pagosaspringsmedicalcenter.org\\\/#\\\/schema\\\/logo\\\/image\\\/\"},\"sameAs\":[\"https:\\\/\\\/www.facebook.com\\\/psmedicalcenter\"]}]}<\/script>\n<!-- \/ Yoast SEO plugin. -->","yoast_head_json":{"title":"Seguros y facturaci\u00f3n - Pagosa Springs Medical Center","robots":{"index":"index","follow":"follow","max-snippet":"max-snippet:-1","max-image-preview":"max-image-preview:large","max-video-preview":"max-video-preview:-1"},"canonical":"https:\/\/www.pagosaspringsmedicalcenter.org\/es\/patients-visitors\/patient-and-visitor-guide\/insurance-and-billing\/","og_locale":"es_MX","og_type":"article","og_title":"Insurance and Billing - Pagosa Springs Medical Center","og_description":"Pagosa Springs Medical Center Patient Financial Services is here to provide you with an accurate, timely and easy to understand hospital and\/or clinic bill. Please click on the topics below for billing and insurance information. Veterans PSMC participates in the Veterans Community Care Program. All non-emergent services must be prior authorized by the Veterans Choice...","og_url":"https:\/\/www.pagosaspringsmedicalcenter.org\/es\/patients-visitors\/patient-and-visitor-guide\/insurance-and-billing\/","og_site_name":"Pagosa Springs Medical Center","article_publisher":"https:\/\/www.facebook.com\/psmedicalcenter","article_modified_time":"2026-01-08T15:38:07+00:00","schema":{"@context":"https:\/\/schema.org","@graph":[{"@type":"WebPage","@id":"https:\/\/www.pagosaspringsmedicalcenter.org\/patients-visitors\/patient-and-visitor-guide\/insurance-and-billing\/","url":"https:\/\/www.pagosaspringsmedicalcenter.org\/patients-visitors\/patient-and-visitor-guide\/insurance-and-billing\/","name":"Seguros y facturaci\u00f3n - Pagosa Springs Medical Center","isPartOf":{"@id":"https:\/\/www.pagosaspringsmedicalcenter.org\/#website"},"datePublished":"2021-02-09T16:41:13+00:00","dateModified":"2026-01-08T15:38:07+00:00","breadcrumb":{"@id":"https:\/\/www.pagosaspringsmedicalcenter.org\/patients-visitors\/patient-and-visitor-guide\/insurance-and-billing\/#breadcrumb"},"inLanguage":"es","potentialAction":[{"@type":"ReadAction","target":["https:\/\/www.pagosaspringsmedicalcenter.org\/patients-visitors\/patient-and-visitor-guide\/insurance-and-billing\/"]}]},{"@type":"BreadcrumbList","@id":"https:\/\/www.pagosaspringsmedicalcenter.org\/patients-visitors\/patient-and-visitor-guide\/insurance-and-billing\/#breadcrumb","itemListElement":[{"@type":"ListItem","position":1,"name":"Home","item":"https:\/\/www.pagosaspringsmedicalcenter.org\/"},{"@type":"ListItem","position":2,"name":"Patients\/Visitors","item":"https:\/\/www.pagosaspringsmedicalcenter.org\/patients-visitors\/"},{"@type":"ListItem","position":3,"name":"Patient and Visitor Guide","item":"https:\/\/www.pagosaspringsmedicalcenter.org\/patients-visitors\/patient-and-visitor-guide\/"},{"@type":"ListItem","position":4,"name":"Insurance and Billing"}]},{"@type":"WebSite","@id":"https:\/\/www.pagosaspringsmedicalcenter.org\/#website","url":"https:\/\/www.pagosaspringsmedicalcenter.org\/","name":"Centro M\u00e9dico Pagosa Springs","description":"El cuidado que te mereces, en las monta\u00f1as que amas.","publisher":{"@id":"https:\/\/www.pagosaspringsmedicalcenter.org\/#organization"},"potentialAction":[{"@type":"SearchAction","target":{"@type":"EntryPoint","urlTemplate":"https:\/\/www.pagosaspringsmedicalcenter.org\/?s={search_term_string}"},"query-input":{"@type":"PropertyValueSpecification","valueRequired":true,"valueName":"search_term_string"}}],"inLanguage":"es"},{"@type":"Organization","@id":"https:\/\/www.pagosaspringsmedicalcenter.org\/#organization","name":"Centro M\u00e9dico Pagosa Springs","url":"https:\/\/www.pagosaspringsmedicalcenter.org\/","logo":{"@type":"ImageObject","inLanguage":"es","@id":"https:\/\/www.pagosaspringsmedicalcenter.org\/#\/schema\/logo\/image\/","url":"https:\/\/www.pagosaspringsmedicalcenter.org\/wp-content\/uploads\/2023\/02\/New-Logo-2019-Green-and-Blue-PNG.png","contentUrl":"https:\/\/www.pagosaspringsmedicalcenter.org\/wp-content\/uploads\/2023\/02\/New-Logo-2019-Green-and-Blue-PNG.png","width":2171,"height":814,"caption":"Pagosa Springs Medical Center"},"image":{"@id":"https:\/\/www.pagosaspringsmedicalcenter.org\/#\/schema\/logo\/image\/"},"sameAs":["https:\/\/www.facebook.com\/psmedicalcenter"]}]}},"_links":{"self":[{"href":"https:\/\/www.pagosaspringsmedicalcenter.org\/es\/wp-json\/wp\/v2\/pages\/3505","targetHints":{"allow":["GET"]}}],"collection":[{"href":"https:\/\/www.pagosaspringsmedicalcenter.org\/es\/wp-json\/wp\/v2\/pages"}],"about":[{"href":"https:\/\/www.pagosaspringsmedicalcenter.org\/es\/wp-json\/wp\/v2\/types\/page"}],"author":[{"embeddable":true,"href":"https:\/\/www.pagosaspringsmedicalcenter.org\/es\/wp-json\/wp\/v2\/users\/8"}],"replies":[{"embeddable":true,"href":"https:\/\/www.pagosaspringsmedicalcenter.org\/es\/wp-json\/wp\/v2\/comments?post=3505"}],"version-history":[{"count":15,"href":"https:\/\/www.pagosaspringsmedicalcenter.org\/es\/wp-json\/wp\/v2\/pages\/3505\/revisions"}],"predecessor-version":[{"id":15033,"href":"https:\/\/www.pagosaspringsmedicalcenter.org\/es\/wp-json\/wp\/v2\/pages\/3505\/revisions\/15033"}],"up":[{"embeddable":true,"href":"https:\/\/www.pagosaspringsmedicalcenter.org\/es\/wp-json\/wp\/v2\/pages\/2988"}],"wp:attachment":[{"href":"https:\/\/www.pagosaspringsmedicalcenter.org\/es\/wp-json\/wp\/v2\/media?parent=3505"}],"curies":[{"name":"gracias","href":"https:\/\/api.w.org\/{rel}","templated":true}]}}