{"id":2988,"date":"2019-07-15T20:08:35","date_gmt":"2019-07-16T02:08:35","guid":{"rendered":"https:\/\/pnh.wqd.mybluehost.me\/?page_id=2988"},"modified":"2025-12-30T10:31:38","modified_gmt":"2025-12-30T17:31:38","slug":"patient-and-visitor-guide","status":"publish","type":"page","link":"https:\/\/www.pagosaspringsmedicalcenter.org\/es\/patients-visitors\/patient-and-visitor-guide\/","title":{"rendered":"Gu\u00eda del paciente y del visitante"},"content":{"rendered":"<div data-elementor-type=\"wp-post\" data-elementor-id=\"2988\" class=\"elementor elementor-2988\" data-elementor-post-type=\"page\">\n\t\t\t\t\t\t<section class=\"elementor-section elementor-top-section elementor-element elementor-element-d6fadfa elementor-section-stretched elementor-section-boxed elementor-section-height-default elementor-section-height-default\" data-id=\"d6fadfa\" data-element_type=\"section\" data-e-type=\"section\" data-settings=\"{&quot;stretch_section&quot;:&quot;section-stretched&quot;,&quot;background_background&quot;:&quot;classic&quot;}\">\n\t\t\t\t\t\t\t<div class=\"elementor-background-overlay\"><\/div>\n\t\t\t\t\t\t\t<div class=\"elementor-container elementor-column-gap-no\">\n\t\t\t\t\t<div class=\"elementor-column elementor-col-33 elementor-top-column elementor-element elementor-element-dd9f333\" data-id=\"dd9f333\" data-element_type=\"column\" data-e-type=\"column\">\n\t\t\t<div class=\"elementor-widget-wrap elementor-element-populated\">\n\t\t\t\t\t\t<div class=\"elementor-element elementor-element-489200d elementor-widget elementor-widget-spacer\" data-id=\"489200d\" data-element_type=\"widget\" data-e-type=\"widget\" data-widget_type=\"spacer.default\">\n\t\t\t\t<div class=\"elementor-widget-container\">\n\t\t\t\t\t\t\t<div class=\"elementor-spacer\">\n\t\t\t<div class=\"elementor-spacer-inner\"><\/div>\n\t\t<\/div>\n\t\t\t\t\t\t<\/div>\n\t\t\t\t<\/div>\n\t\t\t\t<div class=\"elementor-element elementor-element-bd9974b elementor-widget elementor-widget-heading\" data-id=\"bd9974b\" data-element_type=\"widget\" data-e-type=\"widget\" data-widget_type=\"heading.default\">\n\t\t\t\t<div class=\"elementor-widget-container\">\n\t\t\t\t\t<h1 class=\"elementor-heading-title elementor-size-default\">Informaci\u00f3n de pacientes y visitantes<\/h1>\t\t\t\t<\/div>\n\t\t\t\t<\/div>\n\t\t\t\t<div class=\"elementor-element elementor-element-94e845e elementor-widget elementor-widget-rt-text-with-title\" data-id=\"94e845e\" data-element_type=\"widget\" data-e-type=\"widget\" data-widget_type=\"rt-text-with-title.default\">\n\t\t\t\t<div class=\"elementor-widget-container\">\n\t\t\t\t\t\r\n<div class=\"rt-el-twt-1 about-box-layout1\">\t\r\n\t<div class=\"item-content\">\r\n\t\t\t\t\t\t\t\t<h4>Gracias por elegir Pagosa Springs Medical Center.<\/h4><h4>Si es un paciente del PSMC, est\u00e1 visitando a un amigo o familiar, o est\u00e1 buscando m\u00e1s informaci\u00f3n sobre Pagosa Springs Medical Center, hemos recopilado una lista de enlaces \u00fatiles para ayudarlo a que su estad\u00eda o visita sea lo m\u00e1s simple posible.<\/h4><h4>\u00a1Acceda a formularios de pacientes, solicite registros m\u00e9dicos, pague su factura y m\u00e1s con solo un clic! Si tiene alguna pregunta sobre su informaci\u00f3n, comun\u00edquese con nosotros al 970-731-3700.<\/h4><h4>Horario de oficina comercial<br \/>Lunes-Viernes 8am-5pm<\/h4>\t\t\t\t\t<\/div>\r\n<\/div>\r\n\r\n\t\t\t\t<\/div>\n\t\t\t\t<\/div>\n\t\t\t\t\t<\/div>\n\t\t<\/div>\n\t\t\t\t<div class=\"elementor-column elementor-col-33 elementor-top-column elementor-element elementor-element-7915934\" data-id=\"7915934\" data-element_type=\"column\" data-e-type=\"column\">\n\t\t\t<div class=\"elementor-widget-wrap elementor-element-populated\">\n\t\t\t\t\t\t<div class=\"elementor-element elementor-element-3bd2092 elementor-widget elementor-widget-image\" data-id=\"3bd2092\" data-element_type=\"widget\" data-e-type=\"widget\" data-widget_type=\"image.default\">\n\t\t\t\t<div class=\"elementor-widget-container\">\n\t\t\t\t\t\t\t\t\t\t\t\t\t\t\t<img fetchpriority=\"high\" decoding=\"async\" width=\"1275\" height=\"2560\" src=\"data:image\/gif;base64,R0lGODlhAQABAAAAACH5BAEKAAEALAAAAAABAAEAAAICTAEAOw==\" class=\"attachment-full size-full wp-image-9939 lazyload\" alt=\"Profile of Dr. Stopher-Mitchell, Primary Care Clinic\" sizes=\"(max-width: 1275px) 100vw, 1275px\" data-src=\"https:\/\/www.pagosaspringsmedicalcenter.org\/wp-content\/uploads\/2022\/09\/Ryan-with-gradient-scaled.jpg\" data-srcset=\"https:\/\/www.pagosaspringsmedicalcenter.org\/wp-content\/uploads\/2022\/09\/Ryan-with-gradient-scaled.jpg 1275w, https:\/\/www.pagosaspringsmedicalcenter.org\/wp-content\/uploads\/2022\/09\/Ryan-with-gradient-149x300.jpg 149w, https:\/\/www.pagosaspringsmedicalcenter.org\/wp-content\/uploads\/2022\/09\/Ryan-with-gradient-510x1024.jpg 510w, https:\/\/www.pagosaspringsmedicalcenter.org\/wp-content\/uploads\/2022\/09\/Ryan-with-gradient-768x1542.jpg 768w, https:\/\/www.pagosaspringsmedicalcenter.org\/wp-content\/uploads\/2022\/09\/Ryan-with-gradient-765x1536.jpg 765w, https:\/\/www.pagosaspringsmedicalcenter.org\/wp-content\/uploads\/2022\/09\/Ryan-with-gradient-1020x2048.jpg 1020w\">\t\t\t\t\t\t\t\t\t\t\t\t\t\t\t<\/div>\n\t\t\t\t<\/div>\n\t\t\t\t\t<\/div>\n\t\t<\/div>\n\t\t\t\t<div class=\"elementor-column elementor-col-33 elementor-top-column elementor-element elementor-element-1383127\" data-id=\"1383127\" data-element_type=\"column\" data-e-type=\"column\">\n\t\t\t<div class=\"elementor-widget-wrap elementor-element-populated\">\n\t\t\t\t\t\t<div class=\"elementor-element elementor-element-a0817ca elementor-widget elementor-widget-rt-info-box\" data-id=\"a0817ca\" data-element_type=\"widget\" data-e-type=\"widget\" data-widget_type=\"rt-info-box.default\">\n\t\t\t\t<div class=\"elementor-widget-container\">\n\t\t\t\t\t\r\n<div class=\"about-box-layout2\">\r\n    <ul>\r\n        <li><a href=\"https:\/\/pagosaspringsmedicalcenter.pg.revenuemasters.com\/\"  target=\"&quot;_blank&quot;\">\r\n        \t\t\t\t\t<i class=\"fa fa-eye\" aria-hidden=\"true\"><\/i>\r\n\t\t\t\t\tTransparencia Financiera<\/a><\/li>       \r\n    <\/ul>\r\n<\/div>\t\t\t\t<\/div>\n\t\t\t\t<\/div>\n\t\t\t\t<div class=\"elementor-element elementor-element-8f6f31c elementor-widget elementor-widget-rt-info-box\" data-id=\"8f6f31c\" data-element_type=\"widget\" data-e-type=\"widget\" data-widget_type=\"rt-info-box.default\">\n\t\t\t\t<div class=\"elementor-widget-container\">\n\t\t\t\t\t\r\n<div class=\"about-box-layout2\">\r\n    <ul>\r\n        <li><a href=\"https:\/\/www.pagosaspringsmedicalcenter.org\/es\/hospital-discounted-care-program\/\"  target=\"&quot;_blank&quot;\" rel=\"&quot;nofollow&quot;\">\r\n        \t\t\t\t\t<i class=\"fa fa-file\" aria-hidden=\"true\"><\/i>\r\n\t\t\t\t\tAtenci\u00f3n hospitalaria con descuento<\/a><\/li>       \r\n    <\/ul>\r\n<\/div>\t\t\t\t<\/div>\n\t\t\t\t<\/div>\n\t\t\t\t<div class=\"elementor-element elementor-element-7d613f9 elementor-widget elementor-widget-rt-info-box\" data-id=\"7d613f9\" data-element_type=\"widget\" data-e-type=\"widget\" data-widget_type=\"rt-info-box.default\">\n\t\t\t\t<div class=\"elementor-widget-container\">\n\t\t\t\t\t\r\n<div class=\"about-box-layout2\">\r\n    <ul>\r\n        <li><a href=\"https:\/\/www.pagosaspringsmedicalcenter.org\/es\/financial-assistance\/\"  target=\"&quot;_blank&quot;\" rel=\"&quot;nofollow&quot;\">\r\n        \t\t\t\t\t<i class=\"fa fa-dollar\" aria-hidden=\"true\"><\/i>\r\n\t\t\t\t\tAsistencia financiera<\/a><\/li>       \r\n    <\/ul>\r\n<\/div>\t\t\t\t<\/div>\n\t\t\t\t<\/div>\n\t\t\t\t<div class=\"elementor-element elementor-element-5aad4d5 elementor-widget elementor-widget-rt-info-box\" data-id=\"5aad4d5\" data-element_type=\"widget\" data-e-type=\"widget\" data-widget_type=\"rt-info-box.default\">\n\t\t\t\t<div class=\"elementor-widget-container\">\n\t\t\t\t\t\r\n<div class=\"about-box-layout2\">\r\n    <ul>\r\n        <li><a href=\"https:\/\/www.pagosaspringsmedicalcenter.org\/es\/insurance-and-billing\/\"  target=\"&quot;_blank&quot;\">\r\n        \t\t\t\t\t<i class=\"fa fa-wpforms\" aria-hidden=\"true\"><\/i>\r\n\t\t\t\t\tSeguros y Facturaci\u00f3n<\/a><\/li>       \r\n    <\/ul>\r\n<\/div>\t\t\t\t<\/div>\n\t\t\t\t<\/div>\n\t\t\t\t<div class=\"elementor-element elementor-element-9ed4764 elementor-widget elementor-widget-rt-info-box\" data-id=\"9ed4764\" data-element_type=\"widget\" data-e-type=\"widget\" data-widget_type=\"rt-info-box.default\">\n\t\t\t\t<div class=\"elementor-widget-container\">\n\t\t\t\t\t\r\n<div class=\"about-box-layout2\">\r\n    <ul>\r\n        <li><a href=\"https:\/\/www.pagosaspringsmedicalcenter.org\/es\/medical-records\/\"  target=\"&quot;_blank&quot;\">\r\n        \t\t\t\t\t<i class=\"fa fa-save\" aria-hidden=\"true\"><\/i>\r\n\t\t\t\t\tRegistros m\u00e9dicos<\/a><\/li>       \r\n    <\/ul>\r\n<\/div>\t\t\t\t<\/div>\n\t\t\t\t<\/div>\n\t\t\t\t<div class=\"elementor-element elementor-element-e19738c elementor-widget elementor-widget-rt-info-box\" data-id=\"e19738c\" data-element_type=\"widget\" data-e-type=\"widget\" data-widget_type=\"rt-info-box.default\">\n\t\t\t\t<div class=\"elementor-widget-container\">\n\t\t\t\t\t\r\n<div class=\"about-box-layout2\">\r\n    <ul>\r\n        <li><a href=\"https:\/\/www.pagosaspringsmedicalcenter.org\/es\/new-patients\/\"  target=\"&quot;_blank&quot;\">\r\n        \t\t\t\t\t<i class=\"fa fa-edit\" aria-hidden=\"true\"><\/i>\r\n\t\t\t\t\tNuevos pacientes<\/a><\/li>       \r\n    <\/ul>\r\n<\/div>\t\t\t\t<\/div>\n\t\t\t\t<\/div>\n\t\t\t\t<div class=\"elementor-element elementor-element-5519572 elementor-widget elementor-widget-rt-info-box\" data-id=\"5519572\" data-element_type=\"widget\" data-e-type=\"widget\" data-widget_type=\"rt-info-box.default\">\n\t\t\t\t<div class=\"elementor-widget-container\">\n\t\t\t\t\t\r\n<div class=\"about-box-layout2\">\r\n    <ul>\r\n        <li><a href=\"https:\/\/www.pagosaspringsmedicalcenter.org\/es\/patient-portal\/\"  target=\"&quot;_blank&quot;\">\r\n        \t\t\t\t\t<i class=\"fa fa-desktop\" aria-hidden=\"true\"><\/i>\r\n\t\t\t\t\tPortal del paciente<\/a><\/li>       \r\n    <\/ul>\r\n<\/div>\t\t\t\t<\/div>\n\t\t\t\t<\/div>\n\t\t\t\t<div class=\"elementor-element elementor-element-16d11f3 elementor-widget elementor-widget-rt-info-box\" data-id=\"16d11f3\" data-element_type=\"widget\" data-e-type=\"widget\" data-widget_type=\"rt-info-box.default\">\n\t\t\t\t<div class=\"elementor-widget-container\">\n\t\t\t\t\t\r\n<div class=\"about-box-layout2\">\r\n    <ul>\r\n        <li><a href=\"https:\/\/www.pagosaspringsmedicalcenter.org\/es\/patient-rights\/\"  target=\"&quot;_blank&quot;\">\r\n        \t\t\t\t\t<i class=\"fa fa-user\" aria-hidden=\"true\"><\/i>\r\n\t\t\t\t\tDerechos del paciente<\/a><\/li>       \r\n    <\/ul>\r\n<\/div>\t\t\t\t<\/div>\n\t\t\t\t<\/div>\n\t\t\t\t<div class=\"elementor-element elementor-element-6e1b5e9 elementor-widget elementor-widget-rt-info-box\" data-id=\"6e1b5e9\" data-element_type=\"widget\" data-e-type=\"widget\" data-widget_type=\"rt-info-box.default\">\n\t\t\t\t<div class=\"elementor-widget-container\">\n\t\t\t\t\t\r\n<div class=\"about-box-layout2\">\r\n    <ul>\r\n        <li><a href=\"https:\/\/www.datapay3.com\/c\/PSMC\/login.asp\"  target=\"&quot;_blank&quot;\">\r\n        \t\t\t\t\t<i class=\"fa fa-credit-card\" aria-hidden=\"true\"><\/i>\r\n\t\t\t\t\tPagar mi cuenta<\/a><\/li>       \r\n    <\/ul>\r\n<\/div>\t\t\t\t<\/div>\n\t\t\t\t<\/div>\n\t\t\t\t<div class=\"elementor-element elementor-element-2ffc3aa elementor-widget elementor-widget-rt-info-box\" data-id=\"2ffc3aa\" data-element_type=\"widget\" data-e-type=\"widget\" data-widget_type=\"rt-info-box.default\">\n\t\t\t\t<div class=\"elementor-widget-container\">\n\t\t\t\t\t\r\n<div class=\"about-box-layout2\">\r\n    <ul>\r\n        <li><a href=\"https:\/\/www.pagosaspringsmedicalcenter.org\/es\/other\/\"  target=\"&quot;_blank&quot;\">\r\n        \t\t\t\t\t<i class=\"fa fa-info-circle\" aria-hidden=\"true\"><\/i>\r\n\t\t\t\t\tOtro<\/a><\/li>       \r\n    <\/ul>\r\n<\/div>\t\t\t\t<\/div>\n\t\t\t\t<\/div>\n\t\t\t\t\t<\/div>\n\t\t<\/div>\n\t\t\t\t\t<\/div>\n\t\t<\/section>\n\t\t\t\t<\/div>","protected":false},"excerpt":{"rendered":"<p>Informaci\u00f3n para pacientes y visitantes Gracias por elegir Pagosa Springs Medical Center. Si es paciente de PSMC, est\u00e1 visitando a un amigo o familiar o est\u00e1 buscando m\u00e1s informaci\u00f3n sobre Pagosa Springs Medical Center, hemos reunido una lista de enlaces \u00fatiles para que su estad\u00eda o visita sea lo m\u00e1s sencilla posible. Acceda\u2026<\/p>","protected":false},"author":8,"featured_media":0,"parent":2970,"menu_order":52,"comment_status":"closed","ping_status":"closed","template":"","meta":{"footnotes":""},"class_list":["post-2988","page","type-page","status-publish","hentry"],"yoast_head":"<!-- This site is optimized with the Yoast SEO plugin v27.4 - https:\/\/yoast.com\/product\/yoast-seo-wordpress\/ -->\n<title>Patient and Visitor Guide - Pagosa Springs Medical Center<\/title>\n<meta name=\"description\" content=\"If you are a PSMC patient, are visiting a friend or family member, or are looking for more information about Pagosa Springs Medical Center, we&#039;ve gathered a list of helpful links on our Patient and Visitor Guide to help make your stay or visit as simple as possible. Access patient forms, request medical records, pay your bill and more with just a click! If you have any questions about your information, please contact us at 970-731-3700. Business Office Hours are Monday-Friday 8am-5pm\" \/>\n<meta name=\"robots\" content=\"index, follow, max-snippet:-1, max-image-preview:large, max-video-preview:-1\" \/>\n<link rel=\"canonical\" href=\"https:\/\/www.pagosaspringsmedicalcenter.org\/es\/patients-visitors\/patient-and-visitor-guide\/\" \/>\n<meta property=\"og:locale\" content=\"es_MX\" \/>\n<meta property=\"og:type\" content=\"article\" \/>\n<meta property=\"og:title\" content=\"Patient and Visitor Guide - Pagosa Springs Medical Center\" \/>\n<meta property=\"og:description\" content=\"If you are a PSMC patient, are visiting a friend or family member, or are looking for more information about Pagosa Springs Medical Center, we&#039;ve gathered a list of helpful links on our Patient and Visitor Guide to help make your stay or visit as simple as possible. Access patient forms, request medical records, pay your bill and more with just a click! If you have any questions about your information, please contact us at 970-731-3700. Business Office Hours are Monday-Friday 8am-5pm\" \/>\n<meta property=\"og:url\" content=\"https:\/\/www.pagosaspringsmedicalcenter.org\/es\/patients-visitors\/patient-and-visitor-guide\/\" \/>\n<meta property=\"og:site_name\" content=\"Pagosa Springs Medical Center\" \/>\n<meta property=\"article:publisher\" content=\"https:\/\/www.facebook.com\/psmedicalcenter\" \/>\n<meta property=\"article:modified_time\" content=\"2025-12-30T17:31:38+00:00\" \/>\n<meta property=\"og:image\" content=\"https:\/\/www.pagosaspringsmedicalcenter.org\/wp-content\/uploads\/2022\/09\/Ryan-with-gradient-scaled.jpg\" \/>\n\t<meta property=\"og:image:width\" content=\"1275\" \/>\n\t<meta property=\"og:image:height\" content=\"2560\" \/>\n\t<meta property=\"og:image:type\" content=\"image\/jpeg\" \/>\n<script type=\"application\/ld+json\" class=\"yoast-schema-graph\">{\"@context\":\"https:\\\/\\\/schema.org\",\"@graph\":[{\"@type\":\"WebPage\",\"@id\":\"https:\\\/\\\/www.pagosaspringsmedicalcenter.org\\\/patients-visitors\\\/patient-and-visitor-guide\\\/\",\"url\":\"https:\\\/\\\/www.pagosaspringsmedicalcenter.org\\\/patients-visitors\\\/patient-and-visitor-guide\\\/\",\"name\":\"Patient and Visitor Guide - Pagosa Springs Medical Center\",\"isPartOf\":{\"@id\":\"https:\\\/\\\/www.pagosaspringsmedicalcenter.org\\\/#website\"},\"primaryImageOfPage\":{\"@id\":\"https:\\\/\\\/www.pagosaspringsmedicalcenter.org\\\/patients-visitors\\\/patient-and-visitor-guide\\\/#primaryimage\"},\"image\":{\"@id\":\"https:\\\/\\\/www.pagosaspringsmedicalcenter.org\\\/patients-visitors\\\/patient-and-visitor-guide\\\/#primaryimage\"},\"thumbnailUrl\":\"https:\\\/\\\/www.pagosaspringsmedicalcenter.org\\\/wp-content\\\/uploads\\\/2022\\\/09\\\/Ryan-with-gradient-scaled.jpg\",\"datePublished\":\"2019-07-16T02:08:35+00:00\",\"dateModified\":\"2025-12-30T17:31:38+00:00\",\"description\":\"If you are a PSMC patient, are visiting a friend or family member, or are looking for more information about Pagosa Springs Medical Center, we've gathered a list of helpful links on our Patient and Visitor Guide to help make your stay or visit as simple as possible. Access patient forms, request medical records, pay your bill and more with just a click! If you have any questions about your information, please contact us at 970-731-3700. Business Office Hours are Monday-Friday 8am-5pm\",\"breadcrumb\":{\"@id\":\"https:\\\/\\\/www.pagosaspringsmedicalcenter.org\\\/patients-visitors\\\/patient-and-visitor-guide\\\/#breadcrumb\"},\"inLanguage\":\"es\",\"potentialAction\":[{\"@type\":\"ReadAction\",\"target\":[\"https:\\\/\\\/www.pagosaspringsmedicalcenter.org\\\/patients-visitors\\\/patient-and-visitor-guide\\\/\"]}]},{\"@type\":\"ImageObject\",\"inLanguage\":\"es\",\"@id\":\"https:\\\/\\\/www.pagosaspringsmedicalcenter.org\\\/patients-visitors\\\/patient-and-visitor-guide\\\/#primaryimage\",\"url\":\"https:\\\/\\\/www.pagosaspringsmedicalcenter.org\\\/wp-content\\\/uploads\\\/2022\\\/09\\\/Ryan-with-gradient-scaled.jpg\",\"contentUrl\":\"https:\\\/\\\/www.pagosaspringsmedicalcenter.org\\\/wp-content\\\/uploads\\\/2022\\\/09\\\/Ryan-with-gradient-scaled.jpg\"},{\"@type\":\"BreadcrumbList\",\"@id\":\"https:\\\/\\\/www.pagosaspringsmedicalcenter.org\\\/patients-visitors\\\/patient-and-visitor-guide\\\/#breadcrumb\",\"itemListElement\":[{\"@type\":\"ListItem\",\"position\":1,\"name\":\"Home\",\"item\":\"https:\\\/\\\/www.pagosaspringsmedicalcenter.org\\\/\"},{\"@type\":\"ListItem\",\"position\":2,\"name\":\"Patients\\\/Visitors\",\"item\":\"https:\\\/\\\/www.pagosaspringsmedicalcenter.org\\\/patients-visitors\\\/\"},{\"@type\":\"ListItem\",\"position\":3,\"name\":\"Patient and Visitor Guide\"}]},{\"@type\":\"WebSite\",\"@id\":\"https:\\\/\\\/www.pagosaspringsmedicalcenter.org\\\/#website\",\"url\":\"https:\\\/\\\/www.pagosaspringsmedicalcenter.org\\\/\",\"name\":\"Pagosa Springs Medical Center\",\"description\":\"The care you deserve, in the mountains you love.\",\"publisher\":{\"@id\":\"https:\\\/\\\/www.pagosaspringsmedicalcenter.org\\\/#organization\"},\"potentialAction\":[{\"@type\":\"SearchAction\",\"target\":{\"@type\":\"EntryPoint\",\"urlTemplate\":\"https:\\\/\\\/www.pagosaspringsmedicalcenter.org\\\/?s={search_term_string}\"},\"query-input\":{\"@type\":\"PropertyValueSpecification\",\"valueRequired\":true,\"valueName\":\"search_term_string\"}}],\"inLanguage\":\"es\"},{\"@type\":\"Organization\",\"@id\":\"https:\\\/\\\/www.pagosaspringsmedicalcenter.org\\\/#organization\",\"name\":\"Pagosa Springs Medical Center\",\"url\":\"https:\\\/\\\/www.pagosaspringsmedicalcenter.org\\\/\",\"logo\":{\"@type\":\"ImageObject\",\"inLanguage\":\"es\",\"@id\":\"https:\\\/\\\/www.pagosaspringsmedicalcenter.org\\\/#\\\/schema\\\/logo\\\/image\\\/\",\"url\":\"https:\\\/\\\/www.pagosaspringsmedicalcenter.org\\\/wp-content\\\/uploads\\\/2023\\\/02\\\/New-Logo-2019-Green-and-Blue-PNG.png\",\"contentUrl\":\"https:\\\/\\\/www.pagosaspringsmedicalcenter.org\\\/wp-content\\\/uploads\\\/2023\\\/02\\\/New-Logo-2019-Green-and-Blue-PNG.png\",\"width\":2171,\"height\":814,\"caption\":\"Pagosa Springs Medical Center\"},\"image\":{\"@id\":\"https:\\\/\\\/www.pagosaspringsmedicalcenter.org\\\/#\\\/schema\\\/logo\\\/image\\\/\"},\"sameAs\":[\"https:\\\/\\\/www.facebook.com\\\/psmedicalcenter\"]}]}<\/script>\n<!-- \/ Yoast SEO plugin. -->","yoast_head_json":{"title":"Gu\u00eda para pacientes y visitantes - Centro M\u00e9dico Pagosa Springs","description":"Si es paciente de PSMC, visita a un amigo o familiar, o busca m\u00e1s informaci\u00f3n sobre el Centro M\u00e9dico Pagosa Springs, hemos recopilado una lista de enlaces \u00fatiles en nuestra Gu\u00eda para Pacientes y Visitantes para que su estancia o visita sea lo m\u00e1s sencilla posible. Acceda a formularios para pacientes, solicite historiales m\u00e9dicos, pague su factura y mucho m\u00e1s con un solo clic. Si tiene alguna pregunta sobre su informaci\u00f3n, cont\u00e1ctenos al 970-731-3700. El horario de atenci\u00f3n es de lunes a viernes de 8:00 a. m. a 5:00 p. m.","robots":{"index":"index","follow":"follow","max-snippet":"max-snippet:-1","max-image-preview":"max-image-preview:large","max-video-preview":"max-video-preview:-1"},"canonical":"https:\/\/www.pagosaspringsmedicalcenter.org\/es\/patients-visitors\/patient-and-visitor-guide\/","og_locale":"es_MX","og_type":"article","og_title":"Patient and Visitor Guide - Pagosa Springs Medical Center","og_description":"If you are a PSMC patient, are visiting a friend or family member, or are looking for more information about Pagosa Springs Medical Center, we've gathered a list of helpful links on our Patient and Visitor Guide to help make your stay or visit as simple as possible. Access patient forms, request medical records, pay your bill and more with just a click! If you have any questions about your information, please contact us at 970-731-3700. Business Office Hours are Monday-Friday 8am-5pm","og_url":"https:\/\/www.pagosaspringsmedicalcenter.org\/es\/patients-visitors\/patient-and-visitor-guide\/","og_site_name":"Pagosa Springs Medical Center","article_publisher":"https:\/\/www.facebook.com\/psmedicalcenter","article_modified_time":"2025-12-30T17:31:38+00:00","og_image":[{"width":1275,"height":2560,"url":"https:\/\/www.pagosaspringsmedicalcenter.org\/wp-content\/uploads\/2022\/09\/Ryan-with-gradient-scaled.jpg","type":"image\/jpeg"}],"schema":{"@context":"https:\/\/schema.org","@graph":[{"@type":"WebPage","@id":"https:\/\/www.pagosaspringsmedicalcenter.org\/patients-visitors\/patient-and-visitor-guide\/","url":"https:\/\/www.pagosaspringsmedicalcenter.org\/patients-visitors\/patient-and-visitor-guide\/","name":"Gu\u00eda para pacientes y visitantes - Centro M\u00e9dico Pagosa Springs","isPartOf":{"@id":"https:\/\/www.pagosaspringsmedicalcenter.org\/#website"},"primaryImageOfPage":{"@id":"https:\/\/www.pagosaspringsmedicalcenter.org\/patients-visitors\/patient-and-visitor-guide\/#primaryimage"},"image":{"@id":"https:\/\/www.pagosaspringsmedicalcenter.org\/patients-visitors\/patient-and-visitor-guide\/#primaryimage"},"thumbnailUrl":"https:\/\/www.pagosaspringsmedicalcenter.org\/wp-content\/uploads\/2022\/09\/Ryan-with-gradient-scaled.jpg","datePublished":"2019-07-16T02:08:35+00:00","dateModified":"2025-12-30T17:31:38+00:00","description":"Si es paciente de PSMC, visita a un amigo o familiar, o busca m\u00e1s informaci\u00f3n sobre el Centro M\u00e9dico Pagosa Springs, hemos recopilado una lista de enlaces \u00fatiles en nuestra Gu\u00eda para Pacientes y Visitantes para que su estancia o visita sea lo m\u00e1s sencilla posible. Acceda a formularios para pacientes, solicite historiales m\u00e9dicos, pague su factura y mucho m\u00e1s con un solo clic. Si tiene alguna pregunta sobre su informaci\u00f3n, cont\u00e1ctenos al 970-731-3700. El horario de atenci\u00f3n es de lunes a viernes de 8:00 a. m. a 5:00 p. m.","breadcrumb":{"@id":"https:\/\/www.pagosaspringsmedicalcenter.org\/patients-visitors\/patient-and-visitor-guide\/#breadcrumb"},"inLanguage":"es","potentialAction":[{"@type":"ReadAction","target":["https:\/\/www.pagosaspringsmedicalcenter.org\/patients-visitors\/patient-and-visitor-guide\/"]}]},{"@type":"ImageObject","inLanguage":"es","@id":"https:\/\/www.pagosaspringsmedicalcenter.org\/patients-visitors\/patient-and-visitor-guide\/#primaryimage","url":"https:\/\/www.pagosaspringsmedicalcenter.org\/wp-content\/uploads\/2022\/09\/Ryan-with-gradient-scaled.jpg","contentUrl":"https:\/\/www.pagosaspringsmedicalcenter.org\/wp-content\/uploads\/2022\/09\/Ryan-with-gradient-scaled.jpg"},{"@type":"BreadcrumbList","@id":"https:\/\/www.pagosaspringsmedicalcenter.org\/patients-visitors\/patient-and-visitor-guide\/#breadcrumb","itemListElement":[{"@type":"ListItem","position":1,"name":"Home","item":"https:\/\/www.pagosaspringsmedicalcenter.org\/"},{"@type":"ListItem","position":2,"name":"Patients\/Visitors","item":"https:\/\/www.pagosaspringsmedicalcenter.org\/patients-visitors\/"},{"@type":"ListItem","position":3,"name":"Patient and Visitor Guide"}]},{"@type":"WebSite","@id":"https:\/\/www.pagosaspringsmedicalcenter.org\/#website","url":"https:\/\/www.pagosaspringsmedicalcenter.org\/","name":"Centro M\u00e9dico Pagosa Springs","description":"El cuidado que te mereces, en las monta\u00f1as que amas.","publisher":{"@id":"https:\/\/www.pagosaspringsmedicalcenter.org\/#organization"},"potentialAction":[{"@type":"SearchAction","target":{"@type":"EntryPoint","urlTemplate":"https:\/\/www.pagosaspringsmedicalcenter.org\/?s={search_term_string}"},"query-input":{"@type":"PropertyValueSpecification","valueRequired":true,"valueName":"search_term_string"}}],"inLanguage":"es"},{"@type":"Organization","@id":"https:\/\/www.pagosaspringsmedicalcenter.org\/#organization","name":"Centro M\u00e9dico Pagosa Springs","url":"https:\/\/www.pagosaspringsmedicalcenter.org\/","logo":{"@type":"ImageObject","inLanguage":"es","@id":"https:\/\/www.pagosaspringsmedicalcenter.org\/#\/schema\/logo\/image\/","url":"https:\/\/www.pagosaspringsmedicalcenter.org\/wp-content\/uploads\/2023\/02\/New-Logo-2019-Green-and-Blue-PNG.png","contentUrl":"https:\/\/www.pagosaspringsmedicalcenter.org\/wp-content\/uploads\/2023\/02\/New-Logo-2019-Green-and-Blue-PNG.png","width":2171,"height":814,"caption":"Pagosa Springs Medical Center"},"image":{"@id":"https:\/\/www.pagosaspringsmedicalcenter.org\/#\/schema\/logo\/image\/"},"sameAs":["https:\/\/www.facebook.com\/psmedicalcenter"]}]}},"_links":{"self":[{"href":"https:\/\/www.pagosaspringsmedicalcenter.org\/es\/wp-json\/wp\/v2\/pages\/2988","targetHints":{"allow":["GET"]}}],"collection":[{"href":"https:\/\/www.pagosaspringsmedicalcenter.org\/es\/wp-json\/wp\/v2\/pages"}],"about":[{"href":"https:\/\/www.pagosaspringsmedicalcenter.org\/es\/wp-json\/wp\/v2\/types\/page"}],"author":[{"embeddable":true,"href":"https:\/\/www.pagosaspringsmedicalcenter.org\/es\/wp-json\/wp\/v2\/users\/8"}],"replies":[{"embeddable":true,"href":"https:\/\/www.pagosaspringsmedicalcenter.org\/es\/wp-json\/wp\/v2\/comments?post=2988"}],"version-history":[{"count":15,"href":"https:\/\/www.pagosaspringsmedicalcenter.org\/es\/wp-json\/wp\/v2\/pages\/2988\/revisions"}],"predecessor-version":[{"id":15009,"href":"https:\/\/www.pagosaspringsmedicalcenter.org\/es\/wp-json\/wp\/v2\/pages\/2988\/revisions\/15009"}],"up":[{"embeddable":true,"href":"https:\/\/www.pagosaspringsmedicalcenter.org\/es\/wp-json\/wp\/v2\/pages\/2970"}],"wp:attachment":[{"href":"https:\/\/www.pagosaspringsmedicalcenter.org\/es\/wp-json\/wp\/v2\/media?parent=2988"}],"curies":[{"name":"gracias","href":"https:\/\/api.w.org\/{rel}","templated":true}]}}